{"id":1021,"date":"2022-03-29T17:12:40","date_gmt":"2022-03-29T15:12:40","guid":{"rendered":"https:\/\/meteocameroon.gov.cm\/?page_id=1021"},"modified":"2022-03-29T17:14:12","modified_gmt":"2022-03-29T15:14:12","slug":"plan-du-site","status":"publish","type":"page","link":"https:\/\/meteocameroon.gov.cm\/en\/plan-du-site\/","title":{"rendered":"Sitemap"},"content":{"rendered":"<style type=\"text\/css\">.simple-sitemap-container-69f329ed61711.tab-enabled .panel { border-top: 4px solid #de5737; } .simple-sitemap-container-69f329ed61711.tab-enabled input:checked + label { background-color: #de5737; } .simple-sitemap-container-69f329ed61711.tab-enabled input:checked + label > * { color: #ffffff; } <\/style><div id=\"simple-sitemap-container-69f329ed61711\" class=\"simple-sitemap-container simple-sitemap-container-69f329ed61711 tab-enabled\"><input type=\"radio\" name=\"tab-69f329ed61711\" id=\"simple-sitemap-tab-1-69f329ed61711\" checked>\n\t\t\t\t<label style=\"&quot;padding:10px\" 20px;&quot; for=\"simple-sitemap-tab-1-69f329ed61711\"><h3 class=\"post-type\">Pages<\/h3><\/label><div class=\"simple-sitemap-content\"><div class=\"simple-sitemap-wrap simple-sitemap-tab-1 panel\"><ul class=\"simple-sitemap-page main\"><li class=\"sitemap-item page_item page-item-197\"><a href=\"https:\/\/meteocameroon.gov.cm\/en\/a-propos\/\">About us<\/a><\/li>\n<li class=\"sitemap-item page_item page-item-377\"><a href=\"https:\/\/meteocameroon.gov.cm\/en\/\">Home<\/a><\/li>\n<li class=\"sitemap-item page_item page-item-11\"><a href=\"https:\/\/meteocameroon.gov.cm\/en\/actualites\/\">News<\/a><\/li>\n<li class=\"sitemap-item page_item page-item-1006\"><a href=\"https:\/\/meteocameroon.gov.cm\/en\/bibliotheque\/\">Library<\/a><\/li>\n<li class=\"sitemap-item page_item page-item-2246\"><a href=\"https:\/\/meteocameroon.gov.cm\/en\/checkout-2\/\">Checkout<\/a><\/li>\n<li class=\"sitemap-item page_item page-item-4687\"><a href=\"https:\/\/meteocameroon.gov.cm\/en\/climsa\/\">ClimSA<\/a><\/li>\n<li class=\"sitemap-item page_item page-item-1694\"><a href=\"https:\/\/meteocameroon.gov.cm\/en\/connexion\/\">Connexion<\/a><\/li>\n<li class=\"sitemap-item page_item page-item-4181\"><a href=\"https:\/\/meteocameroon.gov.cm\/en\/connexion-rfsc-yaounde\/\">Connexion RFSC-Yaound\u00e9<\/a><\/li>\n<li class=\"sitemap-item page_item page-item-223\"><a href=\"https:\/\/meteocameroon.gov.cm\/en\/contact\/\">Contact<\/a><\/li>\n<li class=\"sitemap-item page_item page-item-3866\"><a href=\"https:\/\/meteocameroon.gov.cm\/en\/demande-dinscription\/\">Demande d&#8217;inscription<\/a><\/li>\n<li class=\"sitemap-item page_item page-item-1515\"><a href=\"https:\/\/meteocameroon.gov.cm\/en\/demande-de-donnees\/\">Datas request<\/a><\/li>\n<li class=\"sitemap-item page_item page-item-1046\"><a href=\"https:\/\/meteocameroon.gov.cm\/en\/donnees-meteorologiques\/\">Meteorolocal Datas<\/a><\/li>\n<li class=\"sitemap-item page_item page-item-5120\"><a href=\"https:\/\/meteocameroon.gov.cm\/en\/ecmwf-ens-gefs-icon-eps\/\">ECMWF ENS\/ GEFS \/ICON-EPS<\/a><\/li>\n<li class=\"sitemap-item page_item page-item-998 page_item_has_children\"><a href=\"https:\/\/meteocameroon.gov.cm\/en\/ecole-de-formation\/\">Training School<\/a>\n<ul class='children'>\n\t<li class=\"sitemap-item page_item page-item-1465\"><a href=\"https:\/\/meteocameroon.gov.cm\/en\/ecole-de-formation\/ecole-nationale-superieure-polytechnique-de-yaounde\/\">National Advanced School of Engineering, Yaounde<\/a><\/li>\n\t<li class=\"sitemap-item page_item page-item-1446\"><a href=\"https:\/\/meteocameroon.gov.cm\/en\/ecole-de-formation\/ecole-superieure-polytechnique-de-maroua-formation\/\">Polytechnique de Maroua<\/a><\/li>\n<\/ul>\n<\/li>\n<li class=\"sitemap-item page_item page-item-5168\"><a href=\"https:\/\/meteocameroon.gov.cm\/en\/editeur-rfsc-produits-dorientation\/\">\u00c9diteur RFSC \u2013 Produits d\u2019Orientation<\/a><\/li>\n<li class=\"sitemap-item page_item page-item-1913\"><a href=\"https:\/\/meteocameroon.gov.cm\/en\/espace-partenaire\/\">Parthner space<\/a><\/li>\n<li class=\"sitemap-item page_item page-item-1008\"><a href=\"https:\/\/meteocameroon.gov.cm\/en\/events\/\">Event<\/a><\/li>\n<li class=\"sitemap-item page_item page-item-238\"><a href=\"https:\/\/meteocameroon.gov.cm\/en\/faq\/\">FAQ<\/a><\/li>\n<li class=\"sitemap-item page_item page-item-4243\"><a href=\"https:\/\/meteocameroon.gov.cm\/en\/formulaire-de-saisi-de-lorganisateur-organisatrice\/\">Formulaire de saisi de l\u2019organisateur\/organisatrice<\/a><\/li>\n<li class=\"sitemap-item page_item page-item-4246\"><a href=\"https:\/\/meteocameroon.gov.cm\/en\/formulaire-de-soumission-de-lieu\/\">Formulaire de soumission de lieu<\/a><\/li>\n<li class=\"sitemap-item page_item page-item-4759\"><a href=\"https:\/\/meteocameroon.gov.cm\/en\/home-2\/\">Home 2<\/a><\/li>\n<li class=\"sitemap-item page_item page-item-4248\"><a href=\"https:\/\/meteocameroon.gov.cm\/en\/lieu-de-levenement\/\">Lieu de l\u2019\u00e9v\u00e8nement<\/a><\/li>\n<li class=\"sitemap-item page_item page-item-4047\"><a href=\"https:\/\/meteocameroon.gov.cm\/en\/meteo-severe\/\">Severe weather<\/a><\/li>\n<li class=\"sitemap-item page_item page-item-4811\"><a href=\"https:\/\/meteocameroon.gov.cm\/en\/meteogramme-ecmwf\/\">Meteogramme-ECMWF<\/a><\/li>\n<li class=\"sitemap-item page_item page-item-4813\"><a href=\"https:\/\/meteocameroon.gov.cm\/en\/nwcsaf\/\">NWCSAF<\/a><\/li>\n<li class=\"sitemap-item page_item page-item-4815\"><a href=\"https:\/\/meteocameroon.gov.cm\/en\/nwps\/\">NWPs<\/a><\/li>\n<li class=\"sitemap-item page_item page-item-2247\"><a href=\"https:\/\/meteocameroon.gov.cm\/en\/order-confirmation\/\">Order Confirmation<\/a><\/li>\n<li class=\"sitemap-item page_item page-item-2248\"><a href=\"https:\/\/meteocameroon.gov.cm\/en\/order-failed\/\">Order Failed<\/a><\/li>\n<li class=\"sitemap-item page_item page-item-4245\"><a href=\"https:\/\/meteocameroon.gov.cm\/en\/organisateurs-de-levenement\/\">Organisateurs de l\u2019\u00e9v\u00e8nement<\/a><\/li>\n<li class=\"sitemap-item page_item page-item-4115\"><a href=\"https:\/\/meteocameroon.gov.cm\/en\/parametre-danalyse-2\/\">Analysis parameter<\/a><\/li>\n<li class=\"sitemap-item page_item page-item-1078\"><a href=\"https:\/\/meteocameroon.gov.cm\/en\/partenaires\/\">Partners<\/a><\/li>\n<li class=\"sitemap-item page_item page-item-1021\"><a href=\"https:\/\/meteocameroon.gov.cm\/en\/plan-du-site\/\">Sitemap<\/a><\/li>\n<li class=\"sitemap-item page_item page-item-1636\"><a href=\"https:\/\/meteocameroon.gov.cm\/en\/politique-de-confidentialite\/\">Privacy<\/a><\/li>\n<li class=\"sitemap-item page_item page-item-1365\"><a href=\"https:\/\/meteocameroon.gov.cm\/en\/previsions\/\">Forecasts<\/a><\/li>\n<li class=\"sitemap-item page_item page-item-1050 page_item_has_children\"><a href=\"https:\/\/meteocameroon.gov.cm\/en\/produits-services-meteorologie-nationale\/\">Produits \/ Services<\/a>\n<ul class='children'>\n\t<li class=\"sitemap-item page_item page-item-1044\"><a href=\"https:\/\/meteocameroon.gov.cm\/en\/produits-services-meteorologie-nationale\/bulletins-meteorologiques\/\">Meteorolgies records<\/a><\/li>\n\t<li class=\"sitemap-item page_item page-item-1048\"><a href=\"https:\/\/meteocameroon.gov.cm\/en\/produits-services-meteorologie-nationale\/documents\/\">Documents<\/a><\/li>\n\t<li class=\"sitemap-item page_item page-item-1042\"><a href=\"https:\/\/meteocameroon.gov.cm\/en\/produits-services-meteorologie-nationale\/previsions-meteorologiques\/\">Meteorogical previsions<\/a><\/li>\n<\/ul>\n<\/li>\n<li class=\"sitemap-item page_item page-item-243\"><a href=\"https:\/\/meteocameroon.gov.cm\/en\/projets\/\">Projects<\/a><\/li>\n<li class=\"sitemap-item page_item page-item-4240\"><a href=\"https:\/\/meteocameroon.gov.cm\/en\/publier-un-evenement\/\">Publier un \u00e9v\u00e8nement<\/a><\/li>\n<li class=\"sitemap-item page_item page-item-654\"><a href=\"https:\/\/meteocameroon.gov.cm\/en\/mot-de-passe-perdu\/\">R\u00e9initialisation du mot de passe<\/a><\/li>\n<li class=\"sitemap-item page_item page-item-3443\"><a href=\"https:\/\/meteocameroon.gov.cm\/en\/rfsc-yaounde\/\">RFSC-Yaound\u00e9<\/a><\/li>\n<li class=\"sitemap-item page_item page-item-262\"><a href=\"https:\/\/meteocameroon.gov.cm\/en\/services-01\/\">Services 01<\/a><\/li>\n<li class=\"sitemap-item page_item page-item-286\"><a href=\"https:\/\/meteocameroon.gov.cm\/en\/services-02\/\">Services 02<\/a><\/li>\n<li class=\"sitemap-item page_item page-item-1237 page_item_has_children\"><a href=\"https:\/\/meteocameroon.gov.cm\/en\/services-de-la-dirmet\/\">NMD Services<\/a>\n<ul class='children'>\n\t<li class=\"sitemap-item page_item page-item-1483 page_item_has_children\"><a href=\"https:\/\/meteocameroon.gov.cm\/en\/services-de-la-dirmet\/centre-meteorologique-national\/\">National Meteorological Center<\/a>\n\t<ul class='children'>\n\t\t<li class=\"sitemap-item page_item page-item-1999\"><a href=\"https:\/\/meteocameroon.gov.cm\/en\/services-de-la-dirmet\/centre-meteorologique-national\/service-de-centralisation-et-de-transmission-des-donnees-meteorologiques\/\">Forecast Data Centralization and Transmission Service<\/a><\/li>\n\t\t<li class=\"sitemap-item page_item page-item-2001\"><a href=\"https:\/\/meteocameroon.gov.cm\/en\/services-de-la-dirmet\/centre-meteorologique-national\/service-des-previsions-meteorologiques\/\">Forecast service<\/a><\/li>\n\t\t<li class=\"sitemap-item page_item page-item-1997\"><a href=\"https:\/\/meteocameroon.gov.cm\/en\/services-de-la-dirmet\/centre-meteorologique-national\/service-du-reseau\/\">Network service<\/a><\/li>\n\t<\/ul>\n<\/li>\n\t<li class=\"sitemap-item page_item page-item-1488\"><a href=\"https:\/\/meteocameroon.gov.cm\/en\/services-de-la-dirmet\/cooperation-technique-internationale\/\">International Technical Cooperation<\/a><\/li>\n\t<li class=\"sitemap-item page_item page-item-1474 page_item_has_children\"><a href=\"https:\/\/meteocameroon.gov.cm\/en\/services-de-la-dirmet\/sous-direction-des-applications-meteorologiques\/\">Sub-Department of Meteorological Applications<\/a>\n\t<ul class='children'>\n\t\t<li class=\"sitemap-item page_item page-item-1991\"><a href=\"https:\/\/meteocameroon.gov.cm\/en\/services-de-la-dirmet\/sous-direction-des-applications-meteorologiques\/service-de-lagro-meteorologie-et-de-lenvironnement-atmospherique\/\">Service de l&#8217;Agro-m\u00e9t\u00e9orologie et de l&#8217;Environnement Atmosph\u00e9rique<\/a><\/li>\n\t\t<li class=\"sitemap-item page_item page-item-1995\"><a href=\"https:\/\/meteocameroon.gov.cm\/en\/services-de-la-dirmet\/sous-direction-des-applications-meteorologiques\/service-de-lassistance-meteorologique-a-la-securite-des-transports\/\">Service de l&#8217;Assistance M\u00e9t\u00e9orologique \u00e0 la s\u00e9curit\u00e9 des Transports<\/a><\/li>\n\t\t<li class=\"sitemap-item page_item page-item-1988\"><a href=\"https:\/\/meteocameroon.gov.cm\/en\/services-de-la-dirmet\/sous-direction-des-applications-meteorologiques\/service-de-la-climatologie-et-de-la-banque-des-donnees\/\">Climatology and Data Bank Service<\/a><\/li>\n\t\t<li class=\"sitemap-item page_item page-item-1993\"><a href=\"https:\/\/meteocameroon.gov.cm\/en\/services-de-la-dirmet\/sous-direction-des-applications-meteorologiques\/service-de-la-prevention-des-catastrophes-dorigine-meteorologiques\/\">Service de la Prevention des Catastrophes d&#8217;Origine M\u00e9t\u00e9orologiques<\/a><\/li>\n\t<\/ul>\n<\/li>\n<\/ul>\n<\/li>\n<li class=\"sitemap-item page_item page-item-4241\"><a href=\"https:\/\/meteocameroon.gov.cm\/en\/tableau-de-bord-de-levenement\/\">Tableau de bord de l\u2019\u00e9v\u00e8nement<\/a><\/li>\n<li class=\"sitemap-item page_item page-item-4247\"><a href=\"https:\/\/meteocameroon.gov.cm\/en\/tableau-de-bord-du-lieu\/\">Tableau de bord du lieu<\/a><\/li>\n<li class=\"sitemap-item page_item page-item-4244\"><a href=\"https:\/\/meteocameroon.gov.cm\/en\/tableau-de-bord-organisateur-organisatrice\/\">Tableau de bord organisateur\/organisatrice<\/a><\/li>\n<li class=\"sitemap-item page_item page-item-4817\"><a href=\"https:\/\/meteocameroon.gov.cm\/en\/weblink\/\">WEBLINK<\/a><\/li>\n<\/ul><\/div><\/div><\/div><br style=\"clear: both;\">\n\n\n<p><\/p>","protected":false},"excerpt":{"rendered":"","protected":false},"author":1,"featured_media":0,"parent":0,"menu_order":0,"comment_status":"closed","ping_status":"closed","template":"","meta":{"footnotes":""},"class_list":["post-1021","page","type-page","status-publish","hentry"],"yoast_head":"<!-- This site is optimized with the Yoast SEO plugin v26.8 - https:\/\/yoast.com\/product\/yoast-seo-wordpress\/ -->\n<title>Plan du site - M\u00e9t\u00e9orologie Nationale du Cameroun<\/title>\n<meta name=\"robots\" content=\"index, follow, max-snippet:-1, max-image-preview:large, max-video-preview:-1\" \/>\n<link rel=\"canonical\" href=\"https:\/\/meteocameroon.gov.cm\/en\/plan-du-site\/\" \/>\n<meta property=\"og:locale\" content=\"en_US\" \/>\n<meta property=\"og:type\" content=\"article\" \/>\n<meta property=\"og:title\" content=\"Plan du site - M\u00e9t\u00e9orologie Nationale du Cameroun\" \/>\n<meta property=\"og:url\" content=\"https:\/\/meteocameroon.gov.cm\/en\/plan-du-site\/\" \/>\n<meta property=\"og:site_name\" content=\"M\u00e9t\u00e9orologie Nationale du Cameroun\" \/>\n<meta property=\"article:modified_time\" content=\"2022-03-29T15:14:12+00:00\" \/>\n<meta name=\"twitter:card\" content=\"summary_large_image\" \/>\n<script type=\"application\/ld+json\" class=\"yoast-schema-graph\">{\"@context\":\"https:\/\/schema.org\",\"@graph\":[{\"@type\":\"WebPage\",\"@id\":\"https:\/\/meteocameroon.gov.cm\/plan-du-site\/\",\"url\":\"https:\/\/meteocameroon.gov.cm\/plan-du-site\/\",\"name\":\"Plan du site - M\u00e9t\u00e9orologie Nationale du Cameroun\",\"isPartOf\":{\"@id\":\"https:\/\/meteocameroon.gov.cm\/#website\"},\"datePublished\":\"2022-03-29T15:12:40+00:00\",\"dateModified\":\"2022-03-29T15:14:12+00:00\",\"breadcrumb\":{\"@id\":\"https:\/\/meteocameroon.gov.cm\/plan-du-site\/#breadcrumb\"},\"inLanguage\":\"en-US\",\"potentialAction\":[{\"@type\":\"ReadAction\",\"target\":[\"https:\/\/meteocameroon.gov.cm\/plan-du-site\/\"]}]},{\"@type\":\"BreadcrumbList\",\"@id\":\"https:\/\/meteocameroon.gov.cm\/plan-du-site\/#breadcrumb\",\"itemListElement\":[{\"@type\":\"ListItem\",\"position\":1,\"name\":\"Accueil\",\"item\":\"https:\/\/meteocameroon.gov.cm\/\"},{\"@type\":\"ListItem\",\"position\":2,\"name\":\"Plan du site\"}]},{\"@type\":\"WebSite\",\"@id\":\"https:\/\/meteocameroon.gov.cm\/#website\",\"url\":\"https:\/\/meteocameroon.gov.cm\/\",\"name\":\"M\u00e9t\u00e9orologie Nationale du Cameroun\",\"description\":\"La m\u00e9t\u00e9o un outils pour le d\u00e9veloppement\",\"publisher\":{\"@id\":\"https:\/\/meteocameroon.gov.cm\/#organization\"},\"potentialAction\":[{\"@type\":\"SearchAction\",\"target\":{\"@type\":\"EntryPoint\",\"urlTemplate\":\"https:\/\/meteocameroon.gov.cm\/?s={search_term_string}\"},\"query-input\":{\"@type\":\"PropertyValueSpecification\",\"valueRequired\":true,\"valueName\":\"search_term_string\"}}],\"inLanguage\":\"en-US\"},{\"@type\":\"Organization\",\"@id\":\"https:\/\/meteocameroon.gov.cm\/#organization\",\"name\":\"M\u00e9t\u00e9orologie Nationale du Cameroun\",\"url\":\"https:\/\/meteocameroon.gov.cm\/\",\"logo\":{\"@type\":\"ImageObject\",\"inLanguage\":\"en-US\",\"@id\":\"https:\/\/meteocameroon.gov.cm\/#\/schema\/logo\/image\/\",\"url\":\"https:\/\/meteocameroon.gov.cm\/wp-content\/uploads\/2022\/06\/Artboard-14x-renew.jpg\",\"contentUrl\":\"https:\/\/meteocameroon.gov.cm\/wp-content\/uploads\/2022\/06\/Artboard-14x-renew.jpg\",\"width\":519,\"height\":504,\"caption\":\"M\u00e9t\u00e9orologie Nationale du Cameroun\"},\"image\":{\"@id\":\"https:\/\/meteocameroon.gov.cm\/#\/schema\/logo\/image\/\"}}]}<\/script>\n<!-- \/ Yoast SEO plugin. -->","yoast_head_json":{"title":"Plan du site - M\u00e9t\u00e9orologie Nationale du Cameroun","robots":{"index":"index","follow":"follow","max-snippet":"max-snippet:-1","max-image-preview":"max-image-preview:large","max-video-preview":"max-video-preview:-1"},"canonical":"https:\/\/meteocameroon.gov.cm\/en\/plan-du-site\/","og_locale":"en_US","og_type":"article","og_title":"Plan du site - M\u00e9t\u00e9orologie Nationale du Cameroun","og_url":"https:\/\/meteocameroon.gov.cm\/en\/plan-du-site\/","og_site_name":"M\u00e9t\u00e9orologie Nationale du Cameroun","article_modified_time":"2022-03-29T15:14:12+00:00","twitter_card":"summary_large_image","schema":{"@context":"https:\/\/schema.org","@graph":[{"@type":"WebPage","@id":"https:\/\/meteocameroon.gov.cm\/plan-du-site\/","url":"https:\/\/meteocameroon.gov.cm\/plan-du-site\/","name":"Plan du site - M\u00e9t\u00e9orologie Nationale du Cameroun","isPartOf":{"@id":"https:\/\/meteocameroon.gov.cm\/#website"},"datePublished":"2022-03-29T15:12:40+00:00","dateModified":"2022-03-29T15:14:12+00:00","breadcrumb":{"@id":"https:\/\/meteocameroon.gov.cm\/plan-du-site\/#breadcrumb"},"inLanguage":"en-US","potentialAction":[{"@type":"ReadAction","target":["https:\/\/meteocameroon.gov.cm\/plan-du-site\/"]}]},{"@type":"BreadcrumbList","@id":"https:\/\/meteocameroon.gov.cm\/plan-du-site\/#breadcrumb","itemListElement":[{"@type":"ListItem","position":1,"name":"Accueil","item":"https:\/\/meteocameroon.gov.cm\/"},{"@type":"ListItem","position":2,"name":"Plan du site"}]},{"@type":"WebSite","@id":"https:\/\/meteocameroon.gov.cm\/#website","url":"https:\/\/meteocameroon.gov.cm\/","name":"M\u00e9t\u00e9orologie Nationale du Cameroun","description":"La m\u00e9t\u00e9o un outils pour le d\u00e9veloppement","publisher":{"@id":"https:\/\/meteocameroon.gov.cm\/#organization"},"potentialAction":[{"@type":"SearchAction","target":{"@type":"EntryPoint","urlTemplate":"https:\/\/meteocameroon.gov.cm\/?s={search_term_string}"},"query-input":{"@type":"PropertyValueSpecification","valueRequired":true,"valueName":"search_term_string"}}],"inLanguage":"en-US"},{"@type":"Organization","@id":"https:\/\/meteocameroon.gov.cm\/#organization","name":"M\u00e9t\u00e9orologie Nationale du Cameroun","url":"https:\/\/meteocameroon.gov.cm\/","logo":{"@type":"ImageObject","inLanguage":"en-US","@id":"https:\/\/meteocameroon.gov.cm\/#\/schema\/logo\/image\/","url":"https:\/\/meteocameroon.gov.cm\/wp-content\/uploads\/2022\/06\/Artboard-14x-renew.jpg","contentUrl":"https:\/\/meteocameroon.gov.cm\/wp-content\/uploads\/2022\/06\/Artboard-14x-renew.jpg","width":519,"height":504,"caption":"M\u00e9t\u00e9orologie Nationale du Cameroun"},"image":{"@id":"https:\/\/meteocameroon.gov.cm\/#\/schema\/logo\/image\/"}}]}},"rttpg_featured_image_url":null,"rttpg_author":{"display_name":"superadmin","author_link":"https:\/\/meteocameroon.gov.cm\/en\/author\/superadmin\/"},"rttpg_comment":0,"rttpg_category":null,"rttpg_excerpt":null,"_links":{"self":[{"href":"https:\/\/meteocameroon.gov.cm\/en\/wp-json\/wp\/v2\/pages\/1021","targetHints":{"allow":["GET"]}}],"collection":[{"href":"https:\/\/meteocameroon.gov.cm\/en\/wp-json\/wp\/v2\/pages"}],"about":[{"href":"https:\/\/meteocameroon.gov.cm\/en\/wp-json\/wp\/v2\/types\/page"}],"author":[{"embeddable":true,"href":"https:\/\/meteocameroon.gov.cm\/en\/wp-json\/wp\/v2\/users\/1"}],"replies":[{"embeddable":true,"href":"https:\/\/meteocameroon.gov.cm\/en\/wp-json\/wp\/v2\/comments?post=1021"}],"version-history":[{"count":2,"href":"https:\/\/meteocameroon.gov.cm\/en\/wp-json\/wp\/v2\/pages\/1021\/revisions"}],"predecessor-version":[{"id":1024,"href":"https:\/\/meteocameroon.gov.cm\/en\/wp-json\/wp\/v2\/pages\/1021\/revisions\/1024"}],"wp:attachment":[{"href":"https:\/\/meteocameroon.gov.cm\/en\/wp-json\/wp\/v2\/media?parent=1021"}],"curies":[{"name":"wp","href":"https:\/\/api.w.org\/{rel}","templated":true}]}}