{"id":1044,"date":"2022-04-02T12:05:51","date_gmt":"2022-04-02T10:05:51","guid":{"rendered":"https:\/\/meteocameroon.gov.cm\/?page_id=1044"},"modified":"2022-06-20T13:47:47","modified_gmt":"2022-06-20T11:47:47","slug":"bulletins-meteorologiques","status":"publish","type":"page","link":"https:\/\/meteocameroon.gov.cm\/en\/produits-services-meteorologie-nationale\/bulletins-meteorologiques\/","title":{"rendered":"Meteorolgies records"},"content":{"rendered":"<div class=\"vc_row wpb_row vc_row-fluid sigma-bg-color-transparent sigma-background-position-left-top sigma-title-color-default\"><div class=\"wpb_column vc_column_container vc_col-sm-12 sigma-bg-color-transparent sigma-background-position-left-top sigma-title-color-default\"><div class=\"vc_column-inner\"><div class=\"wpb_wrapper\">\r\n\t\t<div  class=\"sigma_custom_heading_wrapper sigma-custom-heading-1427419071 sigma-shortcode-wrapper custom-heading-style-6 text-center  vc_custom_1649499300704\">\r\r\n\t\t\t<div class=\"section-title sigma-custom-heading-wrapper\">\r\n\t\t\t<div class=\"sigma-heading-subtitle-wrapper\">\r\n\t\t\t<p class=\"heading-subtitle text-uppercase\">\r\n      <span><\/span>\r\n\t\t\t\tBulletin          <span><\/span>\r\n  \t\t\t<\/p>\r\n\t\t<\/div>\r\n\t\t\t\t<div class=\"sigma-heading-title-wrapper\">\r\n\t\t\t<h3 class=\"heading-title text-uppercase\">\r\n\t\t\t\tM\u00e9t\u00e9orologique\t\t\t<\/h3>\r\n\t\t<\/div>\r\n\t\t<\/div>\r\n\r\n\t\t<\/div>\r\r\n\t\t<\/div><\/div><\/div><\/div><div class=\"vc_row wpb_row vc_row-fluid sigma-bg-color-transparent sigma-background-position-left-top sigma-title-color-default\"><div class=\"wpb_column vc_column_container vc_col-sm-6 sigma-bg-color-transparent sigma-background-position-left-top sigma-title-color-default\"><div class=\"vc_column-inner\"><div class=\"wpb_wrapper\">\n\t<div class=\"wpb_text_column wpb_content_element\" >\n\t\t<div class=\"wpb_wrapper\">\n\t\t\t<p>I am text block. Click edit button to change this text. Lorem ipsum dolor sit amet, consectetur adipiscing elit. Ut elit tellus, luctus nec ullamcorper mattis, pulvinar dapibus leo.<\/p>\n<p>I am text block. Click edit button to change this text. Lorem ipsum dolor sit amet, consectetur adipiscing elit. Ut elit tellus, luctus nec ullamcorper mattis, pulvinar dapibus leo.<\/p>\n<p>I am text block. Click edit button to change this text. Lorem ipsum dolor sit amet, consectetur adipiscing elit. Ut elit tellus, luctus nec ullamcorper mattis, pulvinar dapibus leo.<\/p>\n\n\t\t<\/div>\n\t<\/div>\n<\/div><\/div><\/div><div class=\"wpb_column vc_column_container vc_col-sm-6 sigma-bg-color-transparent sigma-background-position-left-top sigma-title-color-default\"><div class=\"vc_column-inner\"><div class=\"wpb_wrapper\">\n\t<div  class=\"wpb_single_image wpb_content_element vc_align_left   w-100sigma-image-\">\n\t\t\n\t\t<figure class=\"wpb_wrapper vc_figure\">\n\t\t\t<div class=\"vc_single_image-wrapper   vc_box_border_grey\"><img loading=\"lazy\" decoding=\"async\" width=\"326\" height=\"308\" src=\"https:\/\/meteocameroon.gov.cm\/wp-content\/uploads\/2022\/04\/bulletin-75734.jpg\" class=\"vc_single_image-img attachment-large\" alt=\"\" \/><\/div>\n\t\t<\/figure>\n\t<\/div>\n\n\t<div class=\"wpb_raw_code wpb_content_element wpb_raw_html\" >\n\t\t<div class=\"wpb_wrapper\">\n\t\t\t<div class=\"sigma_dots dots-2 sigma-z-index-down\"><\/div>\n\t\t<\/div>\n\t<\/div>\n<\/div><\/div><\/div><\/div><div class=\"vc_row wpb_row vc_row-fluid sigma-bg-color-transparent sigma-background-position-left-top sigma-title-color-default\"><div class=\"wpb_column vc_column_container vc_col-sm-12 sigma-bg-color-transparent sigma-background-position-left-top sigma-title-color-default\"><div class=\"vc_column-inner\"><div class=\"wpb_wrapper\"><section class=\"vc_cta3-container\"><div class=\"vc_general vc_cta3 vc_cta3-style-classic vc_cta3-shape-rounded vc_cta3-align-left vc_cta3-color-classic vc_cta3-icon-size-md\"><div class=\"vc_cta3_content-container\"><div class=\"vc_cta3-content\"><header class=\"vc_cta3-content-header\"><h2>Bulletin m\u00e9t\u00e9o \u00e0 t\u00e9l\u00e9charger<\/h2><\/header><p>Bulletin m\u00e9t\u00e9o d\u00e9taill\u00e9es disponibles sous format .pdf t\u00e9l\u00e9chargeables sur ce site.<\/p>\n<\/div><\/div><\/div><\/section><\/div><\/div><\/div><\/div><div class=\"vc_row wpb_row vc_row-fluid sigma-bg-color-transparent sigma-background-position-left-top sigma-title-color-default\"><div class=\"wpb_column vc_column_container vc_col-sm-6 sigma-bg-color-transparent sigma-background-position-left-top sigma-title-color-default\"><div class=\"vc_column-inner\"><div class=\"wpb_wrapper\">\n\t<div class=\"wpb_raw_code wpb_content_element wpb_raw_html\" >\n\t\t<div class=\"wpb_wrapper\">\n\t\t\t\n\t\t<\/div>\n\t<\/div>\n<\/div><\/div><\/div><div class=\"wpb_column vc_column_container vc_col-sm-6 sigma-bg-color-transparent sigma-background-position-left-top sigma-title-color-default\"><div class=\"vc_column-inner\"><div class=\"wpb_wrapper\">\n\t<div class=\"wpb_raw_code wpb_content_element wpb_raw_html\" >\n\t\t<div class=\"wpb_wrapper\">\n\t\t\t\n\t\t<\/div>\n\t<\/div>\n<\/div><\/div><\/div><\/div><div class=\"vc_row wpb_row vc_row-fluid sigma-bg-color-transparent sigma-background-position-left-top sigma-title-color-default\"><div class=\"wpb_column vc_column_container vc_col-sm-6 sigma-bg-color-transparent sigma-background-position-left-top sigma-title-color-default\"><div class=\"vc_column-inner\"><div class=\"wpb_wrapper\">\n\t<div class=\"wpb_raw_code wpb_content_element wpb_raw_html\" >\n\t\t<div class=\"wpb_wrapper\">\n\t\t\t\n\t\t<\/div>\n\t<\/div>\n<\/div><\/div><\/div><div class=\"wpb_column vc_column_container vc_col-sm-6 sigma-bg-color-transparent sigma-background-position-left-top sigma-title-color-default\"><div class=\"vc_column-inner\"><div class=\"wpb_wrapper\">\n\t<div class=\"wpb_raw_code wpb_content_element wpb_raw_html\" >\n\t\t<div class=\"wpb_wrapper\">\n\t\t\t\n\t\t<\/div>\n\t<\/div>\n<\/div><\/div><\/div><\/div>","protected":false},"excerpt":{"rendered":"Bulletin M\u00e9t\u00e9orologique I am text block. Click edit button to change this text. Lorem ipsum dolor sit amet, consectetur adipiscing elit. Ut elit tellus, luctus nec ullamcorper mattis, pulvinar dapibus [...]","protected":false},"author":1,"featured_media":0,"parent":1050,"menu_order":0,"comment_status":"closed","ping_status":"closed","template":"","meta":{"footnotes":""},"class_list":["post-1044","page","type-page","status-publish","hentry"],"yoast_head":"<!-- This site is optimized with the Yoast SEO plugin v26.8 - https:\/\/yoast.com\/product\/yoast-seo-wordpress\/ -->\n<title>Bulletins m\u00e9t\u00e9orologiques - M\u00e9t\u00e9orologie Nationale du Cameroun<\/title>\n<meta name=\"robots\" content=\"index, follow, max-snippet:-1, max-image-preview:large, max-video-preview:-1\" \/>\n<link rel=\"canonical\" href=\"https:\/\/meteocameroon.gov.cm\/en\/produits-services-meteorologie-nationale\/bulletins-meteorologiques\/\" \/>\n<meta property=\"og:locale\" content=\"en_US\" \/>\n<meta property=\"og:type\" content=\"article\" \/>\n<meta property=\"og:title\" content=\"Bulletins m\u00e9t\u00e9orologiques - M\u00e9t\u00e9orologie Nationale du Cameroun\" \/>\n<meta property=\"og:url\" content=\"https:\/\/meteocameroon.gov.cm\/en\/produits-services-meteorologie-nationale\/bulletins-meteorologiques\/\" \/>\n<meta property=\"og:site_name\" content=\"M\u00e9t\u00e9orologie Nationale du Cameroun\" \/>\n<meta property=\"article:modified_time\" content=\"2022-06-20T11:47:47+00:00\" \/>\n<meta name=\"twitter:card\" content=\"summary_large_image\" \/>\n<meta name=\"twitter:label1\" content=\"Est. reading time\" \/>\n\t<meta name=\"twitter:data1\" content=\"1 minute\" \/>\n<script type=\"application\/ld+json\" class=\"yoast-schema-graph\">{\"@context\":\"https:\/\/schema.org\",\"@graph\":[{\"@type\":\"WebPage\",\"@id\":\"https:\/\/meteocameroon.gov.cm\/produits-services-meteorologie-nationale\/bulletins-meteorologiques\/\",\"url\":\"https:\/\/meteocameroon.gov.cm\/produits-services-meteorologie-nationale\/bulletins-meteorologiques\/\",\"name\":\"Bulletins m\u00e9t\u00e9orologiques - M\u00e9t\u00e9orologie Nationale du Cameroun\",\"isPartOf\":{\"@id\":\"https:\/\/meteocameroon.gov.cm\/#website\"},\"datePublished\":\"2022-04-02T10:05:51+00:00\",\"dateModified\":\"2022-06-20T11:47:47+00:00\",\"breadcrumb\":{\"@id\":\"https:\/\/meteocameroon.gov.cm\/produits-services-meteorologie-nationale\/bulletins-meteorologiques\/#breadcrumb\"},\"inLanguage\":\"en-US\",\"potentialAction\":[{\"@type\":\"ReadAction\",\"target\":[\"https:\/\/meteocameroon.gov.cm\/produits-services-meteorologie-nationale\/bulletins-meteorologiques\/\"]}]},{\"@type\":\"BreadcrumbList\",\"@id\":\"https:\/\/meteocameroon.gov.cm\/produits-services-meteorologie-nationale\/bulletins-meteorologiques\/#breadcrumb\",\"itemListElement\":[{\"@type\":\"ListItem\",\"position\":1,\"name\":\"Accueil\",\"item\":\"https:\/\/meteocameroon.gov.cm\/\"},{\"@type\":\"ListItem\",\"position\":2,\"name\":\"Produits \/ Services\",\"item\":\"https:\/\/meteocameroon.gov.cm\/produits-services-meteorologie-nationale\/\"},{\"@type\":\"ListItem\",\"position\":3,\"name\":\"Bulletins m\u00e9t\u00e9orologiques\"}]},{\"@type\":\"WebSite\",\"@id\":\"https:\/\/meteocameroon.gov.cm\/#website\",\"url\":\"https:\/\/meteocameroon.gov.cm\/\",\"name\":\"M\u00e9t\u00e9orologie Nationale du Cameroun\",\"description\":\"La m\u00e9t\u00e9o un outils pour le d\u00e9veloppement\",\"publisher\":{\"@id\":\"https:\/\/meteocameroon.gov.cm\/#organization\"},\"potentialAction\":[{\"@type\":\"SearchAction\",\"target\":{\"@type\":\"EntryPoint\",\"urlTemplate\":\"https:\/\/meteocameroon.gov.cm\/?s={search_term_string}\"},\"query-input\":{\"@type\":\"PropertyValueSpecification\",\"valueRequired\":true,\"valueName\":\"search_term_string\"}}],\"inLanguage\":\"en-US\"},{\"@type\":\"Organization\",\"@id\":\"https:\/\/meteocameroon.gov.cm\/#organization\",\"name\":\"M\u00e9t\u00e9orologie Nationale du Cameroun\",\"url\":\"https:\/\/meteocameroon.gov.cm\/\",\"logo\":{\"@type\":\"ImageObject\",\"inLanguage\":\"en-US\",\"@id\":\"https:\/\/meteocameroon.gov.cm\/#\/schema\/logo\/image\/\",\"url\":\"https:\/\/meteocameroon.gov.cm\/wp-content\/uploads\/2022\/06\/Artboard-14x-renew.jpg\",\"contentUrl\":\"https:\/\/meteocameroon.gov.cm\/wp-content\/uploads\/2022\/06\/Artboard-14x-renew.jpg\",\"width\":519,\"height\":504,\"caption\":\"M\u00e9t\u00e9orologie Nationale du Cameroun\"},\"image\":{\"@id\":\"https:\/\/meteocameroon.gov.cm\/#\/schema\/logo\/image\/\"}}]}<\/script>\n<!-- \/ Yoast SEO plugin. -->","yoast_head_json":{"title":"Bulletins m\u00e9t\u00e9orologiques - M\u00e9t\u00e9orologie Nationale du Cameroun","robots":{"index":"index","follow":"follow","max-snippet":"max-snippet:-1","max-image-preview":"max-image-preview:large","max-video-preview":"max-video-preview:-1"},"canonical":"https:\/\/meteocameroon.gov.cm\/en\/produits-services-meteorologie-nationale\/bulletins-meteorologiques\/","og_locale":"en_US","og_type":"article","og_title":"Bulletins m\u00e9t\u00e9orologiques - M\u00e9t\u00e9orologie Nationale du Cameroun","og_url":"https:\/\/meteocameroon.gov.cm\/en\/produits-services-meteorologie-nationale\/bulletins-meteorologiques\/","og_site_name":"M\u00e9t\u00e9orologie Nationale du Cameroun","article_modified_time":"2022-06-20T11:47:47+00:00","twitter_card":"summary_large_image","twitter_misc":{"Est. reading time":"1 minute"},"schema":{"@context":"https:\/\/schema.org","@graph":[{"@type":"WebPage","@id":"https:\/\/meteocameroon.gov.cm\/produits-services-meteorologie-nationale\/bulletins-meteorologiques\/","url":"https:\/\/meteocameroon.gov.cm\/produits-services-meteorologie-nationale\/bulletins-meteorologiques\/","name":"Bulletins m\u00e9t\u00e9orologiques - M\u00e9t\u00e9orologie Nationale du Cameroun","isPartOf":{"@id":"https:\/\/meteocameroon.gov.cm\/#website"},"datePublished":"2022-04-02T10:05:51+00:00","dateModified":"2022-06-20T11:47:47+00:00","breadcrumb":{"@id":"https:\/\/meteocameroon.gov.cm\/produits-services-meteorologie-nationale\/bulletins-meteorologiques\/#breadcrumb"},"inLanguage":"en-US","potentialAction":[{"@type":"ReadAction","target":["https:\/\/meteocameroon.gov.cm\/produits-services-meteorologie-nationale\/bulletins-meteorologiques\/"]}]},{"@type":"BreadcrumbList","@id":"https:\/\/meteocameroon.gov.cm\/produits-services-meteorologie-nationale\/bulletins-meteorologiques\/#breadcrumb","itemListElement":[{"@type":"ListItem","position":1,"name":"Accueil","item":"https:\/\/meteocameroon.gov.cm\/"},{"@type":"ListItem","position":2,"name":"Produits \/ Services","item":"https:\/\/meteocameroon.gov.cm\/produits-services-meteorologie-nationale\/"},{"@type":"ListItem","position":3,"name":"Bulletins m\u00e9t\u00e9orologiques"}]},{"@type":"WebSite","@id":"https:\/\/meteocameroon.gov.cm\/#website","url":"https:\/\/meteocameroon.gov.cm\/","name":"M\u00e9t\u00e9orologie Nationale du Cameroun","description":"La m\u00e9t\u00e9o un outils pour le d\u00e9veloppement","publisher":{"@id":"https:\/\/meteocameroon.gov.cm\/#organization"},"potentialAction":[{"@type":"SearchAction","target":{"@type":"EntryPoint","urlTemplate":"https:\/\/meteocameroon.gov.cm\/?s={search_term_string}"},"query-input":{"@type":"PropertyValueSpecification","valueRequired":true,"valueName":"search_term_string"}}],"inLanguage":"en-US"},{"@type":"Organization","@id":"https:\/\/meteocameroon.gov.cm\/#organization","name":"M\u00e9t\u00e9orologie Nationale du Cameroun","url":"https:\/\/meteocameroon.gov.cm\/","logo":{"@type":"ImageObject","inLanguage":"en-US","@id":"https:\/\/meteocameroon.gov.cm\/#\/schema\/logo\/image\/","url":"https:\/\/meteocameroon.gov.cm\/wp-content\/uploads\/2022\/06\/Artboard-14x-renew.jpg","contentUrl":"https:\/\/meteocameroon.gov.cm\/wp-content\/uploads\/2022\/06\/Artboard-14x-renew.jpg","width":519,"height":504,"caption":"M\u00e9t\u00e9orologie Nationale du Cameroun"},"image":{"@id":"https:\/\/meteocameroon.gov.cm\/#\/schema\/logo\/image\/"}}]}},"rttpg_featured_image_url":null,"rttpg_author":{"display_name":"superadmin","author_link":"https:\/\/meteocameroon.gov.cm\/en\/author\/superadmin\/"},"rttpg_comment":0,"rttpg_category":null,"rttpg_excerpt":null,"_links":{"self":[{"href":"https:\/\/meteocameroon.gov.cm\/en\/wp-json\/wp\/v2\/pages\/1044","targetHints":{"allow":["GET"]}}],"collection":[{"href":"https:\/\/meteocameroon.gov.cm\/en\/wp-json\/wp\/v2\/pages"}],"about":[{"href":"https:\/\/meteocameroon.gov.cm\/en\/wp-json\/wp\/v2\/types\/page"}],"author":[{"embeddable":true,"href":"https:\/\/meteocameroon.gov.cm\/en\/wp-json\/wp\/v2\/users\/1"}],"replies":[{"embeddable":true,"href":"https:\/\/meteocameroon.gov.cm\/en\/wp-json\/wp\/v2\/comments?post=1044"}],"version-history":[{"count":29,"href":"https:\/\/meteocameroon.gov.cm\/en\/wp-json\/wp\/v2\/pages\/1044\/revisions"}],"predecessor-version":[{"id":1867,"href":"https:\/\/meteocameroon.gov.cm\/en\/wp-json\/wp\/v2\/pages\/1044\/revisions\/1867"}],"up":[{"embeddable":true,"href":"https:\/\/meteocameroon.gov.cm\/en\/wp-json\/wp\/v2\/pages\/1050"}],"wp:attachment":[{"href":"https:\/\/meteocameroon.gov.cm\/en\/wp-json\/wp\/v2\/media?parent=1044"}],"curies":[{"name":"wp","href":"https:\/\/api.w.org\/{rel}","templated":true}]}}