{"id":1050,"date":"2022-04-02T12:12:45","date_gmt":"2022-04-02T10:12:45","guid":{"rendered":"https:\/\/meteocameroon.gov.cm\/?page_id=1050"},"modified":"2022-11-10T09:37:46","modified_gmt":"2022-11-10T08:37:46","slug":"produits-services-meteorologie-nationale","status":"publish","type":"page","link":"https:\/\/meteocameroon.gov.cm\/en\/produits-services-meteorologie-nationale\/","title":{"rendered":"Produits \/ Services"},"content":{"rendered":"<p>&nbsp;<\/p>\n<p><img loading=\"lazy\" decoding=\"async\" class=\"wp-image-2315 alignleft\" src=\"https:\/\/meteocameroon.gov.cm\/wp-content\/uploads\/2022\/08\/20220805_181758-300x169.jpg\" alt=\"\" width=\"352\" height=\"198\" \/><\/p>\n<p>La <a href=\"https:\/\/meteocameroon.gov.cm\/en\/a-propos\/\"><strong>Department of National Meteorology<\/strong><\/a> (DMN)\u00a0 du Cameroun met r\u00e9guli\u00e8rement \u00e0 la disposition des utilisateurs, un \u00e9ventail de produits et de services leur permettant de <strong>mieux g\u00e9rer<\/strong> et <strong>anticiper<\/strong> les effets des ph\u00e9nom\u00e8nes m\u00e9t\u00e9orologiques et climatiques dans leurs divers secteurs d&#8217;activit\u00e9.<\/p>\n<p>Ainsi, des<strong> produits <a href=\"\/en\/download-category\/bulletins-meteorologiques\/\">m\u00e9t\u00e9orologiques<\/a><\/strong> et <a href=\"\/en\/download-category\/bulletins-climatologiques\/\"><strong>climatologiques<\/strong><\/a> sont fournis \u00e0 un grand nombre de secteurs (<strong>agriculture<\/strong>, <strong>transports<\/strong>, <strong>sant\u00e9<\/strong>, <strong>gestion des risques de catastrophes<\/strong>, <strong>ressources en eau<\/strong>, <strong>\u00e9nergie<\/strong>, <strong>tourisme<\/strong>, etc.), afin de les aider \u00e0 <strong>r\u00e9duire les risques<\/strong> li\u00e9s aux conditions associ\u00e9es et \u00e0 <strong>tirer des avantages<\/strong> \u00e9conomiques de ces conditions.<\/p>\n<p>&nbsp;<\/p>","protected":false},"excerpt":{"rendered":"<p>&nbsp; La Direction de la M\u00e9t\u00e9orologie Nationale (DMN)\u00a0 du Cameroun met r\u00e9guli\u00e8rement \u00e0 la disposition des utilisateurs, un \u00e9ventail de produits et de services leur permettant de mieux g\u00e9rer et [&hellip;]<\/p>","protected":false},"author":1,"featured_media":0,"parent":0,"menu_order":0,"comment_status":"closed","ping_status":"closed","template":"","meta":{"footnotes":""},"class_list":["post-1050","page","type-page","status-publish","hentry"],"yoast_head":"<!-- This site is optimized with the Yoast SEO plugin v26.8 - https:\/\/yoast.com\/product\/yoast-seo-wordpress\/ -->\n<title>M\u00e9t\u00e9orologie nationale, Produit et Services au Cameroun<\/title>\n<meta name=\"description\" content=\"La m\u00e9t\u00e9orologie nationale met \u00e0 la disposition de ses utilisateurs un \u00e9ventail de produits et services leur permettant de mieux g\u00e9rer et anti-\" \/>\n<meta name=\"robots\" content=\"index, follow, max-snippet:-1, max-image-preview:large, max-video-preview:-1\" \/>\n<link rel=\"canonical\" href=\"https:\/\/meteocameroon.gov.cm\/en\/produits-services-meteorologie-nationale\/\" \/>\n<meta property=\"og:locale\" content=\"en_US\" \/>\n<meta property=\"og:type\" content=\"article\" \/>\n<meta property=\"og:title\" content=\"M\u00e9t\u00e9orologie nationale, Produit et Services au Cameroun\" \/>\n<meta property=\"og:description\" content=\"La m\u00e9t\u00e9orologie nationale met \u00e0 la disposition de ses utilisateurs un \u00e9ventail de produits et services leur permettant de mieux g\u00e9rer et anti-\" \/>\n<meta property=\"og:url\" content=\"https:\/\/meteocameroon.gov.cm\/en\/produits-services-meteorologie-nationale\/\" \/>\n<meta property=\"og:site_name\" content=\"M\u00e9t\u00e9orologie Nationale du Cameroun\" \/>\n<meta property=\"article:modified_time\" content=\"2022-11-10T08:37:46+00:00\" \/>\n<meta property=\"og:image\" content=\"https:\/\/meteocameroon.gov.cm\/wp-content\/uploads\/2022\/08\/20220805_181758-300x169.jpg\" \/>\n<meta name=\"twitter:card\" content=\"summary_large_image\" \/>\n<meta name=\"twitter:label1\" content=\"Est. reading time\" \/>\n\t<meta name=\"twitter:data1\" content=\"1 minute\" \/>\n<script type=\"application\/ld+json\" class=\"yoast-schema-graph\">{\"@context\":\"https:\/\/schema.org\",\"@graph\":[{\"@type\":\"WebPage\",\"@id\":\"https:\/\/meteocameroon.gov.cm\/produits-services-meteorologie-nationale\/\",\"url\":\"https:\/\/meteocameroon.gov.cm\/produits-services-meteorologie-nationale\/\",\"name\":\"M\u00e9t\u00e9orologie nationale, Produit et Services au Cameroun\",\"isPartOf\":{\"@id\":\"https:\/\/meteocameroon.gov.cm\/#website\"},\"primaryImageOfPage\":{\"@id\":\"https:\/\/meteocameroon.gov.cm\/produits-services-meteorologie-nationale\/#primaryimage\"},\"image\":{\"@id\":\"https:\/\/meteocameroon.gov.cm\/produits-services-meteorologie-nationale\/#primaryimage\"},\"thumbnailUrl\":\"https:\/\/meteocameroon.gov.cm\/wp-content\/uploads\/2022\/08\/20220805_181758-300x169.jpg\",\"datePublished\":\"2022-04-02T10:12:45+00:00\",\"dateModified\":\"2022-11-10T08:37:46+00:00\",\"description\":\"La m\u00e9t\u00e9orologie nationale met \u00e0 la disposition de ses utilisateurs un \u00e9ventail de produits et services leur permettant de mieux g\u00e9rer et anti-\",\"breadcrumb\":{\"@id\":\"https:\/\/meteocameroon.gov.cm\/produits-services-meteorologie-nationale\/#breadcrumb\"},\"inLanguage\":\"en-US\",\"potentialAction\":[{\"@type\":\"ReadAction\",\"target\":[\"https:\/\/meteocameroon.gov.cm\/produits-services-meteorologie-nationale\/\"]}]},{\"@type\":\"ImageObject\",\"inLanguage\":\"en-US\",\"@id\":\"https:\/\/meteocameroon.gov.cm\/produits-services-meteorologie-nationale\/#primaryimage\",\"url\":\"https:\/\/meteocameroon.gov.cm\/wp-content\/uploads\/2022\/08\/20220805_181758-300x169.jpg\",\"contentUrl\":\"https:\/\/meteocameroon.gov.cm\/wp-content\/uploads\/2022\/08\/20220805_181758-300x169.jpg\"},{\"@type\":\"BreadcrumbList\",\"@id\":\"https:\/\/meteocameroon.gov.cm\/produits-services-meteorologie-nationale\/#breadcrumb\",\"itemListElement\":[{\"@type\":\"ListItem\",\"position\":1,\"name\":\"Accueil\",\"item\":\"https:\/\/meteocameroon.gov.cm\/\"},{\"@type\":\"ListItem\",\"position\":2,\"name\":\"Produits \/ Services\"}]},{\"@type\":\"WebSite\",\"@id\":\"https:\/\/meteocameroon.gov.cm\/#website\",\"url\":\"https:\/\/meteocameroon.gov.cm\/\",\"name\":\"M\u00e9t\u00e9orologie Nationale du Cameroun\",\"description\":\"La m\u00e9t\u00e9o un outils pour le d\u00e9veloppement\",\"publisher\":{\"@id\":\"https:\/\/meteocameroon.gov.cm\/#organization\"},\"potentialAction\":[{\"@type\":\"SearchAction\",\"target\":{\"@type\":\"EntryPoint\",\"urlTemplate\":\"https:\/\/meteocameroon.gov.cm\/?s={search_term_string}\"},\"query-input\":{\"@type\":\"PropertyValueSpecification\",\"valueRequired\":true,\"valueName\":\"search_term_string\"}}],\"inLanguage\":\"en-US\"},{\"@type\":\"Organization\",\"@id\":\"https:\/\/meteocameroon.gov.cm\/#organization\",\"name\":\"M\u00e9t\u00e9orologie Nationale du Cameroun\",\"url\":\"https:\/\/meteocameroon.gov.cm\/\",\"logo\":{\"@type\":\"ImageObject\",\"inLanguage\":\"en-US\",\"@id\":\"https:\/\/meteocameroon.gov.cm\/#\/schema\/logo\/image\/\",\"url\":\"https:\/\/meteocameroon.gov.cm\/wp-content\/uploads\/2022\/06\/Artboard-14x-renew.jpg\",\"contentUrl\":\"https:\/\/meteocameroon.gov.cm\/wp-content\/uploads\/2022\/06\/Artboard-14x-renew.jpg\",\"width\":519,\"height\":504,\"caption\":\"M\u00e9t\u00e9orologie Nationale du Cameroun\"},\"image\":{\"@id\":\"https:\/\/meteocameroon.gov.cm\/#\/schema\/logo\/image\/\"}}]}<\/script>\n<!-- \/ Yoast SEO plugin. -->","yoast_head_json":{"title":"M\u00e9t\u00e9orologie nationale, Produit et Services au Cameroun","description":"La m\u00e9t\u00e9orologie nationale met \u00e0 la disposition de ses utilisateurs un \u00e9ventail de produits et services leur permettant de mieux g\u00e9rer et anti-","robots":{"index":"index","follow":"follow","max-snippet":"max-snippet:-1","max-image-preview":"max-image-preview:large","max-video-preview":"max-video-preview:-1"},"canonical":"https:\/\/meteocameroon.gov.cm\/en\/produits-services-meteorologie-nationale\/","og_locale":"en_US","og_type":"article","og_title":"M\u00e9t\u00e9orologie nationale, Produit et Services au Cameroun","og_description":"La m\u00e9t\u00e9orologie nationale met \u00e0 la disposition de ses utilisateurs un \u00e9ventail de produits et services leur permettant de mieux g\u00e9rer et anti-","og_url":"https:\/\/meteocameroon.gov.cm\/en\/produits-services-meteorologie-nationale\/","og_site_name":"M\u00e9t\u00e9orologie Nationale du Cameroun","article_modified_time":"2022-11-10T08:37:46+00:00","og_image":[{"url":"https:\/\/meteocameroon.gov.cm\/wp-content\/uploads\/2022\/08\/20220805_181758-300x169.jpg","type":"","width":"","height":""}],"twitter_card":"summary_large_image","twitter_misc":{"Est. reading time":"1 minute"},"schema":{"@context":"https:\/\/schema.org","@graph":[{"@type":"WebPage","@id":"https:\/\/meteocameroon.gov.cm\/produits-services-meteorologie-nationale\/","url":"https:\/\/meteocameroon.gov.cm\/produits-services-meteorologie-nationale\/","name":"M\u00e9t\u00e9orologie nationale, Produit et Services au Cameroun","isPartOf":{"@id":"https:\/\/meteocameroon.gov.cm\/#website"},"primaryImageOfPage":{"@id":"https:\/\/meteocameroon.gov.cm\/produits-services-meteorologie-nationale\/#primaryimage"},"image":{"@id":"https:\/\/meteocameroon.gov.cm\/produits-services-meteorologie-nationale\/#primaryimage"},"thumbnailUrl":"https:\/\/meteocameroon.gov.cm\/wp-content\/uploads\/2022\/08\/20220805_181758-300x169.jpg","datePublished":"2022-04-02T10:12:45+00:00","dateModified":"2022-11-10T08:37:46+00:00","description":"La m\u00e9t\u00e9orologie nationale met \u00e0 la disposition de ses utilisateurs un \u00e9ventail de produits et services leur permettant de mieux g\u00e9rer et anti-","breadcrumb":{"@id":"https:\/\/meteocameroon.gov.cm\/produits-services-meteorologie-nationale\/#breadcrumb"},"inLanguage":"en-US","potentialAction":[{"@type":"ReadAction","target":["https:\/\/meteocameroon.gov.cm\/produits-services-meteorologie-nationale\/"]}]},{"@type":"ImageObject","inLanguage":"en-US","@id":"https:\/\/meteocameroon.gov.cm\/produits-services-meteorologie-nationale\/#primaryimage","url":"https:\/\/meteocameroon.gov.cm\/wp-content\/uploads\/2022\/08\/20220805_181758-300x169.jpg","contentUrl":"https:\/\/meteocameroon.gov.cm\/wp-content\/uploads\/2022\/08\/20220805_181758-300x169.jpg"},{"@type":"BreadcrumbList","@id":"https:\/\/meteocameroon.gov.cm\/produits-services-meteorologie-nationale\/#breadcrumb","itemListElement":[{"@type":"ListItem","position":1,"name":"Accueil","item":"https:\/\/meteocameroon.gov.cm\/"},{"@type":"ListItem","position":2,"name":"Produits \/ Services"}]},{"@type":"WebSite","@id":"https:\/\/meteocameroon.gov.cm\/#website","url":"https:\/\/meteocameroon.gov.cm\/","name":"M\u00e9t\u00e9orologie Nationale du Cameroun","description":"La m\u00e9t\u00e9o un outils pour le d\u00e9veloppement","publisher":{"@id":"https:\/\/meteocameroon.gov.cm\/#organization"},"potentialAction":[{"@type":"SearchAction","target":{"@type":"EntryPoint","urlTemplate":"https:\/\/meteocameroon.gov.cm\/?s={search_term_string}"},"query-input":{"@type":"PropertyValueSpecification","valueRequired":true,"valueName":"search_term_string"}}],"inLanguage":"en-US"},{"@type":"Organization","@id":"https:\/\/meteocameroon.gov.cm\/#organization","name":"M\u00e9t\u00e9orologie Nationale du Cameroun","url":"https:\/\/meteocameroon.gov.cm\/","logo":{"@type":"ImageObject","inLanguage":"en-US","@id":"https:\/\/meteocameroon.gov.cm\/#\/schema\/logo\/image\/","url":"https:\/\/meteocameroon.gov.cm\/wp-content\/uploads\/2022\/06\/Artboard-14x-renew.jpg","contentUrl":"https:\/\/meteocameroon.gov.cm\/wp-content\/uploads\/2022\/06\/Artboard-14x-renew.jpg","width":519,"height":504,"caption":"M\u00e9t\u00e9orologie Nationale du Cameroun"},"image":{"@id":"https:\/\/meteocameroon.gov.cm\/#\/schema\/logo\/image\/"}}]}},"rttpg_featured_image_url":null,"rttpg_author":{"display_name":"superadmin","author_link":"https:\/\/meteocameroon.gov.cm\/en\/author\/superadmin\/"},"rttpg_comment":0,"rttpg_category":null,"rttpg_excerpt":"&nbsp; La Direction de la M\u00e9t\u00e9orologie Nationale (DMN)\u00a0 du Cameroun met r\u00e9guli\u00e8rement \u00e0 la disposition des utilisateurs, un \u00e9ventail de produits et de services leur permettant de mieux g\u00e9rer et [&hellip;]","_links":{"self":[{"href":"https:\/\/meteocameroon.gov.cm\/en\/wp-json\/wp\/v2\/pages\/1050","targetHints":{"allow":["GET"]}}],"collection":[{"href":"https:\/\/meteocameroon.gov.cm\/en\/wp-json\/wp\/v2\/pages"}],"about":[{"href":"https:\/\/meteocameroon.gov.cm\/en\/wp-json\/wp\/v2\/types\/page"}],"author":[{"embeddable":true,"href":"https:\/\/meteocameroon.gov.cm\/en\/wp-json\/wp\/v2\/users\/1"}],"replies":[{"embeddable":true,"href":"https:\/\/meteocameroon.gov.cm\/en\/wp-json\/wp\/v2\/comments?post=1050"}],"version-history":[{"count":9,"href":"https:\/\/meteocameroon.gov.cm\/en\/wp-json\/wp\/v2\/pages\/1050\/revisions"}],"predecessor-version":[{"id":2485,"href":"https:\/\/meteocameroon.gov.cm\/en\/wp-json\/wp\/v2\/pages\/1050\/revisions\/2485"}],"wp:attachment":[{"href":"https:\/\/meteocameroon.gov.cm\/en\/wp-json\/wp\/v2\/media?parent=1050"}],"curies":[{"name":"wp","href":"https:\/\/api.w.org\/{rel}","templated":true}]}}