{"id":1078,"date":"2022-04-07T15:58:02","date_gmt":"2022-04-07T13:58:02","guid":{"rendered":"https:\/\/meteocameroon.gov.cm\/?page_id=1078"},"modified":"2022-04-19T10:53:56","modified_gmt":"2022-04-19T08:53:56","slug":"partenaires","status":"publish","type":"page","link":"https:\/\/meteocameroon.gov.cm\/en\/partenaires\/","title":{"rendered":"Partners"},"content":{"rendered":"<div class=\"vc_row wpb_row vc_row-fluid vc_custom_1649425145587 vc_custom_1649425145588 sigma-bg-color-transparent sigma-background-position-left-top sigma-title-color-default\"><div class=\"wpb_column vc_column_container vc_col-sm-12 sigma-bg-color-transparent sigma-background-position-left-top sigma-title-color-default\"><div class=\"vc_column-inner\"><div class=\"wpb_wrapper\">\r\n\t\t<div  class=\"sigma_custom_heading_wrapper sigma-custom-heading-566740427 sigma-shortcode-wrapper custom-heading-style-6 text-center\">\r\r\n\t\t\t<div class=\"section-title sigma-custom-heading-wrapper\">\r\n\t\t\t<div class=\"sigma-heading-subtitle-wrapper\">\r\n\t\t\t<h6 class=\"heading-subtitle text-uppercase\">\r\n      <span><\/span>\r\n\t\t\t\tAt the center of meteorology          <span><\/span>\r\n  \t\t\t<\/h6>\r\n\t\t<\/div>\r\n\t\t\t\t<div class=\"sigma-heading-title-wrapper\">\r\n\t\t\t<h3 class=\"heading-title\">\r\n\t\t\t\tOur Pathners\t\t\t<\/h3>\r\n\t\t<\/div>\r\n\t\t<\/div>\r\n\r\n\t\t<\/div>\r\r\n\t\t\r\n\t\t<div  class=\"sigma_team_wrapper sigma-team-254101019 sigma-shortcode-wrapper team-layout-grid\">\r\r\n\t\t\t\r\r\n<div class=\"row\">\r\r\r\n\t\r\r\n\t\t<div class=\"col-xl-4 col-lg-4 col-md-6 col-sm-12\">\r\r\r\n\t\t\t\r\n<article id=\"post-1439\" class=\"sigma-teammember sigma-teammember-wrapper sigma-team-style-2 post-1439 team type-team status-publish has-post-thumbnail hentry team-category-partenaires\">\r\n\r\n\t<div class=\"sigma-teammember-image-container\">\r\n\t\t<img loading=\"lazy\" decoding=\"async\" width=\"300\" height=\"122\" src=\"https:\/\/meteocameroon.gov.cm\/wp-content\/uploads\/2022\/04\/MINADER-300x122.jpg\" class=\"attachment-medium size-medium wp-post-image\" alt=\"\" \/>\t<\/div>\r\n\r\n\t<div class=\"sigma-teammember-content-cover\">\r\n\t\t<h5 class=\"sigma_post-title teammember-title\">\r\n\t\t\t<a href=\"https:\/\/meteocameroon.gov.cm\/en\/team\/minader\/\" class=\"teammember-title-link\">MINADER<\/a>\r\n\t\t<\/h5>\r\n\t\t\r\n    \t\t<p> Lorem ipsum dolor sit amet, consectetur adipiscing elit, sed do eiusmod tempor incididunt ut labore et dolore magna aliqua. <\/p>\r\n    \r\n\t\t\t<\/div>\r\n\r\n<\/article>\r\n\r\r\n\t\t<\/div>\r\r\r\n\t\t\r\r\n\t\t<div class=\"col-xl-4 col-lg-4 col-md-6 col-sm-12\">\r\r\r\n\t\t\t\r\n<article id=\"post-1438\" class=\"sigma-teammember sigma-teammember-wrapper sigma-team-style-2 post-1438 team type-team status-publish has-post-thumbnail hentry team-category-partenaires\">\r\n\r\n\t<div class=\"sigma-teammember-image-container\">\r\n\t\t<img loading=\"lazy\" decoding=\"async\" width=\"293\" height=\"172\" src=\"https:\/\/meteocameroon.gov.cm\/wp-content\/uploads\/2022\/04\/CCAA-1.jpg\" class=\"attachment-medium size-medium wp-post-image\" alt=\"\" \/>\t<\/div>\r\n\r\n\t<div class=\"sigma-teammember-content-cover\">\r\n\t\t<h5 class=\"sigma_post-title teammember-title\">\r\n\t\t\t<a href=\"https:\/\/meteocameroon.gov.cm\/en\/team\/ccaa\/\" class=\"teammember-title-link\">CCAA<\/a>\r\n\t\t<\/h5>\r\n\t\t\r\n    \t\t<p> Lorem ipsum dolor sit amet, consectetur adipiscing elit, sed do eiusmod tempor incididunt ut labore et dolore magna aliqua. <\/p>\r\n    \r\n\t\t\t<\/div>\r\n\r\n<\/article>\r\n\r\r\n\t\t<\/div>\r\r\r\n\t\t\r\r\n\t\t<div class=\"col-xl-4 col-lg-4 col-md-6 col-sm-12\">\r\r\r\n\t\t\t\r\n<article id=\"post-1437\" class=\"sigma-teammember sigma-teammember-wrapper sigma-team-style-2 post-1437 team type-team status-publish has-post-thumbnail hentry team-category-partenaires\">\r\n\r\n\t<div class=\"sigma-teammember-image-container\">\r\n\t\t<img loading=\"lazy\" decoding=\"async\" width=\"225\" height=\"225\" src=\"https:\/\/meteocameroon.gov.cm\/wp-content\/uploads\/2022\/04\/MINFOF-1.jpg\" class=\"attachment-medium size-medium wp-post-image\" alt=\"\" \/>\t<\/div>\r\n\r\n\t<div class=\"sigma-teammember-content-cover\">\r\n\t\t<h5 class=\"sigma_post-title teammember-title\">\r\n\t\t\t<a href=\"https:\/\/meteocameroon.gov.cm\/en\/team\/minfof\/\" class=\"teammember-title-link\">MINFOF<\/a>\r\n\t\t<\/h5>\r\n\t\t\r\n    \t\t<p> Lorem ipsum dolor sit amet, consectetur adipiscing elit, sed do eiusmod tempor incididunt ut labore et dolore magna aliqua. <\/p>\r\n    \r\n\t\t\t<\/div>\r\n\r\n<\/article>\r\n\r\r\n\t\t<\/div>\r\r\r\n\t\t\r\r\n\t\t<div class=\"col-xl-4 col-lg-4 col-md-6 col-sm-12\">\r\r\r\n\t\t\t\r\n<article id=\"post-1436\" class=\"sigma-teammember sigma-teammember-wrapper sigma-team-style-2 post-1436 team type-team status-publish has-post-thumbnail hentry team-category-partenaires\">\r\n\r\n\t<div class=\"sigma-teammember-image-container\">\r\n\t\t<img loading=\"lazy\" decoding=\"async\" width=\"225\" height=\"225\" src=\"https:\/\/meteocameroon.gov.cm\/wp-content\/uploads\/2022\/04\/MINEPIA-2.jpg\" class=\"attachment-medium size-medium wp-post-image\" alt=\"\" \/>\t<\/div>\r\n\r\n\t<div class=\"sigma-teammember-content-cover\">\r\n\t\t<h5 class=\"sigma_post-title teammember-title\">\r\n\t\t\t<a href=\"https:\/\/meteocameroon.gov.cm\/en\/team\/minepia\/\" class=\"teammember-title-link\">MINEPIA<\/a>\r\n\t\t<\/h5>\r\n\t\t\r\n    \t\t<p> Lorem ipsum dolor sit amet, consectetur adipiscing elit, sed do eiusmod tempor incididunt ut labore et dolore magna aliqua. <\/p>\r\n    \r\n\t\t\t<\/div>\r\n\r\n<\/article>\r\n\r\r\n\t\t<\/div>\r\r\r\n\t\t\r\r\n\t\t<div class=\"col-xl-4 col-lg-4 col-md-6 col-sm-12\">\r\r\r\n\t\t\t\r\n<article id=\"post-1435\" class=\"sigma-teammember sigma-teammember-wrapper sigma-team-style-2 post-1435 team type-team status-publish has-post-thumbnail hentry team-category-partenaires\">\r\n\r\n\t<div class=\"sigma-teammember-image-container\">\r\n\t\t<img loading=\"lazy\" decoding=\"async\" width=\"200\" height=\"200\" src=\"https:\/\/meteocameroon.gov.cm\/wp-content\/uploads\/2022\/04\/MINRESI-1.jpg\" class=\"attachment-medium size-medium wp-post-image\" alt=\"\" \/>\t<\/div>\r\n\r\n\t<div class=\"sigma-teammember-content-cover\">\r\n\t\t<h5 class=\"sigma_post-title teammember-title\">\r\n\t\t\t<a href=\"https:\/\/meteocameroon.gov.cm\/en\/team\/minresi\/\" class=\"teammember-title-link\">MINRESI<\/a>\r\n\t\t<\/h5>\r\n\t\t\r\n    \t\t<p> Lorem ipsum dolor sit amet, consectetur adipiscing elit, sed do eiusmod tempor incididunt ut labore et dolore magna aliqua. <\/p>\r\n    \r\n\t\t\t<\/div>\r\n\r\n<\/article>\r\n\r\r\n\t\t<\/div>\r\r\r\n\t\t\r\r\n\t\t<div class=\"col-xl-4 col-lg-4 col-md-6 col-sm-12\">\r\r\r\n\t\t\t\r\n<article id=\"post-1434\" class=\"sigma-teammember sigma-teammember-wrapper sigma-team-style-2 post-1434 team type-team status-publish has-post-thumbnail hentry\">\r\n\r\n\t<div class=\"sigma-teammember-image-container\">\r\n\t\t<img loading=\"lazy\" decoding=\"async\" width=\"240\" height=\"141\" src=\"https:\/\/meteocameroon.gov.cm\/wp-content\/uploads\/2022\/04\/HEVECAM-1.jpg\" class=\"attachment-medium size-medium wp-post-image\" alt=\"\" \/>\t<\/div>\r\n\r\n\t<div class=\"sigma-teammember-content-cover\">\r\n\t\t<h5 class=\"sigma_post-title teammember-title\">\r\n\t\t\t<a href=\"https:\/\/meteocameroon.gov.cm\/en\/team\/hevecam\/\" class=\"teammember-title-link\">H\u00e9v\u00e9cam<\/a>\r\n\t\t<\/h5>\r\n\t\t\r\n    \t\t<p> Lorem ipsum dolor sit amet, consectetur adipiscing elit, sed do eiusmod tempor incididunt ut labore et dolore magna aliqua. <\/p>\r\n    \r\n\t\t\t<\/div>\r\n\r\n<\/article>\r\n\r\r\n\t\t<\/div>\r\r\r\n\t\t\r\r\n\t\t<div class=\"col-xl-4 col-lg-4 col-md-6 col-sm-12\">\r\r\r\n\t\t\t\r\n<article id=\"post-1433\" class=\"sigma-teammember sigma-teammember-wrapper sigma-team-style-2 post-1433 team type-team status-publish has-post-thumbnail hentry team-category-partenaires\">\r\n\r\n\t<div class=\"sigma-teammember-image-container\">\r\n\t\t<img loading=\"lazy\" decoding=\"async\" width=\"215\" height=\"211\" src=\"https:\/\/meteocameroon.gov.cm\/wp-content\/uploads\/2022\/04\/MINEE-1.jpg\" class=\"attachment-medium size-medium wp-post-image\" alt=\"\" \/>\t<\/div>\r\n\r\n\t<div class=\"sigma-teammember-content-cover\">\r\n\t\t<h5 class=\"sigma_post-title teammember-title\">\r\n\t\t\t<a href=\"https:\/\/meteocameroon.gov.cm\/en\/team\/minee\/\" class=\"teammember-title-link\">MINEE<\/a>\r\n\t\t<\/h5>\r\n\t\t\r\n    \t\t<p> Lorem ipsum dolor sit amet, consectetur adipiscing elit, sed do eiusmod tempor incididunt ut labore et dolore magna aliqua. <\/p>\r\n    \r\n\t\t\t<\/div>\r\n\r\n<\/article>\r\n\r\r\n\t\t<\/div>\r\r\r\n\t\t\r\r\n\t\t<div class=\"col-xl-4 col-lg-4 col-md-6 col-sm-12\">\r\r\r\n\t\t\t\r\n<article id=\"post-1432\" class=\"sigma-teammember sigma-teammember-wrapper sigma-team-style-2 post-1432 team type-team status-publish has-post-thumbnail hentry team-category-partenaires\">\r\n\r\n\t<div class=\"sigma-teammember-image-container\">\r\n\t\t<img loading=\"lazy\" decoding=\"async\" width=\"225\" height=\"225\" src=\"https:\/\/meteocameroon.gov.cm\/wp-content\/uploads\/2022\/04\/ASECNA-1.jpg\" class=\"attachment-medium size-medium wp-post-image\" alt=\"\" \/>\t<\/div>\r\n\r\n\t<div class=\"sigma-teammember-content-cover\">\r\n\t\t<h5 class=\"sigma_post-title teammember-title\">\r\n\t\t\t<a href=\"https:\/\/meteocameroon.gov.cm\/en\/team\/asecna\/\" class=\"teammember-title-link\">ASECNA<\/a>\r\n\t\t<\/h5>\r\n\t\t\r\n    \t\t<p> Lorem ipsum dolor sit amet, consectetur adipiscing elit, sed do eiusmod tempor incididunt ut labore et dolore magna aliqua. <\/p>\r\n    \r\n\t\t\t<\/div>\r\n\r\n<\/article>\r\n\r\r\n\t\t<\/div>\r\r\r\n\t\t\r\r\n\t\t<div class=\"col-xl-4 col-lg-4 col-md-6 col-sm-12\">\r\r\r\n\t\t\t\r\n<article id=\"post-1114\" class=\"sigma-teammember sigma-teammember-wrapper sigma-team-style-2 post-1114 team type-team status-publish has-post-thumbnail hentry team-category-partenaires\">\r\n\r\n\t<div class=\"sigma-teammember-image-container\">\r\n\t\t<img loading=\"lazy\" decoding=\"async\" width=\"300\" height=\"219\" src=\"https:\/\/meteocameroon.gov.cm\/wp-content\/uploads\/2022\/04\/CUY.jpg\" class=\"attachment-medium size-medium wp-post-image\" alt=\"\" \/>\t<\/div>\r\n\r\n\t<div class=\"sigma-teammember-content-cover\">\r\n\t\t<h5 class=\"sigma_post-title teammember-title\">\r\n\t\t\t<a href=\"https:\/\/meteocameroon.gov.cm\/en\/team\/communaute-urbaine-de-yaounde\/\" class=\"teammember-title-link\">Communaut\u00e9 Urbaine de Yaound\u00e9<\/a>\r\n\t\t<\/h5>\r\n\t\t\r\n    \t\t<p> Lorem ipsum dolor sit amet, consectetur adipiscing elit, sed do eiusmod tempor incididunt ut labore et dolore magna aliqua. <\/p>\r\n    \r\n\t\t\t<\/div>\r\n\r\n<\/article>\r\n\r\r\n\t\t<\/div>\r\r\r\n\t\t\r\r\n\t\t<div class=\"col-xl-4 col-lg-4 col-md-6 col-sm-12\">\r\r\r\n\t\t\t\r\n<article id=\"post-1090\" class=\"sigma-teammember sigma-teammember-wrapper sigma-team-style-2 post-1090 team type-team status-publish has-post-thumbnail hentry team-category-partenaires\">\r\n\r\n\t<div class=\"sigma-teammember-image-container\">\r\n\t\t<img loading=\"lazy\" decoding=\"async\" width=\"292\" height=\"300\" src=\"https:\/\/meteocameroon.gov.cm\/wp-content\/uploads\/2022\/04\/logo_cud_tranparent-292x300.png\" class=\"attachment-medium size-medium wp-post-image\" alt=\"\" \/>\t<\/div>\r\n\r\n\t<div class=\"sigma-teammember-content-cover\">\r\n\t\t<h5 class=\"sigma_post-title teammember-title\">\r\n\t\t\t<a href=\"https:\/\/meteocameroon.gov.cm\/en\/team\/communaute-urbaine-de-douala\/\" class=\"teammember-title-link\">Communaut\u00e9 Urbaine de Douala<\/a>\r\n\t\t<\/h5>\r\n\t\t\r\n    \t\t<p> Lorem ipsum dolor sit amet, consectetur adipiscing elit, sed do eiusmod tempor incididunt ut labore et dolore magna aliqua. <\/p>\r\n    \r\n\t\t\t<\/div>\r\n\r\n<\/article>\r\n\r\r\n\t\t<\/div>\r\r\r\n\t\t\r\r\n\t\t<div class=\"col-xl-4 col-lg-4 col-md-6 col-sm-12\">\r\r\r\n\t\t\t\r\n<article id=\"post-1085\" class=\"sigma-teammember sigma-teammember-wrapper sigma-team-style-2 post-1085 team type-team status-publish has-post-thumbnail hentry team-category-partenaires\">\r\n\r\n\t<div class=\"sigma-teammember-image-container\">\r\n\t\t<img loading=\"lazy\" decoding=\"async\" width=\"225\" height=\"225\" src=\"https:\/\/meteocameroon.gov.cm\/wp-content\/uploads\/2022\/04\/telechargement.jpg\" class=\"attachment-medium size-medium wp-post-image\" alt=\"\" \/>\t<\/div>\r\n\r\n\t<div class=\"sigma-teammember-content-cover\">\r\n\t\t<h5 class=\"sigma_post-title teammember-title\">\r\n\t\t\t<a href=\"https:\/\/meteocameroon.gov.cm\/en\/team\/port-autonome-de-kribi\/\" class=\"teammember-title-link\">Port Autonome de Kribi<\/a>\r\n\t\t<\/h5>\r\n\t\t\r\n    \t\t<p> Lorem ipsum dolor sit amet, consectetur adipiscing elit, sed do eiusmod tempor incididunt ut labore et dolore magna aliqua. <\/p>\r\n    \r\n\t\t\t<\/div>\r\n\r\n<\/article>\r\n\r\r\n\t\t<\/div>\r\r\r\n\t\t\r\r\n\t\t<div class=\"col-xl-4 col-lg-4 col-md-6 col-sm-12\">\r\r\r\n\t\t\t\r\n<article id=\"post-1080\" class=\"sigma-teammember sigma-teammember-wrapper sigma-team-style-2 post-1080 team type-team status-publish has-post-thumbnail hentry team-category-partenaires\">\r\n\r\n\t<div class=\"sigma-teammember-image-container\">\r\n\t\t<img loading=\"lazy\" decoding=\"async\" width=\"300\" height=\"169\" src=\"https:\/\/meteocameroon.gov.cm\/wp-content\/uploads\/2022\/04\/lapad-300x169.jpg\" class=\"attachment-medium size-medium wp-post-image\" alt=\"\" \/>\t<\/div>\r\n\r\n\t<div class=\"sigma-teammember-content-cover\">\r\n\t\t<h5 class=\"sigma_post-title teammember-title\">\r\n\t\t\t<a href=\"https:\/\/meteocameroon.gov.cm\/en\/team\/port-autonome-de-douala\/\" class=\"teammember-title-link\">Port Autonome de Douala<\/a>\r\n\t\t<\/h5>\r\n\t\t\r\n    \t\t<p> Lorem ipsum dolor sit amet, consectetur adipiscing elit, sed do eiusmod tempor incididunt ut labore et dolore magna aliqua. <\/p>\r\n    \r\n\t\t\t<\/div>\r\n\r\n<\/article>\r\n\r\r\n\t\t<\/div>\r\r\r\n\t\t\r\r\n<\/div>\r\r\r\n\r\n\t\t<\/div>\r\r\n\t\t<\/div><\/div><\/div><\/div>","protected":false},"excerpt":{"rendered":"Lorem ipsum dolor sit amet, consectetur adipiscing elit, sed do eiusmod tempor incididunt ut labore et dolore magna aliqua. Ut enim ad minim veniam, quis nostrud exercitation ullamco laboris nisi [...]","protected":false},"author":1,"featured_media":0,"parent":0,"menu_order":0,"comment_status":"closed","ping_status":"closed","template":"","meta":{"footnotes":""},"class_list":["post-1078","page","type-page","status-publish","hentry"],"yoast_head":"<!-- This site is optimized with the Yoast SEO plugin v26.8 - https:\/\/yoast.com\/product\/yoast-seo-wordpress\/ -->\n<title>Partenaires - M\u00e9t\u00e9orologie Nationale du Cameroun<\/title>\n<meta name=\"robots\" content=\"index, follow, max-snippet:-1, max-image-preview:large, max-video-preview:-1\" \/>\n<link rel=\"canonical\" href=\"https:\/\/meteocameroon.gov.cm\/en\/partenaires\/\" \/>\n<meta property=\"og:locale\" content=\"en_US\" \/>\n<meta property=\"og:type\" content=\"article\" \/>\n<meta property=\"og:title\" content=\"Partenaires - M\u00e9t\u00e9orologie Nationale du Cameroun\" \/>\n<meta property=\"og:url\" content=\"https:\/\/meteocameroon.gov.cm\/en\/partenaires\/\" \/>\n<meta property=\"og:site_name\" content=\"M\u00e9t\u00e9orologie Nationale du Cameroun\" \/>\n<meta property=\"article:modified_time\" content=\"2022-04-19T08:53:56+00:00\" \/>\n<meta name=\"twitter:card\" content=\"summary_large_image\" \/>\n<meta name=\"twitter:label1\" content=\"Est. reading time\" \/>\n\t<meta name=\"twitter:data1\" content=\"1 minute\" \/>\n<script type=\"application\/ld+json\" class=\"yoast-schema-graph\">{\"@context\":\"https:\/\/schema.org\",\"@graph\":[{\"@type\":\"WebPage\",\"@id\":\"https:\/\/meteocameroon.gov.cm\/partenaires\/\",\"url\":\"https:\/\/meteocameroon.gov.cm\/partenaires\/\",\"name\":\"Partenaires - M\u00e9t\u00e9orologie Nationale du Cameroun\",\"isPartOf\":{\"@id\":\"https:\/\/meteocameroon.gov.cm\/#website\"},\"datePublished\":\"2022-04-07T13:58:02+00:00\",\"dateModified\":\"2022-04-19T08:53:56+00:00\",\"breadcrumb\":{\"@id\":\"https:\/\/meteocameroon.gov.cm\/partenaires\/#breadcrumb\"},\"inLanguage\":\"en-US\",\"potentialAction\":[{\"@type\":\"ReadAction\",\"target\":[\"https:\/\/meteocameroon.gov.cm\/partenaires\/\"]}]},{\"@type\":\"BreadcrumbList\",\"@id\":\"https:\/\/meteocameroon.gov.cm\/partenaires\/#breadcrumb\",\"itemListElement\":[{\"@type\":\"ListItem\",\"position\":1,\"name\":\"Accueil\",\"item\":\"https:\/\/meteocameroon.gov.cm\/\"},{\"@type\":\"ListItem\",\"position\":2,\"name\":\"Partenaires\"}]},{\"@type\":\"WebSite\",\"@id\":\"https:\/\/meteocameroon.gov.cm\/#website\",\"url\":\"https:\/\/meteocameroon.gov.cm\/\",\"name\":\"M\u00e9t\u00e9orologie Nationale du Cameroun\",\"description\":\"La m\u00e9t\u00e9o un outils pour le d\u00e9veloppement\",\"publisher\":{\"@id\":\"https:\/\/meteocameroon.gov.cm\/#organization\"},\"potentialAction\":[{\"@type\":\"SearchAction\",\"target\":{\"@type\":\"EntryPoint\",\"urlTemplate\":\"https:\/\/meteocameroon.gov.cm\/?s={search_term_string}\"},\"query-input\":{\"@type\":\"PropertyValueSpecification\",\"valueRequired\":true,\"valueName\":\"search_term_string\"}}],\"inLanguage\":\"en-US\"},{\"@type\":\"Organization\",\"@id\":\"https:\/\/meteocameroon.gov.cm\/#organization\",\"name\":\"M\u00e9t\u00e9orologie Nationale du Cameroun\",\"url\":\"https:\/\/meteocameroon.gov.cm\/\",\"logo\":{\"@type\":\"ImageObject\",\"inLanguage\":\"en-US\",\"@id\":\"https:\/\/meteocameroon.gov.cm\/#\/schema\/logo\/image\/\",\"url\":\"https:\/\/meteocameroon.gov.cm\/wp-content\/uploads\/2022\/06\/Artboard-14x-renew.jpg\",\"contentUrl\":\"https:\/\/meteocameroon.gov.cm\/wp-content\/uploads\/2022\/06\/Artboard-14x-renew.jpg\",\"width\":519,\"height\":504,\"caption\":\"M\u00e9t\u00e9orologie Nationale du Cameroun\"},\"image\":{\"@id\":\"https:\/\/meteocameroon.gov.cm\/#\/schema\/logo\/image\/\"}}]}<\/script>\n<!-- \/ Yoast SEO plugin. -->","yoast_head_json":{"title":"Partenaires - M\u00e9t\u00e9orologie Nationale du Cameroun","robots":{"index":"index","follow":"follow","max-snippet":"max-snippet:-1","max-image-preview":"max-image-preview:large","max-video-preview":"max-video-preview:-1"},"canonical":"https:\/\/meteocameroon.gov.cm\/en\/partenaires\/","og_locale":"en_US","og_type":"article","og_title":"Partenaires - M\u00e9t\u00e9orologie Nationale du Cameroun","og_url":"https:\/\/meteocameroon.gov.cm\/en\/partenaires\/","og_site_name":"M\u00e9t\u00e9orologie Nationale du Cameroun","article_modified_time":"2022-04-19T08:53:56+00:00","twitter_card":"summary_large_image","twitter_misc":{"Est. reading time":"1 minute"},"schema":{"@context":"https:\/\/schema.org","@graph":[{"@type":"WebPage","@id":"https:\/\/meteocameroon.gov.cm\/partenaires\/","url":"https:\/\/meteocameroon.gov.cm\/partenaires\/","name":"Partenaires - M\u00e9t\u00e9orologie Nationale du Cameroun","isPartOf":{"@id":"https:\/\/meteocameroon.gov.cm\/#website"},"datePublished":"2022-04-07T13:58:02+00:00","dateModified":"2022-04-19T08:53:56+00:00","breadcrumb":{"@id":"https:\/\/meteocameroon.gov.cm\/partenaires\/#breadcrumb"},"inLanguage":"en-US","potentialAction":[{"@type":"ReadAction","target":["https:\/\/meteocameroon.gov.cm\/partenaires\/"]}]},{"@type":"BreadcrumbList","@id":"https:\/\/meteocameroon.gov.cm\/partenaires\/#breadcrumb","itemListElement":[{"@type":"ListItem","position":1,"name":"Accueil","item":"https:\/\/meteocameroon.gov.cm\/"},{"@type":"ListItem","position":2,"name":"Partenaires"}]},{"@type":"WebSite","@id":"https:\/\/meteocameroon.gov.cm\/#website","url":"https:\/\/meteocameroon.gov.cm\/","name":"M\u00e9t\u00e9orologie Nationale du Cameroun","description":"La m\u00e9t\u00e9o un outils pour le d\u00e9veloppement","publisher":{"@id":"https:\/\/meteocameroon.gov.cm\/#organization"},"potentialAction":[{"@type":"SearchAction","target":{"@type":"EntryPoint","urlTemplate":"https:\/\/meteocameroon.gov.cm\/?s={search_term_string}"},"query-input":{"@type":"PropertyValueSpecification","valueRequired":true,"valueName":"search_term_string"}}],"inLanguage":"en-US"},{"@type":"Organization","@id":"https:\/\/meteocameroon.gov.cm\/#organization","name":"M\u00e9t\u00e9orologie Nationale du Cameroun","url":"https:\/\/meteocameroon.gov.cm\/","logo":{"@type":"ImageObject","inLanguage":"en-US","@id":"https:\/\/meteocameroon.gov.cm\/#\/schema\/logo\/image\/","url":"https:\/\/meteocameroon.gov.cm\/wp-content\/uploads\/2022\/06\/Artboard-14x-renew.jpg","contentUrl":"https:\/\/meteocameroon.gov.cm\/wp-content\/uploads\/2022\/06\/Artboard-14x-renew.jpg","width":519,"height":504,"caption":"M\u00e9t\u00e9orologie Nationale du Cameroun"},"image":{"@id":"https:\/\/meteocameroon.gov.cm\/#\/schema\/logo\/image\/"}}]}},"rttpg_featured_image_url":null,"rttpg_author":{"display_name":"superadmin","author_link":"https:\/\/meteocameroon.gov.cm\/en\/author\/superadmin\/"},"rttpg_comment":0,"rttpg_category":null,"rttpg_excerpt":null,"_links":{"self":[{"href":"https:\/\/meteocameroon.gov.cm\/en\/wp-json\/wp\/v2\/pages\/1078","targetHints":{"allow":["GET"]}}],"collection":[{"href":"https:\/\/meteocameroon.gov.cm\/en\/wp-json\/wp\/v2\/pages"}],"about":[{"href":"https:\/\/meteocameroon.gov.cm\/en\/wp-json\/wp\/v2\/types\/page"}],"author":[{"embeddable":true,"href":"https:\/\/meteocameroon.gov.cm\/en\/wp-json\/wp\/v2\/users\/1"}],"replies":[{"embeddable":true,"href":"https:\/\/meteocameroon.gov.cm\/en\/wp-json\/wp\/v2\/comments?post=1078"}],"version-history":[{"count":25,"href":"https:\/\/meteocameroon.gov.cm\/en\/wp-json\/wp\/v2\/pages\/1078\/revisions"}],"predecessor-version":[{"id":1440,"href":"https:\/\/meteocameroon.gov.cm\/en\/wp-json\/wp\/v2\/pages\/1078\/revisions\/1440"}],"wp:attachment":[{"href":"https:\/\/meteocameroon.gov.cm\/en\/wp-json\/wp\/v2\/media?parent=1078"}],"curies":[{"name":"wp","href":"https:\/\/api.w.org\/{rel}","templated":true}]}}