{"id":1446,"date":"2022-04-19T12:40:17","date_gmt":"2022-04-19T11:40:17","guid":{"rendered":"https:\/\/meteocameroon.gov.cm\/?page_id=1446"},"modified":"2024-08-03T15:54:40","modified_gmt":"2024-08-03T14:54:40","slug":"ecole-superieure-polytechnique-de-maroua-formation","status":"publish","type":"page","link":"https:\/\/meteocameroon.gov.cm\/en\/ecole-de-formation\/ecole-superieure-polytechnique-de-maroua-formation\/","title":{"rendered":"Polytechnique de Maroua"},"content":{"rendered":"<div class=\"vc_row wpb_row vc_row-fluid sigma-bg-color-transparent sigma-background-position-left-top sigma-title-color-default\"><div class=\"wpb_column vc_column_container vc_col-sm-12 sigma-bg-color-transparent sigma-background-position-left-top sigma-title-color-default\"><div class=\"vc_column-inner\"><div class=\"wpb_wrapper\">\r\n\t\t<div  class=\"sigma_custom_heading_wrapper sigma-custom-heading-1185546870 sigma-shortcode-wrapper custom-heading-style-6 text-center  vc_custom_1722696685208\">\r\r\n\t\t\t<div class=\"section-title sigma-custom-heading-wrapper\">\r\n\t\t\t<div class=\"sigma-heading-subtitle-wrapper\">\r\n\t\t\t<p class=\"heading-subtitle\">\r\n      <span><\/span>\r\n\t\t\t\tMeteorological study ?          <span><\/span>\r\n  \t\t\t<\/p>\r\n\t\t<\/div>\r\n\t\t\t\t<div class=\"sigma-heading-title-wrapper\">\r\n\t\t\t<h3 class=\"heading-title text-uppercase\">\r\n\t\t\t\tNASE Maroua\t\t\t<\/h3>\r\n\t\t<\/div>\r\n\t\t<\/div>\r\n\r\n\t\t<\/div>\r\r\n\t\t<\/div><\/div><\/div><div class=\"wpb_column vc_column_container vc_col-sm-12 sigma-bg-color-transparent sigma-background-position-left-top sigma-title-color-default\"><div class=\"vc_column-inner\"><div class=\"wpb_wrapper\">\n\t<div class=\"wpb_text_column wpb_content_element\" >\n\t\t<div class=\"wpb_wrapper\">\n\t\t\t<div class=\"wp-block-group alignfull ext-my-0 ext\">\n<div class=\"wp-block-media-text alignwide is-stacked-on-mobile ext-py-lg ext\">\n<figure class=\"wp-block-media-text__media\">\n<figure style=\"width: 800px\" class=\"wp-caption alignnone\"><img loading=\"lazy\" decoding=\"async\" src=\"https:\/\/actucameroun.com\/wp-content\/uploads\/2018\/07\/cameroun_la_toute_premiere_p_1527776526_polytech-maroua_31072018_otric_1213_ns_700_cameroon-info-p-net_800xm9x-800x480.jpg\" alt=\"Batiment de \u00e9cole Sup\u00e9rieure Polytechnique de Maroua\" width=\"800\" height=\"480\" \/><figcaption class=\"wp-caption-text\">Batiment de l&#8217;\u00e9cole nationale sup\u00e9rieure polytechnique<\/figcaption><\/figure><br \/>\n<\/figure>\n<div class=\"wp-block-media-text__content is-layout-flow wp-block-cover-is-layout-flow\">\n<h2 id=\"a-second-heading\" class=\"has-ext-large-font-size ext-mt-base tablet:ext-mt-0 wp-block-heading\"><a href=\"https:\/\/www.facebook.com\/enspm\/\">National Advanced School of Engineering, Maroua<\/a><\/h2>\n<p><\/p>\n<p id=\"a-second-heading\">The National Polytechnic School of Maroua, formerly ISS (Institut Sup\u00e9rieur du Sahel) is one of the institutions of the University of Maroua. It trains in many fields of engineering including Meteorology.<\/p>\n<p>Admission to the ENSPM is mainly by competitive examination (1st year, 3rd year and 4th year); most of the courses require a bachelor's degree in science. <\/p>\n<div class=\"wp-block-buttons is-layout-flex wp-block-buttons-is-layout-flex\">\n<\/div>\n<\/div>\n<\/div>\n<\/div>\n<p><!-- \/wp:post-content --><\/p>\n<p>&nbsp;<\/p>\n<p><!-- wp:paragraph \/--><\/p>\n<p>&nbsp;<\/p>\n\n\t\t<\/div>\n\t<\/div>\n\n\t<div class=\"wpb_text_column wpb_content_element\" >\n\t\t<div class=\"wpb_wrapper\">\n\t\t\t<p>However, the recruitment of candidates for education and operational training courses is mostly organized by the Director of the ENSPM and is done on the based on a case study.<\/p>\n<p>The school has more than 80 qualified and experienced teachers in the different fields. The Department of Meteorology, Climatology, Hydrology and Pedology (MCHP) is located in the town of Kousseri, away from the main site in Maroua.<br \/>Cette \u00e9cole compte d\u00e9j\u00e0 02 promotions d\u2019Ing\u00e9nieur des Travaux de la M\u00e9t\u00e9orologie et des Techniciens de la <a href=\"http:\/\/meteocameroon.gov.cm\/en\/\">M\u00e9t\u00e9orologie<\/a> mis \u00e0 la disposition du Minist\u00e8re des Transports.<\/p>\n\n\t\t<\/div>\n\t<\/div>\n<\/div><\/div><\/div><\/div><div class=\"vc_row wpb_row vc_row-fluid sigma-bg-color-transparent sigma-background-position-left-top sigma-title-color-default\"><div class=\"wpb_column vc_column_container vc_col-sm-12 sigma-bg-color-transparent sigma-background-position-left-top sigma-title-color-default\"><div class=\"vc_column-inner\"><div class=\"wpb_wrapper\">\n\t<div class=\"wpb_text_column wpb_content_element  vc_custom_1722696875869\" >\n\t\t<div class=\"wpb_wrapper\">\n\t\t\t\n\t\t<\/div>\n\t<\/div>\n<\/div><\/div><\/div><\/div><div class=\"vc_row wpb_row vc_row-fluid sigma-bg-color-transparent sigma-background-position-left-top sigma-title-color-default\"><div class=\"wpb_column vc_column_container vc_col-sm-12 sigma-bg-color-transparent sigma-background-position-left-top sigma-title-color-default\"><div class=\"vc_column-inner\"><div class=\"wpb_wrapper\"><div class=\"vc_empty_space\"   style=\"height: 50px\"><span class=\"vc_empty_space_inner\"><\/span><\/div><\/div><\/div><\/div><\/div>","protected":false},"excerpt":{"rendered":"DES ETUDES EN METEOROLOGIE ? ENSP Maroua Batiment de l'\u00e9cole nationale sup\u00e9rieure polytechnique Ecole Nationale Sup\u00e9rieure Polytechnique de Maroua L\u2019Ecole Nationale Sup\u00e9rieure Polytechnique de Maroua, anciennement ISS (Institut Sup\u00e9rieur du [...]","protected":false},"author":1,"featured_media":0,"parent":998,"menu_order":0,"comment_status":"closed","ping_status":"closed","template":"","meta":{"footnotes":""},"class_list":["post-1446","page","type-page","status-publish","hentry"],"yoast_head":"<!-- This site is optimized with the Yoast SEO plugin v26.8 - https:\/\/yoast.com\/product\/yoast-seo-wordpress\/ -->\n<title>Ecole Nationale Sup\u00e9reure Polytechnique de Maroua<\/title>\n<meta name=\"description\" content=\"Ancienne Institut Superieur Du Sahel, pouvez vous former en m\u00e9t\u00e9orologie a l&#039;\u00e9cole Sup\u00e9rieure Polytechnique de Maroua ...\" \/>\n<meta name=\"robots\" content=\"index, follow, max-snippet:-1, max-image-preview:large, max-video-preview:-1\" \/>\n<link rel=\"canonical\" href=\"https:\/\/meteocameroon.gov.cm\/en\/ecole-de-formation\/ecole-superieure-polytechnique-de-maroua-formation\/\" \/>\n<meta property=\"og:locale\" content=\"en_US\" \/>\n<meta property=\"og:type\" content=\"article\" \/>\n<meta property=\"og:title\" content=\"Ecole Nationale Sup\u00e9reure Polytechnique de Maroua\" \/>\n<meta property=\"og:description\" content=\"Ancienne Institut Superieur Du Sahel, pouvez vous former en m\u00e9t\u00e9orologie a l&#039;\u00e9cole Sup\u00e9rieure Polytechnique de Maroua ...\" \/>\n<meta property=\"og:url\" content=\"https:\/\/meteocameroon.gov.cm\/en\/ecole-de-formation\/ecole-superieure-polytechnique-de-maroua-formation\/\" \/>\n<meta property=\"og:site_name\" content=\"M\u00e9t\u00e9orologie Nationale du Cameroun\" \/>\n<meta property=\"article:modified_time\" content=\"2024-08-03T14:54:40+00:00\" \/>\n<meta property=\"og:image\" content=\"https:\/\/actucameroun.com\/wp-content\/uploads\/2018\/07\/cameroun_la_toute_premiere_p_1527776526_polytech-maroua_31072018_otric_1213_ns_700_cameroon-info-p-net_800xm9x-800x480.jpg\" \/>\n<meta name=\"twitter:card\" content=\"summary_large_image\" \/>\n<meta name=\"twitter:label1\" content=\"Est. reading time\" \/>\n\t<meta name=\"twitter:data1\" content=\"2 minutes\" \/>\n<script type=\"application\/ld+json\" class=\"yoast-schema-graph\">{\"@context\":\"https:\/\/schema.org\",\"@graph\":[{\"@type\":\"WebPage\",\"@id\":\"https:\/\/meteocameroon.gov.cm\/ecole-de-formation\/ecole-superieure-polytechnique-de-maroua-formation\/\",\"url\":\"https:\/\/meteocameroon.gov.cm\/ecole-de-formation\/ecole-superieure-polytechnique-de-maroua-formation\/\",\"name\":\"Ecole Nationale Sup\u00e9reure Polytechnique de Maroua\",\"isPartOf\":{\"@id\":\"https:\/\/meteocameroon.gov.cm\/#website\"},\"primaryImageOfPage\":{\"@id\":\"https:\/\/meteocameroon.gov.cm\/ecole-de-formation\/ecole-superieure-polytechnique-de-maroua-formation\/#primaryimage\"},\"image\":{\"@id\":\"https:\/\/meteocameroon.gov.cm\/ecole-de-formation\/ecole-superieure-polytechnique-de-maroua-formation\/#primaryimage\"},\"thumbnailUrl\":\"https:\/\/actucameroun.com\/wp-content\/uploads\/2018\/07\/cameroun_la_toute_premiere_p_1527776526_polytech-maroua_31072018_otric_1213_ns_700_cameroon-info-p-net_800xm9x-800x480.jpg\",\"datePublished\":\"2022-04-19T11:40:17+00:00\",\"dateModified\":\"2024-08-03T14:54:40+00:00\",\"description\":\"Ancienne Institut Superieur Du Sahel, pouvez vous former en m\u00e9t\u00e9orologie a l'\u00e9cole Sup\u00e9rieure Polytechnique de Maroua ...\",\"breadcrumb\":{\"@id\":\"https:\/\/meteocameroon.gov.cm\/ecole-de-formation\/ecole-superieure-polytechnique-de-maroua-formation\/#breadcrumb\"},\"inLanguage\":\"en-US\",\"potentialAction\":[{\"@type\":\"ReadAction\",\"target\":[\"https:\/\/meteocameroon.gov.cm\/ecole-de-formation\/ecole-superieure-polytechnique-de-maroua-formation\/\"]}]},{\"@type\":\"ImageObject\",\"inLanguage\":\"en-US\",\"@id\":\"https:\/\/meteocameroon.gov.cm\/ecole-de-formation\/ecole-superieure-polytechnique-de-maroua-formation\/#primaryimage\",\"url\":\"https:\/\/actucameroun.com\/wp-content\/uploads\/2018\/07\/cameroun_la_toute_premiere_p_1527776526_polytech-maroua_31072018_otric_1213_ns_700_cameroon-info-p-net_800xm9x-800x480.jpg\",\"contentUrl\":\"https:\/\/actucameroun.com\/wp-content\/uploads\/2018\/07\/cameroun_la_toute_premiere_p_1527776526_polytech-maroua_31072018_otric_1213_ns_700_cameroon-info-p-net_800xm9x-800x480.jpg\"},{\"@type\":\"BreadcrumbList\",\"@id\":\"https:\/\/meteocameroon.gov.cm\/ecole-de-formation\/ecole-superieure-polytechnique-de-maroua-formation\/#breadcrumb\",\"itemListElement\":[{\"@type\":\"ListItem\",\"position\":1,\"name\":\"Accueil\",\"item\":\"https:\/\/meteocameroon.gov.cm\/\"},{\"@type\":\"ListItem\",\"position\":2,\"name\":\"Ecole de formation\",\"item\":\"https:\/\/meteocameroon.gov.cm\/ecole-de-formation\/\"},{\"@type\":\"ListItem\",\"position\":3,\"name\":\"Polytechnique de Maroua\"}]},{\"@type\":\"WebSite\",\"@id\":\"https:\/\/meteocameroon.gov.cm\/#website\",\"url\":\"https:\/\/meteocameroon.gov.cm\/\",\"name\":\"M\u00e9t\u00e9orologie Nationale du Cameroun\",\"description\":\"La m\u00e9t\u00e9o un outils pour le d\u00e9veloppement\",\"publisher\":{\"@id\":\"https:\/\/meteocameroon.gov.cm\/#organization\"},\"potentialAction\":[{\"@type\":\"SearchAction\",\"target\":{\"@type\":\"EntryPoint\",\"urlTemplate\":\"https:\/\/meteocameroon.gov.cm\/?s={search_term_string}\"},\"query-input\":{\"@type\":\"PropertyValueSpecification\",\"valueRequired\":true,\"valueName\":\"search_term_string\"}}],\"inLanguage\":\"en-US\"},{\"@type\":\"Organization\",\"@id\":\"https:\/\/meteocameroon.gov.cm\/#organization\",\"name\":\"M\u00e9t\u00e9orologie Nationale du Cameroun\",\"url\":\"https:\/\/meteocameroon.gov.cm\/\",\"logo\":{\"@type\":\"ImageObject\",\"inLanguage\":\"en-US\",\"@id\":\"https:\/\/meteocameroon.gov.cm\/#\/schema\/logo\/image\/\",\"url\":\"https:\/\/meteocameroon.gov.cm\/wp-content\/uploads\/2022\/06\/Artboard-14x-renew.jpg\",\"contentUrl\":\"https:\/\/meteocameroon.gov.cm\/wp-content\/uploads\/2022\/06\/Artboard-14x-renew.jpg\",\"width\":519,\"height\":504,\"caption\":\"M\u00e9t\u00e9orologie Nationale du Cameroun\"},\"image\":{\"@id\":\"https:\/\/meteocameroon.gov.cm\/#\/schema\/logo\/image\/\"}}]}<\/script>\n<!-- \/ Yoast SEO plugin. -->","yoast_head_json":{"title":"Ecole Nationale Sup\u00e9reure Polytechnique de Maroua","description":"Ancienne Institut Superieur Du Sahel, pouvez vous former en m\u00e9t\u00e9orologie a l'\u00e9cole Sup\u00e9rieure Polytechnique de Maroua ...","robots":{"index":"index","follow":"follow","max-snippet":"max-snippet:-1","max-image-preview":"max-image-preview:large","max-video-preview":"max-video-preview:-1"},"canonical":"https:\/\/meteocameroon.gov.cm\/en\/ecole-de-formation\/ecole-superieure-polytechnique-de-maroua-formation\/","og_locale":"en_US","og_type":"article","og_title":"Ecole Nationale Sup\u00e9reure Polytechnique de Maroua","og_description":"Ancienne Institut Superieur Du Sahel, pouvez vous former en m\u00e9t\u00e9orologie a l'\u00e9cole Sup\u00e9rieure Polytechnique de Maroua ...","og_url":"https:\/\/meteocameroon.gov.cm\/en\/ecole-de-formation\/ecole-superieure-polytechnique-de-maroua-formation\/","og_site_name":"M\u00e9t\u00e9orologie Nationale du Cameroun","article_modified_time":"2024-08-03T14:54:40+00:00","og_image":[{"url":"https:\/\/actucameroun.com\/wp-content\/uploads\/2018\/07\/cameroun_la_toute_premiere_p_1527776526_polytech-maroua_31072018_otric_1213_ns_700_cameroon-info-p-net_800xm9x-800x480.jpg","type":"","width":"","height":""}],"twitter_card":"summary_large_image","twitter_misc":{"Est. reading time":"2 minutes"},"schema":{"@context":"https:\/\/schema.org","@graph":[{"@type":"WebPage","@id":"https:\/\/meteocameroon.gov.cm\/ecole-de-formation\/ecole-superieure-polytechnique-de-maroua-formation\/","url":"https:\/\/meteocameroon.gov.cm\/ecole-de-formation\/ecole-superieure-polytechnique-de-maroua-formation\/","name":"Ecole Nationale Sup\u00e9reure Polytechnique de Maroua","isPartOf":{"@id":"https:\/\/meteocameroon.gov.cm\/#website"},"primaryImageOfPage":{"@id":"https:\/\/meteocameroon.gov.cm\/ecole-de-formation\/ecole-superieure-polytechnique-de-maroua-formation\/#primaryimage"},"image":{"@id":"https:\/\/meteocameroon.gov.cm\/ecole-de-formation\/ecole-superieure-polytechnique-de-maroua-formation\/#primaryimage"},"thumbnailUrl":"https:\/\/actucameroun.com\/wp-content\/uploads\/2018\/07\/cameroun_la_toute_premiere_p_1527776526_polytech-maroua_31072018_otric_1213_ns_700_cameroon-info-p-net_800xm9x-800x480.jpg","datePublished":"2022-04-19T11:40:17+00:00","dateModified":"2024-08-03T14:54:40+00:00","description":"Ancienne Institut Superieur Du Sahel, pouvez vous former en m\u00e9t\u00e9orologie a l'\u00e9cole Sup\u00e9rieure Polytechnique de Maroua ...","breadcrumb":{"@id":"https:\/\/meteocameroon.gov.cm\/ecole-de-formation\/ecole-superieure-polytechnique-de-maroua-formation\/#breadcrumb"},"inLanguage":"en-US","potentialAction":[{"@type":"ReadAction","target":["https:\/\/meteocameroon.gov.cm\/ecole-de-formation\/ecole-superieure-polytechnique-de-maroua-formation\/"]}]},{"@type":"ImageObject","inLanguage":"en-US","@id":"https:\/\/meteocameroon.gov.cm\/ecole-de-formation\/ecole-superieure-polytechnique-de-maroua-formation\/#primaryimage","url":"https:\/\/actucameroun.com\/wp-content\/uploads\/2018\/07\/cameroun_la_toute_premiere_p_1527776526_polytech-maroua_31072018_otric_1213_ns_700_cameroon-info-p-net_800xm9x-800x480.jpg","contentUrl":"https:\/\/actucameroun.com\/wp-content\/uploads\/2018\/07\/cameroun_la_toute_premiere_p_1527776526_polytech-maroua_31072018_otric_1213_ns_700_cameroon-info-p-net_800xm9x-800x480.jpg"},{"@type":"BreadcrumbList","@id":"https:\/\/meteocameroon.gov.cm\/ecole-de-formation\/ecole-superieure-polytechnique-de-maroua-formation\/#breadcrumb","itemListElement":[{"@type":"ListItem","position":1,"name":"Accueil","item":"https:\/\/meteocameroon.gov.cm\/"},{"@type":"ListItem","position":2,"name":"Ecole de formation","item":"https:\/\/meteocameroon.gov.cm\/ecole-de-formation\/"},{"@type":"ListItem","position":3,"name":"Polytechnique de Maroua"}]},{"@type":"WebSite","@id":"https:\/\/meteocameroon.gov.cm\/#website","url":"https:\/\/meteocameroon.gov.cm\/","name":"M\u00e9t\u00e9orologie Nationale du Cameroun","description":"La m\u00e9t\u00e9o un outils pour le d\u00e9veloppement","publisher":{"@id":"https:\/\/meteocameroon.gov.cm\/#organization"},"potentialAction":[{"@type":"SearchAction","target":{"@type":"EntryPoint","urlTemplate":"https:\/\/meteocameroon.gov.cm\/?s={search_term_string}"},"query-input":{"@type":"PropertyValueSpecification","valueRequired":true,"valueName":"search_term_string"}}],"inLanguage":"en-US"},{"@type":"Organization","@id":"https:\/\/meteocameroon.gov.cm\/#organization","name":"M\u00e9t\u00e9orologie Nationale du Cameroun","url":"https:\/\/meteocameroon.gov.cm\/","logo":{"@type":"ImageObject","inLanguage":"en-US","@id":"https:\/\/meteocameroon.gov.cm\/#\/schema\/logo\/image\/","url":"https:\/\/meteocameroon.gov.cm\/wp-content\/uploads\/2022\/06\/Artboard-14x-renew.jpg","contentUrl":"https:\/\/meteocameroon.gov.cm\/wp-content\/uploads\/2022\/06\/Artboard-14x-renew.jpg","width":519,"height":504,"caption":"M\u00e9t\u00e9orologie Nationale du Cameroun"},"image":{"@id":"https:\/\/meteocameroon.gov.cm\/#\/schema\/logo\/image\/"}}]}},"rttpg_featured_image_url":null,"rttpg_author":{"display_name":"superadmin","author_link":"https:\/\/meteocameroon.gov.cm\/en\/author\/superadmin\/"},"rttpg_comment":0,"rttpg_category":null,"rttpg_excerpt":null,"_links":{"self":[{"href":"https:\/\/meteocameroon.gov.cm\/en\/wp-json\/wp\/v2\/pages\/1446","targetHints":{"allow":["GET"]}}],"collection":[{"href":"https:\/\/meteocameroon.gov.cm\/en\/wp-json\/wp\/v2\/pages"}],"about":[{"href":"https:\/\/meteocameroon.gov.cm\/en\/wp-json\/wp\/v2\/types\/page"}],"author":[{"embeddable":true,"href":"https:\/\/meteocameroon.gov.cm\/en\/wp-json\/wp\/v2\/users\/1"}],"replies":[{"embeddable":true,"href":"https:\/\/meteocameroon.gov.cm\/en\/wp-json\/wp\/v2\/comments?post=1446"}],"version-history":[{"count":30,"href":"https:\/\/meteocameroon.gov.cm\/en\/wp-json\/wp\/v2\/pages\/1446\/revisions"}],"predecessor-version":[{"id":4413,"href":"https:\/\/meteocameroon.gov.cm\/en\/wp-json\/wp\/v2\/pages\/1446\/revisions\/4413"}],"up":[{"embeddable":true,"href":"https:\/\/meteocameroon.gov.cm\/en\/wp-json\/wp\/v2\/pages\/998"}],"wp:attachment":[{"href":"https:\/\/meteocameroon.gov.cm\/en\/wp-json\/wp\/v2\/media?parent=1446"}],"curies":[{"name":"wp","href":"https:\/\/api.w.org\/{rel}","templated":true}]}}