{"id":1465,"date":"2022-04-19T13:07:49","date_gmt":"2022-04-19T12:07:49","guid":{"rendered":"https:\/\/meteocameroon.gov.cm\/?page_id=1465"},"modified":"2024-08-03T16:06:30","modified_gmt":"2024-08-03T15:06:30","slug":"ecole-nationale-superieure-polytechnique-de-yaounde","status":"publish","type":"page","link":"https:\/\/meteocameroon.gov.cm\/en\/ecole-de-formation\/ecole-nationale-superieure-polytechnique-de-yaounde\/","title":{"rendered":"National Advanced School of Engineering, Yaounde"},"content":{"rendered":"<div class=\"vc_row wpb_row vc_row-fluid sigma-bg-color-transparent sigma-background-position-left-top sigma-title-color-default\"><div class=\"wpb_column vc_column_container vc_col-sm-12 sigma-bg-color-transparent sigma-background-position-left-top sigma-title-color-default\"><div class=\"vc_column-inner\"><div class=\"wpb_wrapper\">\r\n\t\t<div  class=\"sigma_custom_heading_wrapper sigma-custom-heading-1722614694 sigma-shortcode-wrapper custom-heading-style-6 text-center  vc_custom_1722697513761\">\r\r\n\t\t\t<div class=\"section-title sigma-custom-heading-wrapper\">\r\n\t\t\t<div class=\"sigma-heading-subtitle-wrapper\">\r\n\t\t\t<p class=\"heading-subtitle\">\r\n      <span><\/span>\r\n\t\t\t\tMeteorological study ?          <span><\/span>\r\n  \t\t\t<\/p>\r\n\t\t<\/div>\r\n\t\t\t\t<div class=\"sigma-heading-title-wrapper\">\r\n\t\t\t<h3 class=\"heading-title text-uppercase\">\r\n\t\t\t\tNASE Yaounde\t\t\t<\/h3>\r\n\t\t<\/div>\r\n\t\t<\/div>\r\n\r\n\t\t<\/div>\r\r\n\t\t<\/div><\/div><\/div><div class=\"wpb_column vc_column_container vc_col-sm-12 sigma-bg-color-transparent sigma-background-position-left-top sigma-title-color-default\"><div class=\"vc_column-inner\"><div class=\"wpb_wrapper\">\n\t<div class=\"wpb_text_column wpb_content_element\" >\n\t\t<div class=\"wpb_wrapper\">\n\t\t\t<div class=\"wp-block-group alignfull ext-my-0 ext\">\n<div class=\"wp-block-media-text alignwide is-stacked-on-mobile ext-py-lg ext\">\n<figure class=\"wp-block-media-text__media\"><img decoding=\"async\" src=\"http:\/\/www.investiraucameroun.com\/media\/k2\/items\/cache\/1085b4bd21ffae77dfae0aeba4559b95_L.jpg\" alt=\"Au Cameroun, l'Autorit\u00e9 a\u00e9ronautique sollicite Polytech pour le recyclage des carcasses des a\u00e9ronefs - Investir au Cameroun\" \/><\/figure>\n<div class=\"wp-block-media-text__content is-layout-flow wp-block-cover-is-layout-flow\">\n<h2 id=\"a-second-heading\" class=\"has-ext-large-font-size ext-mt-base tablet:ext-mt-0 wp-block-heading\">National Advanced School of Engineering, Yaounde<\/h2>\n<p><\/p>\n<p id=\"a-second-heading\">The National Advanced School of Engineering, Yaounde (ENSPY) was founded in 1971. It offers\nengineering courses as well as Masters and Doctoral programs. There are many courses\navailable, including Meteorological Engineering,<br \/>but also Civil Engineering, Computer\nEngineering, Electrical Engineering, Industrial Engineering, Telecommunications Engineering\nand Mechanical Engineering.<\/p>\n<p>Admission to the ENSPY is done only by competitive examination. It can be done in the first year under a scientific General Certificate Advanced Level (GCE A Level) or in the third year under a scientific bachelor.<\/p>\n<div class=\"wp-block-buttons is-layout-flex wp-block-buttons-is-layout-flex\">\n<\/div>\n<\/div>\n<\/div>\n<\/div>\n<p><!-- \/wp:post-content --><\/p>\n<p><!-- wp:paragraph \/--><\/p>\n\n\t\t<\/div>\n\t<\/div>\n\n\t<div class=\"wpb_text_column wpb_content_element\" >\n\t\t<div class=\"wpb_wrapper\">\n\t\t\t<p>Les places sont limit\u00e9es \u00e0 200 pour l&#8217;entr\u00e9e en premi\u00e8re ann\u00e9e. Le concours se d\u00e9roule g\u00e9n\u00e9ralement au mois de juillet. L&#8217;entr\u00e9e en premi\u00e8re ann\u00e9e se fait en 2 \u00e9preuves de math\u00e9matiques et deux \u00e9preuves de physique d&#8217;\u00e9gal coefficient. Celle en troisi\u00e8me ann\u00e9e se fait en Math\u00e9matiques, Physique et Informatique. Il faut noter que le programme de concours de premi\u00e8re ann\u00e9e est celui des classes de seconde, premi\u00e8re et terminale des lyc\u00e9es d&#8217;enseignement secondaire de s\u00e9rie C( Sciences math\u00e9matiques) du Cameroun. ENSPY lan\u00e7a le premier concours de formation des Ing\u00e9nieurs de M\u00e9t\u00e9orologie en D\u00e9cembre 2016. Depuis lors 03 promotions ont soutenue dont 02 ont d\u00e9j\u00e0 \u00e9t\u00e9 mise \u00e0 la disposition du Minist\u00e8re des Transports.<\/p>\n\n\t\t<\/div>\n\t<\/div>\n<\/div><\/div><\/div><\/div><div class=\"vc_row wpb_row vc_row-fluid sigma-bg-color-transparent sigma-background-position-left-top sigma-title-color-default\"><div class=\"wpb_column vc_column_container vc_col-sm-12 sigma-bg-color-transparent sigma-background-position-left-top sigma-title-color-default\"><div class=\"vc_column-inner\"><div class=\"wpb_wrapper\">\n\t<div class=\"wpb_text_column wpb_content_element  vc_custom_1722697111411\" >\n\t\t<div class=\"wpb_wrapper\">\n\t\t\t\n\t\t<\/div>\n\t<\/div>\n<\/div><\/div><\/div><\/div><div class=\"vc_row wpb_row vc_row-fluid sigma-bg-color-transparent sigma-background-position-left-top sigma-title-color-default\"><div class=\"wpb_column vc_column_container vc_col-sm-12 sigma-bg-color-transparent sigma-background-position-left-top sigma-title-color-default\"><div class=\"vc_column-inner\"><div class=\"wpb_wrapper\"><div class=\"vc_empty_space\"   style=\"height: 50px\"><span class=\"vc_empty_space_inner\"><\/span><\/div><\/div><\/div><\/div><\/div>","protected":false},"excerpt":{"rendered":"DES ETUDES EN METEOROLOGIE ? ENSP Yaound\u00e9 Ecole Nationale Sup\u00e9rieure Polytechnique de Yaound\u00e9 L\u2019\u00c9cole Nationale Sup\u00e9rieure Polytechnique de Yaound\u00e9 (ENSPY) a \u00e9t\u00e9 fond\u00e9e en 1971. Elle propose des formations en [...]","protected":false},"author":1,"featured_media":0,"parent":998,"menu_order":0,"comment_status":"closed","ping_status":"closed","template":"","meta":{"footnotes":""},"class_list":["post-1465","page","type-page","status-publish","hentry"],"yoast_head":"<!-- This site is optimized with the Yoast SEO plugin v26.8 - https:\/\/yoast.com\/product\/yoast-seo-wordpress\/ -->\n<title>Ecole Nationale Sup\u00e9rieure Polytechnique de Yaound\u00e9 - M\u00e9t\u00e9orologie Nationale du Cameroun<\/title>\n<meta name=\"robots\" content=\"index, follow, max-snippet:-1, max-image-preview:large, max-video-preview:-1\" \/>\n<link rel=\"canonical\" href=\"https:\/\/meteocameroon.gov.cm\/en\/ecole-de-formation\/ecole-nationale-superieure-polytechnique-de-yaounde\/\" \/>\n<meta property=\"og:locale\" content=\"en_US\" \/>\n<meta property=\"og:type\" content=\"article\" \/>\n<meta property=\"og:title\" content=\"Ecole Nationale Sup\u00e9rieure Polytechnique de Yaound\u00e9 - M\u00e9t\u00e9orologie Nationale du Cameroun\" \/>\n<meta property=\"og:url\" content=\"https:\/\/meteocameroon.gov.cm\/en\/ecole-de-formation\/ecole-nationale-superieure-polytechnique-de-yaounde\/\" \/>\n<meta property=\"og:site_name\" content=\"M\u00e9t\u00e9orologie Nationale du Cameroun\" \/>\n<meta property=\"article:modified_time\" content=\"2024-08-03T15:06:30+00:00\" \/>\n<meta property=\"og:image\" content=\"http:\/\/www.investiraucameroun.com\/media\/k2\/items\/cache\/1085b4bd21ffae77dfae0aeba4559b95_L.jpg\" \/>\n<meta name=\"twitter:card\" content=\"summary_large_image\" \/>\n<meta name=\"twitter:label1\" content=\"Est. reading time\" \/>\n\t<meta name=\"twitter:data1\" content=\"1 minute\" \/>\n<script type=\"application\/ld+json\" class=\"yoast-schema-graph\">{\"@context\":\"https:\/\/schema.org\",\"@graph\":[{\"@type\":\"WebPage\",\"@id\":\"https:\/\/meteocameroon.gov.cm\/ecole-de-formation\/ecole-nationale-superieure-polytechnique-de-yaounde\/\",\"url\":\"https:\/\/meteocameroon.gov.cm\/ecole-de-formation\/ecole-nationale-superieure-polytechnique-de-yaounde\/\",\"name\":\"Ecole Nationale Sup\u00e9rieure Polytechnique de Yaound\u00e9 - M\u00e9t\u00e9orologie Nationale du Cameroun\",\"isPartOf\":{\"@id\":\"https:\/\/meteocameroon.gov.cm\/#website\"},\"primaryImageOfPage\":{\"@id\":\"https:\/\/meteocameroon.gov.cm\/ecole-de-formation\/ecole-nationale-superieure-polytechnique-de-yaounde\/#primaryimage\"},\"image\":{\"@id\":\"https:\/\/meteocameroon.gov.cm\/ecole-de-formation\/ecole-nationale-superieure-polytechnique-de-yaounde\/#primaryimage\"},\"thumbnailUrl\":\"http:\/\/www.investiraucameroun.com\/media\/k2\/items\/cache\/1085b4bd21ffae77dfae0aeba4559b95_L.jpg\",\"datePublished\":\"2022-04-19T12:07:49+00:00\",\"dateModified\":\"2024-08-03T15:06:30+00:00\",\"breadcrumb\":{\"@id\":\"https:\/\/meteocameroon.gov.cm\/ecole-de-formation\/ecole-nationale-superieure-polytechnique-de-yaounde\/#breadcrumb\"},\"inLanguage\":\"en-US\",\"potentialAction\":[{\"@type\":\"ReadAction\",\"target\":[\"https:\/\/meteocameroon.gov.cm\/ecole-de-formation\/ecole-nationale-superieure-polytechnique-de-yaounde\/\"]}]},{\"@type\":\"ImageObject\",\"inLanguage\":\"en-US\",\"@id\":\"https:\/\/meteocameroon.gov.cm\/ecole-de-formation\/ecole-nationale-superieure-polytechnique-de-yaounde\/#primaryimage\",\"url\":\"http:\/\/www.investiraucameroun.com\/media\/k2\/items\/cache\/1085b4bd21ffae77dfae0aeba4559b95_L.jpg\",\"contentUrl\":\"http:\/\/www.investiraucameroun.com\/media\/k2\/items\/cache\/1085b4bd21ffae77dfae0aeba4559b95_L.jpg\"},{\"@type\":\"BreadcrumbList\",\"@id\":\"https:\/\/meteocameroon.gov.cm\/ecole-de-formation\/ecole-nationale-superieure-polytechnique-de-yaounde\/#breadcrumb\",\"itemListElement\":[{\"@type\":\"ListItem\",\"position\":1,\"name\":\"Accueil\",\"item\":\"https:\/\/meteocameroon.gov.cm\/\"},{\"@type\":\"ListItem\",\"position\":2,\"name\":\"Ecole de formation\",\"item\":\"https:\/\/meteocameroon.gov.cm\/ecole-de-formation\/\"},{\"@type\":\"ListItem\",\"position\":3,\"name\":\"Ecole Nationale Sup\u00e9rieure Polytechnique de Yaound\u00e9\"}]},{\"@type\":\"WebSite\",\"@id\":\"https:\/\/meteocameroon.gov.cm\/#website\",\"url\":\"https:\/\/meteocameroon.gov.cm\/\",\"name\":\"M\u00e9t\u00e9orologie Nationale du Cameroun\",\"description\":\"La m\u00e9t\u00e9o un outils pour le d\u00e9veloppement\",\"publisher\":{\"@id\":\"https:\/\/meteocameroon.gov.cm\/#organization\"},\"potentialAction\":[{\"@type\":\"SearchAction\",\"target\":{\"@type\":\"EntryPoint\",\"urlTemplate\":\"https:\/\/meteocameroon.gov.cm\/?s={search_term_string}\"},\"query-input\":{\"@type\":\"PropertyValueSpecification\",\"valueRequired\":true,\"valueName\":\"search_term_string\"}}],\"inLanguage\":\"en-US\"},{\"@type\":\"Organization\",\"@id\":\"https:\/\/meteocameroon.gov.cm\/#organization\",\"name\":\"M\u00e9t\u00e9orologie Nationale du Cameroun\",\"url\":\"https:\/\/meteocameroon.gov.cm\/\",\"logo\":{\"@type\":\"ImageObject\",\"inLanguage\":\"en-US\",\"@id\":\"https:\/\/meteocameroon.gov.cm\/#\/schema\/logo\/image\/\",\"url\":\"https:\/\/meteocameroon.gov.cm\/wp-content\/uploads\/2022\/06\/Artboard-14x-renew.jpg\",\"contentUrl\":\"https:\/\/meteocameroon.gov.cm\/wp-content\/uploads\/2022\/06\/Artboard-14x-renew.jpg\",\"width\":519,\"height\":504,\"caption\":\"M\u00e9t\u00e9orologie Nationale du Cameroun\"},\"image\":{\"@id\":\"https:\/\/meteocameroon.gov.cm\/#\/schema\/logo\/image\/\"}}]}<\/script>\n<!-- \/ Yoast SEO plugin. -->","yoast_head_json":{"title":"Ecole Nationale Sup\u00e9rieure Polytechnique de Yaound\u00e9 - M\u00e9t\u00e9orologie Nationale du Cameroun","robots":{"index":"index","follow":"follow","max-snippet":"max-snippet:-1","max-image-preview":"max-image-preview:large","max-video-preview":"max-video-preview:-1"},"canonical":"https:\/\/meteocameroon.gov.cm\/en\/ecole-de-formation\/ecole-nationale-superieure-polytechnique-de-yaounde\/","og_locale":"en_US","og_type":"article","og_title":"Ecole Nationale Sup\u00e9rieure Polytechnique de Yaound\u00e9 - M\u00e9t\u00e9orologie Nationale du Cameroun","og_url":"https:\/\/meteocameroon.gov.cm\/en\/ecole-de-formation\/ecole-nationale-superieure-polytechnique-de-yaounde\/","og_site_name":"M\u00e9t\u00e9orologie Nationale du Cameroun","article_modified_time":"2024-08-03T15:06:30+00:00","og_image":[{"url":"http:\/\/www.investiraucameroun.com\/media\/k2\/items\/cache\/1085b4bd21ffae77dfae0aeba4559b95_L.jpg","type":"","width":"","height":""}],"twitter_card":"summary_large_image","twitter_misc":{"Est. reading time":"1 minute"},"schema":{"@context":"https:\/\/schema.org","@graph":[{"@type":"WebPage","@id":"https:\/\/meteocameroon.gov.cm\/ecole-de-formation\/ecole-nationale-superieure-polytechnique-de-yaounde\/","url":"https:\/\/meteocameroon.gov.cm\/ecole-de-formation\/ecole-nationale-superieure-polytechnique-de-yaounde\/","name":"Ecole Nationale Sup\u00e9rieure Polytechnique de Yaound\u00e9 - M\u00e9t\u00e9orologie Nationale du Cameroun","isPartOf":{"@id":"https:\/\/meteocameroon.gov.cm\/#website"},"primaryImageOfPage":{"@id":"https:\/\/meteocameroon.gov.cm\/ecole-de-formation\/ecole-nationale-superieure-polytechnique-de-yaounde\/#primaryimage"},"image":{"@id":"https:\/\/meteocameroon.gov.cm\/ecole-de-formation\/ecole-nationale-superieure-polytechnique-de-yaounde\/#primaryimage"},"thumbnailUrl":"http:\/\/www.investiraucameroun.com\/media\/k2\/items\/cache\/1085b4bd21ffae77dfae0aeba4559b95_L.jpg","datePublished":"2022-04-19T12:07:49+00:00","dateModified":"2024-08-03T15:06:30+00:00","breadcrumb":{"@id":"https:\/\/meteocameroon.gov.cm\/ecole-de-formation\/ecole-nationale-superieure-polytechnique-de-yaounde\/#breadcrumb"},"inLanguage":"en-US","potentialAction":[{"@type":"ReadAction","target":["https:\/\/meteocameroon.gov.cm\/ecole-de-formation\/ecole-nationale-superieure-polytechnique-de-yaounde\/"]}]},{"@type":"ImageObject","inLanguage":"en-US","@id":"https:\/\/meteocameroon.gov.cm\/ecole-de-formation\/ecole-nationale-superieure-polytechnique-de-yaounde\/#primaryimage","url":"http:\/\/www.investiraucameroun.com\/media\/k2\/items\/cache\/1085b4bd21ffae77dfae0aeba4559b95_L.jpg","contentUrl":"http:\/\/www.investiraucameroun.com\/media\/k2\/items\/cache\/1085b4bd21ffae77dfae0aeba4559b95_L.jpg"},{"@type":"BreadcrumbList","@id":"https:\/\/meteocameroon.gov.cm\/ecole-de-formation\/ecole-nationale-superieure-polytechnique-de-yaounde\/#breadcrumb","itemListElement":[{"@type":"ListItem","position":1,"name":"Accueil","item":"https:\/\/meteocameroon.gov.cm\/"},{"@type":"ListItem","position":2,"name":"Ecole de formation","item":"https:\/\/meteocameroon.gov.cm\/ecole-de-formation\/"},{"@type":"ListItem","position":3,"name":"Ecole Nationale Sup\u00e9rieure Polytechnique de Yaound\u00e9"}]},{"@type":"WebSite","@id":"https:\/\/meteocameroon.gov.cm\/#website","url":"https:\/\/meteocameroon.gov.cm\/","name":"M\u00e9t\u00e9orologie Nationale du Cameroun","description":"La m\u00e9t\u00e9o un outils pour le d\u00e9veloppement","publisher":{"@id":"https:\/\/meteocameroon.gov.cm\/#organization"},"potentialAction":[{"@type":"SearchAction","target":{"@type":"EntryPoint","urlTemplate":"https:\/\/meteocameroon.gov.cm\/?s={search_term_string}"},"query-input":{"@type":"PropertyValueSpecification","valueRequired":true,"valueName":"search_term_string"}}],"inLanguage":"en-US"},{"@type":"Organization","@id":"https:\/\/meteocameroon.gov.cm\/#organization","name":"M\u00e9t\u00e9orologie Nationale du Cameroun","url":"https:\/\/meteocameroon.gov.cm\/","logo":{"@type":"ImageObject","inLanguage":"en-US","@id":"https:\/\/meteocameroon.gov.cm\/#\/schema\/logo\/image\/","url":"https:\/\/meteocameroon.gov.cm\/wp-content\/uploads\/2022\/06\/Artboard-14x-renew.jpg","contentUrl":"https:\/\/meteocameroon.gov.cm\/wp-content\/uploads\/2022\/06\/Artboard-14x-renew.jpg","width":519,"height":504,"caption":"M\u00e9t\u00e9orologie Nationale du Cameroun"},"image":{"@id":"https:\/\/meteocameroon.gov.cm\/#\/schema\/logo\/image\/"}}]}},"rttpg_featured_image_url":null,"rttpg_author":{"display_name":"superadmin","author_link":"https:\/\/meteocameroon.gov.cm\/en\/author\/superadmin\/"},"rttpg_comment":0,"rttpg_category":null,"rttpg_excerpt":null,"_links":{"self":[{"href":"https:\/\/meteocameroon.gov.cm\/en\/wp-json\/wp\/v2\/pages\/1465","targetHints":{"allow":["GET"]}}],"collection":[{"href":"https:\/\/meteocameroon.gov.cm\/en\/wp-json\/wp\/v2\/pages"}],"about":[{"href":"https:\/\/meteocameroon.gov.cm\/en\/wp-json\/wp\/v2\/types\/page"}],"author":[{"embeddable":true,"href":"https:\/\/meteocameroon.gov.cm\/en\/wp-json\/wp\/v2\/users\/1"}],"replies":[{"embeddable":true,"href":"https:\/\/meteocameroon.gov.cm\/en\/wp-json\/wp\/v2\/comments?post=1465"}],"version-history":[{"count":21,"href":"https:\/\/meteocameroon.gov.cm\/en\/wp-json\/wp\/v2\/pages\/1465\/revisions"}],"predecessor-version":[{"id":4424,"href":"https:\/\/meteocameroon.gov.cm\/en\/wp-json\/wp\/v2\/pages\/1465\/revisions\/4424"}],"up":[{"embeddable":true,"href":"https:\/\/meteocameroon.gov.cm\/en\/wp-json\/wp\/v2\/pages\/998"}],"wp:attachment":[{"href":"https:\/\/meteocameroon.gov.cm\/en\/wp-json\/wp\/v2\/media?parent=1465"}],"curies":[{"name":"wp","href":"https:\/\/api.w.org\/{rel}","templated":true}]}}