{"id":1474,"date":"2022-04-19T16:37:55","date_gmt":"2022-04-19T14:37:55","guid":{"rendered":"https:\/\/meteocameroon.gov.cm\/?page_id=1474"},"modified":"2022-04-19T16:50:48","modified_gmt":"2022-04-19T14:50:48","slug":"sous-direction-des-applications-meteorologiques","status":"publish","type":"page","link":"https:\/\/meteocameroon.gov.cm\/en\/services-de-la-dirmet\/sous-direction-des-applications-meteorologiques\/","title":{"rendered":"Sub-Department of Meteorological Applications"},"content":{"rendered":"<div class=\"vc_row wpb_row vc_row-fluid sigma-bg-color-transparent sigma-background-position-left-top sigma-title-color-default\"><div class=\"wpb_column vc_column_container vc_col-sm-12 sigma-bg-color-transparent sigma-background-position-left-top sigma-title-color-default\"><div class=\"vc_column-inner\"><div class=\"wpb_wrapper\">\r\n\t\t<div  class=\"sigma_custom_heading_wrapper sigma-custom-heading-748543950 sigma-shortcode-wrapper custom-heading-style-6 text-center  vc_custom_1650379423612\">\r\r\n\t\t\t<div class=\"section-title sigma-custom-heading-wrapper\">\r\n\t\t\t<div class=\"sigma-heading-subtitle-wrapper\">\r\n\t\t\t<p class=\"heading-subtitle\">\r\n      <span><\/span>\r\n\t\t\t\tSub-Department of Meteorological Applications          <span><\/span>\r\n  \t\t\t<\/p>\r\n\t\t<\/div>\r\n\t\t<\/div>\r\n\r\n\t\t<\/div>\r\r\n\t\t<\/div><\/div><\/div><div class=\"wpb_column vc_column_container vc_col-sm-12 sigma-bg-color-transparent sigma-background-position-left-top sigma-title-color-default\"><div class=\"vc_column-inner\"><div class=\"wpb_wrapper\">\n\t<div class=\"wpb_text_column wpb_content_element  vc_custom_1650379819158\" >\n\t\t<div class=\"wpb_wrapper\">\n\t\t\t<div class=\"wp-block-group alignfull ext-my-0 ext\">\n<div class=\"wp-block-media-text alignwide is-stacked-on-mobile ext-py-lg ext\">\n<figure class=\"wp-block-media-text__media\"><img loading=\"lazy\" decoding=\"async\" class=\"alignnone size-medium wp-image-1293\" src=\"https:\/\/meteocameroon.gov.cm\/wp-content\/uploads\/2022\/04\/Sous-Direction-des-Applications-Meteorologiques-295x300.png\" alt=\"\" width=\"295\" height=\"300\" \/><\/figure>\n<div class=\"wp-block-media-text__content is-layout-flow wp-block-cover-is-layout-flow\">\n<h2 class=\"wp-block-heading\">Sub-Department of Meteorological Applications<\/h2>\n<p><\/p>\n<p id=\"a-second-heading\">Under the authority of a Head of Department, the International Technical Co-operation Service shall be responsible for the follow-up of matters relating to the World Meteorological Organization (WMO) and its subsidiary bodies; monitoring Cameroon\u2019s participation in the negotiation of meteorological agreements and conventions as well as conferences whose purpose is related to meteorology and the atmospheric environment;<\/p>\n<div class=\"wp-block-buttons is-layout-flex wp-block-buttons-is-layout-flex\"><\/div>\n<\/div>\n<\/div>\n<\/div>\n<p><!-- \/wp:post-content --><\/p>\n<p>&nbsp;<\/p>\n<p><!-- wp:paragraph \/--><\/p>\n<p>&nbsp;<\/p>\n\n\t\t<\/div>\n\t<\/div>\n<\/div><\/div><\/div><\/div><div class=\"vc_row wpb_row vc_row-fluid sigma-bg-color-transparent sigma-background-position-left-top sigma-title-color-default\"><div class=\"wpb_column vc_column_container vc_col-sm-12 sigma-bg-color-transparent sigma-background-position-left-top sigma-title-color-default\"><div class=\"vc_column-inner\"><div class=\"wpb_wrapper\">\n\t<div class=\"wpb_text_column wpb_content_element  vc_custom_1650364926381\" >\n\t\t<div class=\"wpb_wrapper\">\n\t\t\t\n\t\t<\/div>\n\t<\/div>\n<\/div><\/div><\/div><\/div><div class=\"vc_row wpb_row vc_row-fluid sigma-bg-color-transparent sigma-background-position-left-top sigma-title-color-default\"><div class=\"wpb_column vc_column_container vc_col-sm-12 sigma-bg-color-transparent sigma-background-position-left-top sigma-title-color-default\"><div class=\"vc_column-inner\"><div class=\"wpb_wrapper\"><div class=\"vc_empty_space\"   style=\"height: 50px\"><span class=\"vc_empty_space_inner\"><\/span><\/div><\/div><\/div><\/div><\/div>","protected":false},"excerpt":{"rendered":"Sous-Direction des Applications M\u00e9t\u00e9orologiques Sous-Direction des Applications M\u00e9t\u00e9orologiques Plac\u00e9 sous l\u2019autorit\u00e9 d\u2019un Sous-Directeur, la Sous-Direction des Applications M\u00e9t\u00e9orologiques est charg\u00e9e de l\u2019\u00e9laboration, du traitement et de l\u2019archivage des informations m\u00e9t\u00e9orologiques, [...]","protected":false},"author":1,"featured_media":0,"parent":1237,"menu_order":0,"comment_status":"closed","ping_status":"closed","template":"","meta":{"footnotes":""},"class_list":["post-1474","page","type-page","status-publish","hentry"],"yoast_head":"<!-- This site is optimized with the Yoast SEO plugin v26.8 - https:\/\/yoast.com\/product\/yoast-seo-wordpress\/ -->\n<title>Sous-Direction des Applications M\u00e9t\u00e9orologiques - M\u00e9t\u00e9orologie Nationale du Cameroun<\/title>\n<meta name=\"robots\" content=\"index, follow, max-snippet:-1, max-image-preview:large, max-video-preview:-1\" \/>\n<link rel=\"canonical\" href=\"https:\/\/meteocameroon.gov.cm\/en\/services-de-la-dirmet\/sous-direction-des-applications-meteorologiques\/\" \/>\n<meta property=\"og:locale\" content=\"en_US\" \/>\n<meta property=\"og:type\" content=\"article\" \/>\n<meta property=\"og:title\" content=\"Sous-Direction des Applications M\u00e9t\u00e9orologiques - M\u00e9t\u00e9orologie Nationale du Cameroun\" \/>\n<meta property=\"og:url\" content=\"https:\/\/meteocameroon.gov.cm\/en\/services-de-la-dirmet\/sous-direction-des-applications-meteorologiques\/\" \/>\n<meta property=\"og:site_name\" content=\"M\u00e9t\u00e9orologie Nationale du Cameroun\" \/>\n<meta property=\"article:modified_time\" content=\"2022-04-19T14:50:48+00:00\" \/>\n<meta property=\"og:image\" content=\"https:\/\/meteocameroon.gov.cm\/wp-content\/uploads\/2022\/04\/Sous-Direction-des-Applications-Meteorologiques-295x300.png\" \/>\n<meta name=\"twitter:card\" content=\"summary_large_image\" \/>\n<meta name=\"twitter:label1\" content=\"Est. reading time\" \/>\n\t<meta name=\"twitter:data1\" content=\"2 minutes\" \/>\n<script type=\"application\/ld+json\" class=\"yoast-schema-graph\">{\"@context\":\"https:\/\/schema.org\",\"@graph\":[{\"@type\":\"WebPage\",\"@id\":\"https:\/\/meteocameroon.gov.cm\/services-de-la-dirmet\/sous-direction-des-applications-meteorologiques\/\",\"url\":\"https:\/\/meteocameroon.gov.cm\/services-de-la-dirmet\/sous-direction-des-applications-meteorologiques\/\",\"name\":\"Sous-Direction des Applications M\u00e9t\u00e9orologiques - M\u00e9t\u00e9orologie Nationale du Cameroun\",\"isPartOf\":{\"@id\":\"https:\/\/meteocameroon.gov.cm\/#website\"},\"primaryImageOfPage\":{\"@id\":\"https:\/\/meteocameroon.gov.cm\/services-de-la-dirmet\/sous-direction-des-applications-meteorologiques\/#primaryimage\"},\"image\":{\"@id\":\"https:\/\/meteocameroon.gov.cm\/services-de-la-dirmet\/sous-direction-des-applications-meteorologiques\/#primaryimage\"},\"thumbnailUrl\":\"https:\/\/meteocameroon.gov.cm\/wp-content\/uploads\/2022\/04\/Sous-Direction-des-Applications-Meteorologiques-295x300.png\",\"datePublished\":\"2022-04-19T14:37:55+00:00\",\"dateModified\":\"2022-04-19T14:50:48+00:00\",\"breadcrumb\":{\"@id\":\"https:\/\/meteocameroon.gov.cm\/services-de-la-dirmet\/sous-direction-des-applications-meteorologiques\/#breadcrumb\"},\"inLanguage\":\"en-US\",\"potentialAction\":[{\"@type\":\"ReadAction\",\"target\":[\"https:\/\/meteocameroon.gov.cm\/services-de-la-dirmet\/sous-direction-des-applications-meteorologiques\/\"]}]},{\"@type\":\"ImageObject\",\"inLanguage\":\"en-US\",\"@id\":\"https:\/\/meteocameroon.gov.cm\/services-de-la-dirmet\/sous-direction-des-applications-meteorologiques\/#primaryimage\",\"url\":\"https:\/\/meteocameroon.gov.cm\/wp-content\/uploads\/2022\/04\/Sous-Direction-des-Applications-Meteorologiques-295x300.png\",\"contentUrl\":\"https:\/\/meteocameroon.gov.cm\/wp-content\/uploads\/2022\/04\/Sous-Direction-des-Applications-Meteorologiques-295x300.png\"},{\"@type\":\"BreadcrumbList\",\"@id\":\"https:\/\/meteocameroon.gov.cm\/services-de-la-dirmet\/sous-direction-des-applications-meteorologiques\/#breadcrumb\",\"itemListElement\":[{\"@type\":\"ListItem\",\"position\":1,\"name\":\"Accueil\",\"item\":\"https:\/\/meteocameroon.gov.cm\/\"},{\"@type\":\"ListItem\",\"position\":2,\"name\":\"Services de la DMN\",\"item\":\"https:\/\/meteocameroon.gov.cm\/services-de-la-dirmet\/\"},{\"@type\":\"ListItem\",\"position\":3,\"name\":\"Sous-Direction des Applications M\u00e9t\u00e9orologiques\"}]},{\"@type\":\"WebSite\",\"@id\":\"https:\/\/meteocameroon.gov.cm\/#website\",\"url\":\"https:\/\/meteocameroon.gov.cm\/\",\"name\":\"M\u00e9t\u00e9orologie Nationale du Cameroun\",\"description\":\"La m\u00e9t\u00e9o un outils pour le d\u00e9veloppement\",\"publisher\":{\"@id\":\"https:\/\/meteocameroon.gov.cm\/#organization\"},\"potentialAction\":[{\"@type\":\"SearchAction\",\"target\":{\"@type\":\"EntryPoint\",\"urlTemplate\":\"https:\/\/meteocameroon.gov.cm\/?s={search_term_string}\"},\"query-input\":{\"@type\":\"PropertyValueSpecification\",\"valueRequired\":true,\"valueName\":\"search_term_string\"}}],\"inLanguage\":\"en-US\"},{\"@type\":\"Organization\",\"@id\":\"https:\/\/meteocameroon.gov.cm\/#organization\",\"name\":\"M\u00e9t\u00e9orologie Nationale du Cameroun\",\"url\":\"https:\/\/meteocameroon.gov.cm\/\",\"logo\":{\"@type\":\"ImageObject\",\"inLanguage\":\"en-US\",\"@id\":\"https:\/\/meteocameroon.gov.cm\/#\/schema\/logo\/image\/\",\"url\":\"https:\/\/meteocameroon.gov.cm\/wp-content\/uploads\/2022\/06\/Artboard-14x-renew.jpg\",\"contentUrl\":\"https:\/\/meteocameroon.gov.cm\/wp-content\/uploads\/2022\/06\/Artboard-14x-renew.jpg\",\"width\":519,\"height\":504,\"caption\":\"M\u00e9t\u00e9orologie Nationale du Cameroun\"},\"image\":{\"@id\":\"https:\/\/meteocameroon.gov.cm\/#\/schema\/logo\/image\/\"}}]}<\/script>\n<!-- \/ Yoast SEO plugin. -->","yoast_head_json":{"title":"Sous-Direction des Applications M\u00e9t\u00e9orologiques - M\u00e9t\u00e9orologie Nationale du Cameroun","robots":{"index":"index","follow":"follow","max-snippet":"max-snippet:-1","max-image-preview":"max-image-preview:large","max-video-preview":"max-video-preview:-1"},"canonical":"https:\/\/meteocameroon.gov.cm\/en\/services-de-la-dirmet\/sous-direction-des-applications-meteorologiques\/","og_locale":"en_US","og_type":"article","og_title":"Sous-Direction des Applications M\u00e9t\u00e9orologiques - M\u00e9t\u00e9orologie Nationale du Cameroun","og_url":"https:\/\/meteocameroon.gov.cm\/en\/services-de-la-dirmet\/sous-direction-des-applications-meteorologiques\/","og_site_name":"M\u00e9t\u00e9orologie Nationale du Cameroun","article_modified_time":"2022-04-19T14:50:48+00:00","og_image":[{"url":"https:\/\/meteocameroon.gov.cm\/wp-content\/uploads\/2022\/04\/Sous-Direction-des-Applications-Meteorologiques-295x300.png","type":"","width":"","height":""}],"twitter_card":"summary_large_image","twitter_misc":{"Est. reading time":"2 minutes"},"schema":{"@context":"https:\/\/schema.org","@graph":[{"@type":"WebPage","@id":"https:\/\/meteocameroon.gov.cm\/services-de-la-dirmet\/sous-direction-des-applications-meteorologiques\/","url":"https:\/\/meteocameroon.gov.cm\/services-de-la-dirmet\/sous-direction-des-applications-meteorologiques\/","name":"Sous-Direction des Applications M\u00e9t\u00e9orologiques - M\u00e9t\u00e9orologie Nationale du Cameroun","isPartOf":{"@id":"https:\/\/meteocameroon.gov.cm\/#website"},"primaryImageOfPage":{"@id":"https:\/\/meteocameroon.gov.cm\/services-de-la-dirmet\/sous-direction-des-applications-meteorologiques\/#primaryimage"},"image":{"@id":"https:\/\/meteocameroon.gov.cm\/services-de-la-dirmet\/sous-direction-des-applications-meteorologiques\/#primaryimage"},"thumbnailUrl":"https:\/\/meteocameroon.gov.cm\/wp-content\/uploads\/2022\/04\/Sous-Direction-des-Applications-Meteorologiques-295x300.png","datePublished":"2022-04-19T14:37:55+00:00","dateModified":"2022-04-19T14:50:48+00:00","breadcrumb":{"@id":"https:\/\/meteocameroon.gov.cm\/services-de-la-dirmet\/sous-direction-des-applications-meteorologiques\/#breadcrumb"},"inLanguage":"en-US","potentialAction":[{"@type":"ReadAction","target":["https:\/\/meteocameroon.gov.cm\/services-de-la-dirmet\/sous-direction-des-applications-meteorologiques\/"]}]},{"@type":"ImageObject","inLanguage":"en-US","@id":"https:\/\/meteocameroon.gov.cm\/services-de-la-dirmet\/sous-direction-des-applications-meteorologiques\/#primaryimage","url":"https:\/\/meteocameroon.gov.cm\/wp-content\/uploads\/2022\/04\/Sous-Direction-des-Applications-Meteorologiques-295x300.png","contentUrl":"https:\/\/meteocameroon.gov.cm\/wp-content\/uploads\/2022\/04\/Sous-Direction-des-Applications-Meteorologiques-295x300.png"},{"@type":"BreadcrumbList","@id":"https:\/\/meteocameroon.gov.cm\/services-de-la-dirmet\/sous-direction-des-applications-meteorologiques\/#breadcrumb","itemListElement":[{"@type":"ListItem","position":1,"name":"Accueil","item":"https:\/\/meteocameroon.gov.cm\/"},{"@type":"ListItem","position":2,"name":"Services de la DMN","item":"https:\/\/meteocameroon.gov.cm\/services-de-la-dirmet\/"},{"@type":"ListItem","position":3,"name":"Sous-Direction des Applications M\u00e9t\u00e9orologiques"}]},{"@type":"WebSite","@id":"https:\/\/meteocameroon.gov.cm\/#website","url":"https:\/\/meteocameroon.gov.cm\/","name":"M\u00e9t\u00e9orologie Nationale du Cameroun","description":"La m\u00e9t\u00e9o un outils pour le d\u00e9veloppement","publisher":{"@id":"https:\/\/meteocameroon.gov.cm\/#organization"},"potentialAction":[{"@type":"SearchAction","target":{"@type":"EntryPoint","urlTemplate":"https:\/\/meteocameroon.gov.cm\/?s={search_term_string}"},"query-input":{"@type":"PropertyValueSpecification","valueRequired":true,"valueName":"search_term_string"}}],"inLanguage":"en-US"},{"@type":"Organization","@id":"https:\/\/meteocameroon.gov.cm\/#organization","name":"M\u00e9t\u00e9orologie Nationale du Cameroun","url":"https:\/\/meteocameroon.gov.cm\/","logo":{"@type":"ImageObject","inLanguage":"en-US","@id":"https:\/\/meteocameroon.gov.cm\/#\/schema\/logo\/image\/","url":"https:\/\/meteocameroon.gov.cm\/wp-content\/uploads\/2022\/06\/Artboard-14x-renew.jpg","contentUrl":"https:\/\/meteocameroon.gov.cm\/wp-content\/uploads\/2022\/06\/Artboard-14x-renew.jpg","width":519,"height":504,"caption":"M\u00e9t\u00e9orologie Nationale du Cameroun"},"image":{"@id":"https:\/\/meteocameroon.gov.cm\/#\/schema\/logo\/image\/"}}]}},"rttpg_featured_image_url":null,"rttpg_author":{"display_name":"superadmin","author_link":"https:\/\/meteocameroon.gov.cm\/en\/author\/superadmin\/"},"rttpg_comment":0,"rttpg_category":null,"rttpg_excerpt":null,"_links":{"self":[{"href":"https:\/\/meteocameroon.gov.cm\/en\/wp-json\/wp\/v2\/pages\/1474","targetHints":{"allow":["GET"]}}],"collection":[{"href":"https:\/\/meteocameroon.gov.cm\/en\/wp-json\/wp\/v2\/pages"}],"about":[{"href":"https:\/\/meteocameroon.gov.cm\/en\/wp-json\/wp\/v2\/types\/page"}],"author":[{"embeddable":true,"href":"https:\/\/meteocameroon.gov.cm\/en\/wp-json\/wp\/v2\/users\/1"}],"replies":[{"embeddable":true,"href":"https:\/\/meteocameroon.gov.cm\/en\/wp-json\/wp\/v2\/comments?post=1474"}],"version-history":[{"count":8,"href":"https:\/\/meteocameroon.gov.cm\/en\/wp-json\/wp\/v2\/pages\/1474\/revisions"}],"predecessor-version":[{"id":1482,"href":"https:\/\/meteocameroon.gov.cm\/en\/wp-json\/wp\/v2\/pages\/1474\/revisions\/1482"}],"up":[{"embeddable":true,"href":"https:\/\/meteocameroon.gov.cm\/en\/wp-json\/wp\/v2\/pages\/1237"}],"wp:attachment":[{"href":"https:\/\/meteocameroon.gov.cm\/en\/wp-json\/wp\/v2\/media?parent=1474"}],"curies":[{"name":"wp","href":"https:\/\/api.w.org\/{rel}","templated":true}]}}