{"id":243,"date":"2020-12-23T05:37:13","date_gmt":"2020-12-23T04:37:13","guid":{"rendered":"http:\/\/metropolitanhost.com\/themes\/templatemoster\/wp\/binit\/?page_id=243"},"modified":"2022-04-08T17:15:58","modified_gmt":"2022-04-08T15:15:58","slug":"projets","status":"publish","type":"page","link":"https:\/\/meteocameroon.gov.cm\/en\/projets\/","title":{"rendered":"Projects"},"content":{"rendered":"<div class=\"vc_row wpb_row vc_row-fluid vc_custom_1649408126535 vc_custom_1649408126536 sigma-bg-color-transparent sigma-background-position-left-top sigma-title-color-default\"><div class=\"wpb_column vc_column_container vc_col-sm-12 sigma-bg-color-transparent sigma-background-position-left-top sigma-title-color-default\"><div class=\"vc_column-inner\"><div class=\"wpb_wrapper\">\r\n\t\t<div  class=\"sigma_custom_heading_wrapper sigma-custom-heading-793746453 sigma-shortcode-wrapper custom-heading-style-6 text-center\">\r\r\n\t\t\t<div class=\"section-title sigma-custom-heading-wrapper\">\r\n\t\t\t<div class=\"sigma-heading-subtitle-wrapper\">\r\n\t\t\t<h6 class=\"heading-subtitle text-uppercase\">\r\n      <span><\/span>\r\n\t\t\t\tTHE NMD IN INNOVATION          <span><\/span>\r\n  \t\t\t<\/h6>\r\n\t\t<\/div>\r\n\t\t\t\t<div class=\"sigma-heading-title-wrapper\">\r\n\t\t\t<h3 class=\"heading-title\">\r\n\t\t\t\tOur recent projects\t\t\t<\/h3>\r\n\t\t<\/div>\r\n\t\t<\/div>\r\n\r\n\t\t<\/div>\r\r\n\t\t\t\t<div  class=\"sigma_portfolio_wrapper sigma-portfolio-1625933403 sigma-shortcode-wrapper sigma-portfolio-style-3\">\r\n\t\t\t<div class=\"row style-tabs sigma_post-filter justify-content-center\">\r\n  \t\t\t<div class=\"col-lg-3 col-md-6 col-sm-4\">\r\n\t\t\t\t<div class=\"sigma_post-filter-item\">\r\n\t\t\t\t\t<a class=\"sigma_filter-first-item active\" href=\"#\" data-filter=\".caratographie\" data-tax=\"category\" data-cat=\"caratographie\">\r\n\t\t\t\t\t\t\t\t\t\t\t\t<h5>Mapping<\/h5>\r\n\t\t\t\t\t<\/a>\r\n\t\t\t\t<\/div>\r\n\t\t\t<\/div>\r\n\t\t\t\t\t\t<div class=\"col-lg-3 col-md-6 col-sm-4\">\r\n\t\t\t\t<div class=\"sigma_post-filter-item\">\r\n\t\t\t\t\t<a class=\"\" href=\"#\" data-filter=\".developpements\" data-tax=\"category\" data-cat=\"developpements\">\r\n\t\t\t\t\t\t\t\t\t\t\t\t<h5>Development<\/h5>\r\n\t\t\t\t\t<\/a>\r\n\t\t\t\t<\/div>\r\n\t\t\t<\/div>\r\n\t\t\t\t\t\t<div class=\"col-lg-3 col-md-6 col-sm-4\">\r\n\t\t\t\t<div class=\"sigma_post-filter-item\">\r\n\t\t\t\t\t<a class=\"\" href=\"#\" data-filter=\".meteo\" data-tax=\"category\" data-cat=\"meteo\">\r\n\t\t\t\t\t\t\t\t\t\t\t\t<h5>Meteo<\/h5>\r\n\t\t\t\t\t<\/a>\r\n\t\t\t\t<\/div>\r\n\t\t\t<\/div>\r\n\t\t\t\t\t\t<div class=\"col-lg-3 col-md-6 col-sm-4\">\r\n\t\t\t\t<div class=\"sigma_post-filter-item\">\r\n\t\t\t\t\t<a class=\"\" href=\"#\" data-filter=\".technologiques\" data-tax=\"category\" data-cat=\"technologiques\">\r\n\t\t\t\t\t\t\t\t\t\t\t\t<h5>Technology<\/h5>\r\n\t\t\t\t\t<\/a>\r\n\t\t\t\t<\/div>\r\n\t\t\t<\/div>\r\n\t\t\t<\/div>\r\n<div class=\"row sigma_post-filter-items posts\">\r\n         <div class=\"col-xl-4 col-lg-4 col-md-6 col-sm-12 developpements meteo technologiques\">\r\n         <article id=\"post-93\" class=\"sigma-portfolio sigma-portfolio-style-3 sigma-portfolio-wrapper post-93 portfolio type-portfolio status-publish has-post-thumbnail hentry portfolio-category-developpements portfolio-category-meteo portfolio-category-technologiques\">\r\n\t<div class=\"sigma-portfolio-thumbnail-wrapper\">\r\n    \t\t<div class=\"sigma-portfolio-image-container\">\r\n  \t\t<a href=\"https:\/\/meteocameroon.gov.cm\/en\/portfolio\/acquisitions-et-installations-de-deux-stations-meteorologiques-automatiques-a-edea-et-a-bafia\/\"><img loading=\"lazy\" decoding=\"async\" width=\"600\" height=\"420\" src=\"https:\/\/meteocameroon.gov.cm\/wp-content\/uploads\/2020\/12\/weather-station-780w-600x420.jpg\" class=\"attachment-binit-blog size-binit-blog wp-post-image\" alt=\"\" \/><\/a>\r\n\t\t<\/div>\r\n\t\t\t\t<div class=\"sigma-portfolio-content-cover\">\r\n\t\t\t<div class=\"sigma-portfolio-action-icons\">\r\n        \t\t\t\t\t<a class=\"sigma-mfg-popup-image\" href=\"https:\/\/meteocameroon.gov.cm\/wp-content\/uploads\/2020\/12\/weather-station-780w.jpg\">\r\n\t\t\t\t\t\t<i class=\"fas fa-expand\"><\/i>\r\n\t\t\t\t\t<\/a>\r\n\t\t\t\t\t\t\t<\/div>\r\n\t\t\t<div class=\"portfolio-content-sec\">\r\n\t\t\t\t<div class=\"sigma-portfolio-title\">\r\n                      <span class=\"sigma-portfolio-category\">\r\n              <a href=\"https:\/\/meteocameroon.gov.cm\/en\/portfolio-category\/developpements\/\">Development<\/a><a href=\"https:\/\/meteocameroon.gov.cm\/en\/portfolio-category\/meteo\/\">Meteo<\/a><a href=\"https:\/\/meteocameroon.gov.cm\/en\/portfolio-category\/technologiques\/\">Technology<\/a>            <\/span>\r\n\t\t\t\t\t\t\t\t\t\t<h5 class=\"sigma_post-title portfolio-title\"><a href=\"https:\/\/meteocameroon.gov.cm\/en\/portfolio\/acquisitions-et-installations-de-deux-stations-meteorologiques-automatiques-a-edea-et-a-bafia\/\">Acquisition and Installation of two Automatic Meteorological Stations in Edea and Bafia.<\/a><\/h5>\r\n\t\t\t\t\t\t\t\t\t\t<a href=\"https:\/\/meteocameroon.gov.cm\/en\/portfolio\/acquisitions-et-installations-de-deux-stations-meteorologiques-automatiques-a-edea-et-a-bafia\/\" class=\"portfolio-link\">\r\n            Read More          <\/a>\r\n\t\t\t\t\t\t\t\t\t<\/div>\r\n\t\t\t<\/div>\r\n\t\t<\/div>\r\n\t<\/div>\r\n<\/article>\r\n       <\/div>\r\n              <div class=\"col-xl-4 col-lg-4 col-md-6 col-sm-12 developpements meteo technologiques\">\r\n         <article id=\"post-92\" class=\"sigma-portfolio sigma-portfolio-style-3 sigma-portfolio-wrapper post-92 portfolio type-portfolio status-publish has-post-thumbnail hentry portfolio-category-developpements portfolio-category-meteo portfolio-category-technologiques\">\r\n\t<div class=\"sigma-portfolio-thumbnail-wrapper\">\r\n    \t\t<div class=\"sigma-portfolio-image-container\">\r\n  \t\t<a href=\"https:\/\/meteocameroon.gov.cm\/en\/portfolio\/acquisitions-des-equipements-de-rechange-et-maintenance-des-stations-adcon-telemetry\/\"><img loading=\"lazy\" decoding=\"async\" width=\"500\" height=\"411\" src=\"https:\/\/meteocameroon.gov.cm\/wp-content\/uploads\/2020\/12\/175739-12851466.jpg\" class=\"attachment-binit-blog size-binit-blog wp-post-image\" alt=\"\" \/><\/a>\r\n\t\t<\/div>\r\n\t\t\t\t<div class=\"sigma-portfolio-content-cover\">\r\n\t\t\t<div class=\"sigma-portfolio-action-icons\">\r\n        \t\t\t\t\t<a class=\"sigma-mfg-popup-image\" href=\"https:\/\/meteocameroon.gov.cm\/wp-content\/uploads\/2020\/12\/175739-12851466.jpg\">\r\n\t\t\t\t\t\t<i class=\"fas fa-expand\"><\/i>\r\n\t\t\t\t\t<\/a>\r\n\t\t\t\t\t\t\t<\/div>\r\n\t\t\t<div class=\"portfolio-content-sec\">\r\n\t\t\t\t<div class=\"sigma-portfolio-title\">\r\n                      <span class=\"sigma-portfolio-category\">\r\n              <a href=\"https:\/\/meteocameroon.gov.cm\/en\/portfolio-category\/developpements\/\">Development<\/a><a href=\"https:\/\/meteocameroon.gov.cm\/en\/portfolio-category\/meteo\/\">Meteo<\/a><a href=\"https:\/\/meteocameroon.gov.cm\/en\/portfolio-category\/technologiques\/\">Technology<\/a>            <\/span>\r\n\t\t\t\t\t\t\t\t\t\t<h5 class=\"sigma_post-title portfolio-title\"><a href=\"https:\/\/meteocameroon.gov.cm\/en\/portfolio\/acquisitions-des-equipements-de-rechange-et-maintenance-des-stations-adcon-telemetry\/\">Acquisition of spare equipments and maintenance of ADCON Telemetry stations.<\/a><\/h5>\r\n\t\t\t\t\t\t\t\t\t\t<a href=\"https:\/\/meteocameroon.gov.cm\/en\/portfolio\/acquisitions-des-equipements-de-rechange-et-maintenance-des-stations-adcon-telemetry\/\" class=\"portfolio-link\">\r\n            Read More          <\/a>\r\n\t\t\t\t\t\t\t\t\t<\/div>\r\n\t\t\t<\/div>\r\n\t\t<\/div>\r\n\t<\/div>\r\n<\/article>\r\n       <\/div>\r\n              <div class=\"col-xl-4 col-lg-4 col-md-6 col-sm-12 caratographie developpements technologiques\">\r\n         <article id=\"post-88\" class=\"sigma-portfolio sigma-portfolio-style-3 sigma-portfolio-wrapper post-88 portfolio type-portfolio status-publish has-post-thumbnail hentry portfolio-category-caratographie portfolio-category-developpements portfolio-category-technologiques\">\r\n\t<div class=\"sigma-portfolio-thumbnail-wrapper\">\r\n    \t\t<div class=\"sigma-portfolio-image-container\">\r\n  \t\t<a href=\"https:\/\/meteocameroon.gov.cm\/en\/portfolio\/luxury-horse\/\"><img loading=\"lazy\" decoding=\"async\" width=\"600\" height=\"420\" src=\"https:\/\/meteocameroon.gov.cm\/wp-content\/uploads\/2022\/03\/cameroun_-_climat_la_chine_of_850008636_station-meteo_24072017_otric_1214_ns_700_cameroon-info-p-net_800xm9x-800x480-1-600x420.jpg\" class=\"attachment-binit-blog size-binit-blog wp-post-image\" alt=\"\" \/><\/a>\r\n\t\t<\/div>\r\n\t\t\t\t<div class=\"sigma-portfolio-content-cover\">\r\n\t\t\t<div class=\"sigma-portfolio-action-icons\">\r\n        \t\t\t\t\t<a class=\"sigma-mfg-popup-image\" href=\"https:\/\/meteocameroon.gov.cm\/wp-content\/uploads\/2022\/03\/cameroun_-_climat_la_chine_of_850008636_station-meteo_24072017_otric_1214_ns_700_cameroon-info-p-net_800xm9x-800x480-1.jpg\">\r\n\t\t\t\t\t\t<i class=\"fas fa-expand\"><\/i>\r\n\t\t\t\t\t<\/a>\r\n\t\t\t\t\t\t\t<\/div>\r\n\t\t\t<div class=\"portfolio-content-sec\">\r\n\t\t\t\t<div class=\"sigma-portfolio-title\">\r\n                      <span class=\"sigma-portfolio-category\">\r\n              <a href=\"https:\/\/meteocameroon.gov.cm\/en\/portfolio-category\/caratographie\/\">Mapping<\/a><a href=\"https:\/\/meteocameroon.gov.cm\/en\/portfolio-category\/developpements\/\">Development<\/a><a href=\"https:\/\/meteocameroon.gov.cm\/en\/portfolio-category\/technologiques\/\">Technology<\/a>            <\/span>\r\n\t\t\t\t\t\t\t\t\t\t<h5 class=\"sigma_post-title portfolio-title\"><a href=\"https:\/\/meteocameroon.gov.cm\/en\/portfolio\/luxury-horse\/\">Acquisition of manual meteorological stations.<\/a><\/h5>\r\n\t\t\t\t\t\t\t\t\t\t<a href=\"https:\/\/meteocameroon.gov.cm\/en\/portfolio\/luxury-horse\/\" class=\"portfolio-link\">\r\n            Read More          <\/a>\r\n\t\t\t\t\t\t\t\t\t<\/div>\r\n\t\t\t<\/div>\r\n\t\t<\/div>\r\n\t<\/div>\r\n<\/article>\r\n       <\/div>\r\n              <div class=\"col-xl-4 col-lg-4 col-md-6 col-sm-12 developpements meteo technologiques\">\r\n         <article id=\"post-91\" class=\"sigma-portfolio sigma-portfolio-style-3 sigma-portfolio-wrapper post-91 portfolio type-portfolio status-publish has-post-thumbnail hentry portfolio-category-developpements portfolio-category-meteo portfolio-category-technologiques\">\r\n\t<div class=\"sigma-portfolio-thumbnail-wrapper\">\r\n    \t\t<div class=\"sigma-portfolio-image-container\">\r\n  \t\t<a href=\"https:\/\/meteocameroon.gov.cm\/en\/portfolio\/white-binit\/\"><img loading=\"lazy\" decoding=\"async\" width=\"600\" height=\"420\" src=\"https:\/\/meteocameroon.gov.cm\/wp-content\/uploads\/2022\/03\/meteo-cameroun-600x420.jpg\" class=\"attachment-binit-blog size-binit-blog wp-post-image\" alt=\"\" \/><\/a>\r\n\t\t<\/div>\r\n\t\t\t\t<div class=\"sigma-portfolio-content-cover\">\r\n\t\t\t<div class=\"sigma-portfolio-action-icons\">\r\n        \t\t\t\t\t<a class=\"sigma-mfg-popup-image\" href=\"https:\/\/meteocameroon.gov.cm\/wp-content\/uploads\/2022\/03\/meteo-cameroun.jpg\">\r\n\t\t\t\t\t\t<i class=\"fas fa-expand\"><\/i>\r\n\t\t\t\t\t<\/a>\r\n\t\t\t\t\t\t\t<\/div>\r\n\t\t\t<div class=\"portfolio-content-sec\">\r\n\t\t\t\t<div class=\"sigma-portfolio-title\">\r\n                      <span class=\"sigma-portfolio-category\">\r\n              <a href=\"https:\/\/meteocameroon.gov.cm\/en\/portfolio-category\/developpements\/\">Development<\/a><a href=\"https:\/\/meteocameroon.gov.cm\/en\/portfolio-category\/meteo\/\">Meteo<\/a><a href=\"https:\/\/meteocameroon.gov.cm\/en\/portfolio-category\/technologiques\/\">Technology<\/a>            <\/span>\r\n\t\t\t\t\t\t\t\t\t\t<h5 class=\"sigma_post-title portfolio-title\"><a href=\"https:\/\/meteocameroon.gov.cm\/en\/portfolio\/white-binit\/\">Meteorological assets<\/a><\/h5>\r\n\t\t\t\t\t\t\t\t\t\t<a href=\"https:\/\/meteocameroon.gov.cm\/en\/portfolio\/white-binit\/\" class=\"portfolio-link\">\r\n            Read More          <\/a>\r\n\t\t\t\t\t\t\t\t\t<\/div>\r\n\t\t\t<\/div>\r\n\t\t<\/div>\r\n\t<\/div>\r\n<\/article>\r\n       <\/div>\r\n              <div class=\"col-xl-4 col-lg-4 col-md-6 col-sm-12 developpements meteo\">\r\n         <article id=\"post-89\" class=\"sigma-portfolio sigma-portfolio-style-3 sigma-portfolio-wrapper post-89 portfolio type-portfolio status-publish has-post-thumbnail hentry portfolio-category-developpements portfolio-category-meteo\">\r\n\t<div class=\"sigma-portfolio-thumbnail-wrapper\">\r\n    \t\t<div class=\"sigma-portfolio-image-container\">\r\n  \t\t<a href=\"https:\/\/meteocameroon.gov.cm\/en\/portfolio\/spur-stables\/\"><img loading=\"lazy\" decoding=\"async\" width=\"521\" height=\"420\" src=\"https:\/\/meteocameroon.gov.cm\/wp-content\/uploads\/2020\/12\/tchinda-tazo-simplice-521x420.jpg\" class=\"attachment-binit-blog size-binit-blog wp-post-image\" alt=\"\" \/><\/a>\r\n\t\t<\/div>\r\n\t\t\t\t<div class=\"sigma-portfolio-content-cover\">\r\n\t\t\t<div class=\"sigma-portfolio-action-icons\">\r\n        \t\t\t\t\t<a class=\"sigma-mfg-popup-image\" href=\"https:\/\/meteocameroon.gov.cm\/wp-content\/uploads\/2020\/12\/tchinda-tazo-simplice.jpg\">\r\n\t\t\t\t\t\t<i class=\"fas fa-expand\"><\/i>\r\n\t\t\t\t\t<\/a>\r\n\t\t\t\t\t\t\t<\/div>\r\n\t\t\t<div class=\"portfolio-content-sec\">\r\n\t\t\t\t<div class=\"sigma-portfolio-title\">\r\n                      <span class=\"sigma-portfolio-category\">\r\n              <a href=\"https:\/\/meteocameroon.gov.cm\/en\/portfolio-category\/developpements\/\">Development<\/a><a href=\"https:\/\/meteocameroon.gov.cm\/en\/portfolio-category\/meteo\/\">Meteo<\/a>            <\/span>\r\n\t\t\t\t\t\t\t\t\t\t<h5 class=\"sigma_post-title portfolio-title\"><a href=\"https:\/\/meteocameroon.gov.cm\/en\/portfolio\/spur-stables\/\">Elaboration of the master plan of the Department of National Meteorology<\/a><\/h5>\r\n\t\t\t\t\t\t\t\t\t\t<a href=\"https:\/\/meteocameroon.gov.cm\/en\/portfolio\/spur-stables\/\" class=\"portfolio-link\">\r\n            Read More          <\/a>\r\n\t\t\t\t\t\t\t\t\t<\/div>\r\n\t\t\t<\/div>\r\n\t\t<\/div>\r\n\t<\/div>\r\n<\/article>\r\n       <\/div>\r\n       <\/div>\r\n\t\t<\/div>\r\n\t\t<\/div><\/div><\/div><\/div>","protected":false},"excerpt":{"rendered":"Lorem Ipsum is simply dummy text of the printing and typesetting industry. Lorem Ipsum has been the industry's standard dummy text ever since the 1500s, when an unknown printer took [...]","protected":false},"author":1,"featured_media":0,"parent":0,"menu_order":0,"comment_status":"closed","ping_status":"closed","template":"","meta":{"footnotes":""},"class_list":["post-243","page","type-page","status-publish","hentry"],"yoast_head":"<!-- This site is optimized with the Yoast SEO plugin v26.8 - https:\/\/yoast.com\/product\/yoast-seo-wordpress\/ -->\n<title>Projets - M\u00e9t\u00e9orologie Nationale du Cameroun<\/title>\n<meta name=\"robots\" content=\"index, follow, max-snippet:-1, max-image-preview:large, max-video-preview:-1\" \/>\n<link rel=\"canonical\" href=\"https:\/\/meteocameroon.gov.cm\/en\/projets\/\" \/>\n<meta property=\"og:locale\" content=\"en_US\" \/>\n<meta property=\"og:type\" content=\"article\" \/>\n<meta property=\"og:title\" content=\"Projets - M\u00e9t\u00e9orologie Nationale du Cameroun\" \/>\n<meta property=\"og:url\" content=\"https:\/\/meteocameroon.gov.cm\/en\/projets\/\" \/>\n<meta property=\"og:site_name\" content=\"M\u00e9t\u00e9orologie Nationale du Cameroun\" \/>\n<meta property=\"article:modified_time\" content=\"2022-04-08T15:15:58+00:00\" \/>\n<meta name=\"twitter:card\" content=\"summary_large_image\" \/>\n<meta name=\"twitter:label1\" content=\"Est. reading time\" \/>\n\t<meta name=\"twitter:data1\" content=\"1 minute\" \/>\n<script type=\"application\/ld+json\" class=\"yoast-schema-graph\">{\"@context\":\"https:\/\/schema.org\",\"@graph\":[{\"@type\":\"WebPage\",\"@id\":\"https:\/\/meteocameroon.gov.cm\/projets\/\",\"url\":\"https:\/\/meteocameroon.gov.cm\/projets\/\",\"name\":\"Projets - M\u00e9t\u00e9orologie Nationale du Cameroun\",\"isPartOf\":{\"@id\":\"https:\/\/meteocameroon.gov.cm\/#website\"},\"datePublished\":\"2020-12-23T04:37:13+00:00\",\"dateModified\":\"2022-04-08T15:15:58+00:00\",\"breadcrumb\":{\"@id\":\"https:\/\/meteocameroon.gov.cm\/projets\/#breadcrumb\"},\"inLanguage\":\"en-US\",\"potentialAction\":[{\"@type\":\"ReadAction\",\"target\":[\"https:\/\/meteocameroon.gov.cm\/projets\/\"]}]},{\"@type\":\"BreadcrumbList\",\"@id\":\"https:\/\/meteocameroon.gov.cm\/projets\/#breadcrumb\",\"itemListElement\":[{\"@type\":\"ListItem\",\"position\":1,\"name\":\"Accueil\",\"item\":\"https:\/\/meteocameroon.gov.cm\/\"},{\"@type\":\"ListItem\",\"position\":2,\"name\":\"Projets\"}]},{\"@type\":\"WebSite\",\"@id\":\"https:\/\/meteocameroon.gov.cm\/#website\",\"url\":\"https:\/\/meteocameroon.gov.cm\/\",\"name\":\"M\u00e9t\u00e9orologie Nationale du Cameroun\",\"description\":\"La m\u00e9t\u00e9o un outils pour le d\u00e9veloppement\",\"publisher\":{\"@id\":\"https:\/\/meteocameroon.gov.cm\/#organization\"},\"potentialAction\":[{\"@type\":\"SearchAction\",\"target\":{\"@type\":\"EntryPoint\",\"urlTemplate\":\"https:\/\/meteocameroon.gov.cm\/?s={search_term_string}\"},\"query-input\":{\"@type\":\"PropertyValueSpecification\",\"valueRequired\":true,\"valueName\":\"search_term_string\"}}],\"inLanguage\":\"en-US\"},{\"@type\":\"Organization\",\"@id\":\"https:\/\/meteocameroon.gov.cm\/#organization\",\"name\":\"M\u00e9t\u00e9orologie Nationale du Cameroun\",\"url\":\"https:\/\/meteocameroon.gov.cm\/\",\"logo\":{\"@type\":\"ImageObject\",\"inLanguage\":\"en-US\",\"@id\":\"https:\/\/meteocameroon.gov.cm\/#\/schema\/logo\/image\/\",\"url\":\"https:\/\/meteocameroon.gov.cm\/wp-content\/uploads\/2022\/06\/Artboard-14x-renew.jpg\",\"contentUrl\":\"https:\/\/meteocameroon.gov.cm\/wp-content\/uploads\/2022\/06\/Artboard-14x-renew.jpg\",\"width\":519,\"height\":504,\"caption\":\"M\u00e9t\u00e9orologie Nationale du Cameroun\"},\"image\":{\"@id\":\"https:\/\/meteocameroon.gov.cm\/#\/schema\/logo\/image\/\"}}]}<\/script>\n<!-- \/ Yoast SEO plugin. -->","yoast_head_json":{"title":"Projets - M\u00e9t\u00e9orologie Nationale du Cameroun","robots":{"index":"index","follow":"follow","max-snippet":"max-snippet:-1","max-image-preview":"max-image-preview:large","max-video-preview":"max-video-preview:-1"},"canonical":"https:\/\/meteocameroon.gov.cm\/en\/projets\/","og_locale":"en_US","og_type":"article","og_title":"Projets - M\u00e9t\u00e9orologie Nationale du Cameroun","og_url":"https:\/\/meteocameroon.gov.cm\/en\/projets\/","og_site_name":"M\u00e9t\u00e9orologie Nationale du Cameroun","article_modified_time":"2022-04-08T15:15:58+00:00","twitter_card":"summary_large_image","twitter_misc":{"Est. reading time":"1 minute"},"schema":{"@context":"https:\/\/schema.org","@graph":[{"@type":"WebPage","@id":"https:\/\/meteocameroon.gov.cm\/projets\/","url":"https:\/\/meteocameroon.gov.cm\/projets\/","name":"Projets - M\u00e9t\u00e9orologie Nationale du Cameroun","isPartOf":{"@id":"https:\/\/meteocameroon.gov.cm\/#website"},"datePublished":"2020-12-23T04:37:13+00:00","dateModified":"2022-04-08T15:15:58+00:00","breadcrumb":{"@id":"https:\/\/meteocameroon.gov.cm\/projets\/#breadcrumb"},"inLanguage":"en-US","potentialAction":[{"@type":"ReadAction","target":["https:\/\/meteocameroon.gov.cm\/projets\/"]}]},{"@type":"BreadcrumbList","@id":"https:\/\/meteocameroon.gov.cm\/projets\/#breadcrumb","itemListElement":[{"@type":"ListItem","position":1,"name":"Accueil","item":"https:\/\/meteocameroon.gov.cm\/"},{"@type":"ListItem","position":2,"name":"Projets"}]},{"@type":"WebSite","@id":"https:\/\/meteocameroon.gov.cm\/#website","url":"https:\/\/meteocameroon.gov.cm\/","name":"M\u00e9t\u00e9orologie Nationale du Cameroun","description":"La m\u00e9t\u00e9o un outils pour le d\u00e9veloppement","publisher":{"@id":"https:\/\/meteocameroon.gov.cm\/#organization"},"potentialAction":[{"@type":"SearchAction","target":{"@type":"EntryPoint","urlTemplate":"https:\/\/meteocameroon.gov.cm\/?s={search_term_string}"},"query-input":{"@type":"PropertyValueSpecification","valueRequired":true,"valueName":"search_term_string"}}],"inLanguage":"en-US"},{"@type":"Organization","@id":"https:\/\/meteocameroon.gov.cm\/#organization","name":"M\u00e9t\u00e9orologie Nationale du Cameroun","url":"https:\/\/meteocameroon.gov.cm\/","logo":{"@type":"ImageObject","inLanguage":"en-US","@id":"https:\/\/meteocameroon.gov.cm\/#\/schema\/logo\/image\/","url":"https:\/\/meteocameroon.gov.cm\/wp-content\/uploads\/2022\/06\/Artboard-14x-renew.jpg","contentUrl":"https:\/\/meteocameroon.gov.cm\/wp-content\/uploads\/2022\/06\/Artboard-14x-renew.jpg","width":519,"height":504,"caption":"M\u00e9t\u00e9orologie Nationale du Cameroun"},"image":{"@id":"https:\/\/meteocameroon.gov.cm\/#\/schema\/logo\/image\/"}}]}},"rttpg_featured_image_url":null,"rttpg_author":{"display_name":"superadmin","author_link":"https:\/\/meteocameroon.gov.cm\/en\/author\/superadmin\/"},"rttpg_comment":0,"rttpg_category":null,"rttpg_excerpt":null,"_links":{"self":[{"href":"https:\/\/meteocameroon.gov.cm\/en\/wp-json\/wp\/v2\/pages\/243","targetHints":{"allow":["GET"]}}],"collection":[{"href":"https:\/\/meteocameroon.gov.cm\/en\/wp-json\/wp\/v2\/pages"}],"about":[{"href":"https:\/\/meteocameroon.gov.cm\/en\/wp-json\/wp\/v2\/types\/page"}],"author":[{"embeddable":true,"href":"https:\/\/meteocameroon.gov.cm\/en\/wp-json\/wp\/v2\/users\/1"}],"replies":[{"embeddable":true,"href":"https:\/\/meteocameroon.gov.cm\/en\/wp-json\/wp\/v2\/comments?post=243"}],"version-history":[{"count":18,"href":"https:\/\/meteocameroon.gov.cm\/en\/wp-json\/wp\/v2\/pages\/243\/revisions"}],"predecessor-version":[{"id":1153,"href":"https:\/\/meteocameroon.gov.cm\/en\/wp-json\/wp\/v2\/pages\/243\/revisions\/1153"}],"wp:attachment":[{"href":"https:\/\/meteocameroon.gov.cm\/en\/wp-json\/wp\/v2\/media?parent=243"}],"curies":[{"name":"wp","href":"https:\/\/api.w.org\/{rel}","templated":true}]}}