{"id":3443,"date":"2023-12-18T11:10:07","date_gmt":"2023-12-18T10:10:07","guid":{"rendered":"https:\/\/meteocameroon.gov.cm\/?page_id=3443"},"modified":"2026-01-20T04:32:02","modified_gmt":"2026-01-20T03:32:02","slug":"rfsc-yaounde","status":"publish","type":"page","link":"https:\/\/meteocameroon.gov.cm\/en\/rfsc-yaounde\/","title":{"rendered":"RFSC-Yaound\u00e9"},"content":{"rendered":"<p>Le Centre M\u00e9t\u00e9orologique R\u00e9gional Sp\u00e9cialis\u00e9 d&#8217;Afrique Centrale (CMRS-AC) abrit\u00e9 par la Direction de la M\u00e9t\u00e9orologie Nationale du Cameroun est d\u00e9sign\u00e9 par l\u2019OMM comme Centre M\u00e9t\u00e9orologique R\u00e9gional Sp\u00e9cialis\u00e9 dans la pr\u00e9vision des \u00e9v\u00e8nements m\u00e9t\u00e9orologiques \u00e0 fort impact pour l\u2019Afrique Centrale.<\/p>","protected":false},"excerpt":{"rendered":"<p>Le Centre M\u00e9t\u00e9orologique R\u00e9gional Sp\u00e9cialis\u00e9 d&#8217;Afrique Centrale (CMRS-AC) abrit\u00e9 par la Direction de la M\u00e9t\u00e9orologie Nationale du Cameroun est d\u00e9sign\u00e9 par l\u2019OMM comme Centre M\u00e9t\u00e9orologique R\u00e9gional Sp\u00e9cialis\u00e9 dans la pr\u00e9vision [&hellip;]<\/p>","protected":false},"author":7,"featured_media":0,"parent":0,"menu_order":0,"comment_status":"closed","ping_status":"closed","template":"connexion.php","meta":{"footnotes":""},"class_list":["post-3443","page","type-page","status-publish","hentry"],"yoast_head":"<!-- This site is optimized with the Yoast SEO plugin v26.8 - https:\/\/yoast.com\/product\/yoast-seo-wordpress\/ -->\n<title>RFSC-Yaound\u00e9 - M\u00e9t\u00e9orologie Nationale du Cameroun<\/title>\n<meta name=\"description\" content=\"Le Centre M\u00e9t\u00e9orologique R\u00e9gional Sp\u00e9cialis\u00e9 d&#039;Afrique Centrale (CMRS-AC) abrit\u00e9 par la Direction de la M\u00e9t\u00e9orologie Nationale du Cameroun est d\u00e9sign\u00e9 par l\u2019OMM comme Centre M\u00e9t\u00e9orologique R\u00e9gional Sp\u00e9cialis\u00e9 dans la pr\u00e9vision des \u00e9v\u00e8nements m\u00e9t\u00e9orologiques \u00e0 fort impact pour l\u2019Afrique Centrale.\" \/>\n<meta name=\"robots\" content=\"index, follow, max-snippet:-1, max-image-preview:large, max-video-preview:-1\" \/>\n<link rel=\"canonical\" href=\"https:\/\/meteocameroon.gov.cm\/en\/rfsc-yaounde\/\" \/>\n<meta property=\"og:locale\" content=\"en_US\" \/>\n<meta property=\"og:type\" content=\"article\" \/>\n<meta property=\"og:title\" content=\"RFSC-Yaound\u00e9 - M\u00e9t\u00e9orologie Nationale du Cameroun\" \/>\n<meta property=\"og:description\" content=\"Le Centre M\u00e9t\u00e9orologique R\u00e9gional Sp\u00e9cialis\u00e9 d&#039;Afrique Centrale (CMRS-AC) abrit\u00e9 par la Direction de la M\u00e9t\u00e9orologie Nationale du Cameroun est d\u00e9sign\u00e9 par l\u2019OMM comme Centre M\u00e9t\u00e9orologique R\u00e9gional Sp\u00e9cialis\u00e9 dans la pr\u00e9vision des \u00e9v\u00e8nements m\u00e9t\u00e9orologiques \u00e0 fort impact pour l\u2019Afrique Centrale.\" \/>\n<meta property=\"og:url\" content=\"https:\/\/meteocameroon.gov.cm\/en\/rfsc-yaounde\/\" \/>\n<meta property=\"og:site_name\" content=\"M\u00e9t\u00e9orologie Nationale du Cameroun\" \/>\n<meta property=\"article:modified_time\" content=\"2026-01-20T03:32:02+00:00\" \/>\n<meta name=\"twitter:card\" content=\"summary_large_image\" \/>\n<meta name=\"twitter:label1\" content=\"Est. reading time\" \/>\n\t<meta name=\"twitter:data1\" content=\"1 minute\" \/>\n<script type=\"application\/ld+json\" class=\"yoast-schema-graph\">{\"@context\":\"https:\/\/schema.org\",\"@graph\":[{\"@type\":\"WebPage\",\"@id\":\"https:\/\/meteocameroon.gov.cm\/rfsc-yaounde\/\",\"url\":\"https:\/\/meteocameroon.gov.cm\/rfsc-yaounde\/\",\"name\":\"RFSC-Yaound\u00e9 - M\u00e9t\u00e9orologie Nationale du Cameroun\",\"isPartOf\":{\"@id\":\"https:\/\/meteocameroon.gov.cm\/#website\"},\"datePublished\":\"2023-12-18T10:10:07+00:00\",\"dateModified\":\"2026-01-20T03:32:02+00:00\",\"description\":\"Le Centre M\u00e9t\u00e9orologique R\u00e9gional Sp\u00e9cialis\u00e9 d'Afrique Centrale (CMRS-AC) abrit\u00e9 par la Direction de la M\u00e9t\u00e9orologie Nationale du Cameroun est d\u00e9sign\u00e9 par l\u2019OMM comme Centre M\u00e9t\u00e9orologique R\u00e9gional Sp\u00e9cialis\u00e9 dans la pr\u00e9vision des \u00e9v\u00e8nements m\u00e9t\u00e9orologiques \u00e0 fort impact pour l\u2019Afrique Centrale.\",\"breadcrumb\":{\"@id\":\"https:\/\/meteocameroon.gov.cm\/rfsc-yaounde\/#breadcrumb\"},\"inLanguage\":\"en-US\",\"potentialAction\":[{\"@type\":\"ReadAction\",\"target\":[\"https:\/\/meteocameroon.gov.cm\/rfsc-yaounde\/\"]}]},{\"@type\":\"BreadcrumbList\",\"@id\":\"https:\/\/meteocameroon.gov.cm\/rfsc-yaounde\/#breadcrumb\",\"itemListElement\":[{\"@type\":\"ListItem\",\"position\":1,\"name\":\"Accueil\",\"item\":\"https:\/\/meteocameroon.gov.cm\/\"},{\"@type\":\"ListItem\",\"position\":2,\"name\":\"RFSC-Yaound\u00e9\"}]},{\"@type\":\"WebSite\",\"@id\":\"https:\/\/meteocameroon.gov.cm\/#website\",\"url\":\"https:\/\/meteocameroon.gov.cm\/\",\"name\":\"M\u00e9t\u00e9orologie Nationale du Cameroun\",\"description\":\"La m\u00e9t\u00e9o un outils pour le d\u00e9veloppement\",\"publisher\":{\"@id\":\"https:\/\/meteocameroon.gov.cm\/#organization\"},\"potentialAction\":[{\"@type\":\"SearchAction\",\"target\":{\"@type\":\"EntryPoint\",\"urlTemplate\":\"https:\/\/meteocameroon.gov.cm\/?s={search_term_string}\"},\"query-input\":{\"@type\":\"PropertyValueSpecification\",\"valueRequired\":true,\"valueName\":\"search_term_string\"}}],\"inLanguage\":\"en-US\"},{\"@type\":\"Organization\",\"@id\":\"https:\/\/meteocameroon.gov.cm\/#organization\",\"name\":\"M\u00e9t\u00e9orologie Nationale du Cameroun\",\"url\":\"https:\/\/meteocameroon.gov.cm\/\",\"logo\":{\"@type\":\"ImageObject\",\"inLanguage\":\"en-US\",\"@id\":\"https:\/\/meteocameroon.gov.cm\/#\/schema\/logo\/image\/\",\"url\":\"https:\/\/meteocameroon.gov.cm\/wp-content\/uploads\/2022\/06\/Artboard-14x-renew.jpg\",\"contentUrl\":\"https:\/\/meteocameroon.gov.cm\/wp-content\/uploads\/2022\/06\/Artboard-14x-renew.jpg\",\"width\":519,\"height\":504,\"caption\":\"M\u00e9t\u00e9orologie Nationale du Cameroun\"},\"image\":{\"@id\":\"https:\/\/meteocameroon.gov.cm\/#\/schema\/logo\/image\/\"}}]}<\/script>\n<!-- \/ Yoast SEO plugin. -->","yoast_head_json":{"title":"RFSC-Yaound\u00e9 - M\u00e9t\u00e9orologie Nationale du Cameroun","description":"Le Centre M\u00e9t\u00e9orologique R\u00e9gional Sp\u00e9cialis\u00e9 d'Afrique Centrale (CMRS-AC) abrit\u00e9 par la Direction de la M\u00e9t\u00e9orologie Nationale du Cameroun est d\u00e9sign\u00e9 par l\u2019OMM comme Centre M\u00e9t\u00e9orologique R\u00e9gional Sp\u00e9cialis\u00e9 dans la pr\u00e9vision des \u00e9v\u00e8nements m\u00e9t\u00e9orologiques \u00e0 fort impact pour l\u2019Afrique Centrale.","robots":{"index":"index","follow":"follow","max-snippet":"max-snippet:-1","max-image-preview":"max-image-preview:large","max-video-preview":"max-video-preview:-1"},"canonical":"https:\/\/meteocameroon.gov.cm\/en\/rfsc-yaounde\/","og_locale":"en_US","og_type":"article","og_title":"RFSC-Yaound\u00e9 - M\u00e9t\u00e9orologie Nationale du Cameroun","og_description":"Le Centre M\u00e9t\u00e9orologique R\u00e9gional Sp\u00e9cialis\u00e9 d'Afrique Centrale (CMRS-AC) abrit\u00e9 par la Direction de la M\u00e9t\u00e9orologie Nationale du Cameroun est d\u00e9sign\u00e9 par l\u2019OMM comme Centre M\u00e9t\u00e9orologique R\u00e9gional Sp\u00e9cialis\u00e9 dans la pr\u00e9vision des \u00e9v\u00e8nements m\u00e9t\u00e9orologiques \u00e0 fort impact pour l\u2019Afrique Centrale.","og_url":"https:\/\/meteocameroon.gov.cm\/en\/rfsc-yaounde\/","og_site_name":"M\u00e9t\u00e9orologie Nationale du Cameroun","article_modified_time":"2026-01-20T03:32:02+00:00","twitter_card":"summary_large_image","twitter_misc":{"Est. reading time":"1 minute"},"schema":{"@context":"https:\/\/schema.org","@graph":[{"@type":"WebPage","@id":"https:\/\/meteocameroon.gov.cm\/rfsc-yaounde\/","url":"https:\/\/meteocameroon.gov.cm\/rfsc-yaounde\/","name":"RFSC-Yaound\u00e9 - M\u00e9t\u00e9orologie Nationale du Cameroun","isPartOf":{"@id":"https:\/\/meteocameroon.gov.cm\/#website"},"datePublished":"2023-12-18T10:10:07+00:00","dateModified":"2026-01-20T03:32:02+00:00","description":"Le Centre M\u00e9t\u00e9orologique R\u00e9gional Sp\u00e9cialis\u00e9 d'Afrique Centrale (CMRS-AC) abrit\u00e9 par la Direction de la M\u00e9t\u00e9orologie Nationale du Cameroun est d\u00e9sign\u00e9 par l\u2019OMM comme Centre M\u00e9t\u00e9orologique R\u00e9gional Sp\u00e9cialis\u00e9 dans la pr\u00e9vision des \u00e9v\u00e8nements m\u00e9t\u00e9orologiques \u00e0 fort impact pour l\u2019Afrique Centrale.","breadcrumb":{"@id":"https:\/\/meteocameroon.gov.cm\/rfsc-yaounde\/#breadcrumb"},"inLanguage":"en-US","potentialAction":[{"@type":"ReadAction","target":["https:\/\/meteocameroon.gov.cm\/rfsc-yaounde\/"]}]},{"@type":"BreadcrumbList","@id":"https:\/\/meteocameroon.gov.cm\/rfsc-yaounde\/#breadcrumb","itemListElement":[{"@type":"ListItem","position":1,"name":"Accueil","item":"https:\/\/meteocameroon.gov.cm\/"},{"@type":"ListItem","position":2,"name":"RFSC-Yaound\u00e9"}]},{"@type":"WebSite","@id":"https:\/\/meteocameroon.gov.cm\/#website","url":"https:\/\/meteocameroon.gov.cm\/","name":"M\u00e9t\u00e9orologie Nationale du Cameroun","description":"La m\u00e9t\u00e9o un outils pour le d\u00e9veloppement","publisher":{"@id":"https:\/\/meteocameroon.gov.cm\/#organization"},"potentialAction":[{"@type":"SearchAction","target":{"@type":"EntryPoint","urlTemplate":"https:\/\/meteocameroon.gov.cm\/?s={search_term_string}"},"query-input":{"@type":"PropertyValueSpecification","valueRequired":true,"valueName":"search_term_string"}}],"inLanguage":"en-US"},{"@type":"Organization","@id":"https:\/\/meteocameroon.gov.cm\/#organization","name":"M\u00e9t\u00e9orologie Nationale du Cameroun","url":"https:\/\/meteocameroon.gov.cm\/","logo":{"@type":"ImageObject","inLanguage":"en-US","@id":"https:\/\/meteocameroon.gov.cm\/#\/schema\/logo\/image\/","url":"https:\/\/meteocameroon.gov.cm\/wp-content\/uploads\/2022\/06\/Artboard-14x-renew.jpg","contentUrl":"https:\/\/meteocameroon.gov.cm\/wp-content\/uploads\/2022\/06\/Artboard-14x-renew.jpg","width":519,"height":504,"caption":"M\u00e9t\u00e9orologie Nationale du Cameroun"},"image":{"@id":"https:\/\/meteocameroon.gov.cm\/#\/schema\/logo\/image\/"}}]}},"rttpg_featured_image_url":null,"rttpg_author":{"display_name":"Ramses Landry BELL EPIPE","author_link":"https:\/\/meteocameroon.gov.cm\/en\/author\/ramses\/"},"rttpg_comment":0,"rttpg_category":null,"rttpg_excerpt":"Le Centre M\u00e9t\u00e9orologique R\u00e9gional Sp\u00e9cialis\u00e9 d&#8217;Afrique Centrale (CMRS-AC) abrit\u00e9 par la Direction de la M\u00e9t\u00e9orologie Nationale du Cameroun est d\u00e9sign\u00e9 par l\u2019OMM comme Centre M\u00e9t\u00e9orologique R\u00e9gional Sp\u00e9cialis\u00e9 dans la pr\u00e9vision [&hellip;]","_links":{"self":[{"href":"https:\/\/meteocameroon.gov.cm\/en\/wp-json\/wp\/v2\/pages\/3443","targetHints":{"allow":["GET"]}}],"collection":[{"href":"https:\/\/meteocameroon.gov.cm\/en\/wp-json\/wp\/v2\/pages"}],"about":[{"href":"https:\/\/meteocameroon.gov.cm\/en\/wp-json\/wp\/v2\/types\/page"}],"author":[{"embeddable":true,"href":"https:\/\/meteocameroon.gov.cm\/en\/wp-json\/wp\/v2\/users\/7"}],"replies":[{"embeddable":true,"href":"https:\/\/meteocameroon.gov.cm\/en\/wp-json\/wp\/v2\/comments?post=3443"}],"version-history":[{"count":10,"href":"https:\/\/meteocameroon.gov.cm\/en\/wp-json\/wp\/v2\/pages\/3443\/revisions"}],"predecessor-version":[{"id":4618,"href":"https:\/\/meteocameroon.gov.cm\/en\/wp-json\/wp\/v2\/pages\/3443\/revisions\/4618"}],"wp:attachment":[{"href":"https:\/\/meteocameroon.gov.cm\/en\/wp-json\/wp\/v2\/media?parent=3443"}],"curies":[{"name":"wp","href":"https:\/\/api.w.org\/{rel}","templated":true}]}}