{"id":3866,"date":"2024-06-06T09:22:17","date_gmt":"2024-06-06T08:22:17","guid":{"rendered":"https:\/\/meteocameroon.gov.cm\/?page_id=3866"},"modified":"2024-06-06T09:22:17","modified_gmt":"2024-06-06T08:22:17","slug":"demande-dinscription","status":"publish","type":"page","link":"https:\/\/meteocameroon.gov.cm\/en\/demande-dinscription\/","title":{"rendered":"Demande d&#8217;inscription"},"content":{"rendered":"<!-- This form was created and powered by ProfilePress WordPress plugin - https:\/\/profilepress.com -->\r\n<style type=\"text\/css\">\r\n @import url('https:\/\/fonts.googleapis.com\/css?family=Merriweather:300,400,600,700&display=swap');#pp-registration-1-wrap .profilepress-reg-status {border-radius:5px;font-size:16px;line-height:1.471;padding:10px;background-color:#e74c3c;color:#ffffff;font-weight:normal;text-align:center;vertical-align:middle;margin:10px 0;-webkit-box-sizing:border-box;-moz-box-sizing:border-box;box-sizing:border-box;max-width:100%;}#pp-registration-1-wrap .profilepress-reg-status.success {background-color:#2ecc71;color:#ffffff;}#pp-registration-1-wrap .profilepress-reg-status a {color:#fff;text-decoration:underline;}#pp-registration-1-wrap.pp-form-container {max-width:400px !important;width:100%;margin:0 auto;}.pp-form-container #pp-registration-1.ppBuildScratch {background:#ffffff;color:#69717a;font-size:14px;}.pp-form-container #pp-registration-1.ppBuildScratch .pp-form-field-wrap .pp-form-field-input-textarea-wrap {position:relative;}.pp-form-container #pp-registration-1.ppBuildScratch,.pp-form-container #pp-registration-1.ppBuildScratch * {font-family:'Merriweather',-apple-system,BlinkMacSystemFont,\"Segoe UI\",Roboto,Oxygen-Sans,Ubuntu,Cantarell,\"Helvetica Neue\",sans-serif;}.pp-form-container #pp-registration-1.ppBuildScratch .pp-form-field-wrap input,.pp-form-container #pp-registration-1.ppBuildScratch .pp-form-field-wrap select,.pp-form-container #pp-registration-1.ppBuildScratch .pp-form-field-wrap textarea {font-size:14px;border-color:#dbdbdb;background:#ffffff;color :#69717a; }.pp-form-container #pp-registration-1.ppBuildScratch .pp-form-field-wrap .pp-form-material-icons {color:#666666;}.pp-form-container #pp-registration-1.ppBuildScratch .pp-checkbox-wrap label,.pp-form-container #pp-registration-1.ppBuildScratch .pp-radio-wrap label {font-size:14px;color :#69717a;vertical-align:middle;}.pp-form-container #pp-registration-1.ppBuildScratch .pp-form-field-wrap input[type=text]:focus,.pp-form-container #pp-registration-1.ppBuildScratch .pp-form-field-wrap input[type=password]:focus,.pp-form-container #pp-registration-1.ppBuildScratch .pp-form-field-wrap select:focus,.pp-form-container #pp-registration-1.ppBuildScratch .pp-form-field-wrap textarea:focus {outline:0;background:#ffffff;border-color:#999999;box-shadow:0 0 0 1px #999999;}.pp-form-container #pp-registration-1.ppBuildScratch .pp-form-field-wrap ::placeholder{color:#999999;}.pp-form-container #pp-registration-1.ppBuildScratch .pp-form-field-wrap ::-webkit-input-placeholder{color:#999999;}.pp-form-container #pp-registration-1.ppBuildScratch .pp-form-field-wrap ::-moz-placeholder{color:#999999;}.pp-form-container #pp-registration-1.ppBuildScratch .pp-form-field-wrap :-moz-placeholder{color:#999999;}.pp-form-container #pp-registration-1.ppBuildScratch .pp-form-field-wrap :-ms-input-placeholder{color:#999999;}.pp-form-container #pp-registration-1.ppBuildScratch .ppbs-headline,.pp-form-container #pp-registration-1.ppBuildScratch h1,.pp-form-container #pp-registration-1.ppBuildScratch h2,.pp-form-container #pp-registration-1.ppBuildScratch h3,.pp-form-container #pp-registration-1.ppBuildScratch {color:#444444;}.pp-form-container #pp-registration-1.ppBuildScratch .pp-form-field-wrap .pp-form-label-wrap .pp-form-label {color:#444444;font-size:14px;font-weight:bold;}.pp-form-container #pp-registration-1.ppBuildScratch .pp-form-field-description {color:#666666;text-align:left;}.pp-form-container #pp-registration-1.ppBuildScratch .pp-form-submit-button-wrap input[type=\"submit\"] {font-size:16px;font-weight:bold;background:#1e73be;color:#ffffff;top:auto;}.pp-form-container #pp-registration-1.ppBuildScratch .pp-form-submit-button-wrap input[type=\"submit\"]:hover,.pp-form-container #pp-registration-1.ppBuildScratch .pp-form-submit-button-wrap input[type=\"submit\"]:focus {background:#dbdbdb;color:#000000;}.pp-form-container div#pp-registration-1.ppBuildScratch a.pp-button-social-login {margin-right:6.387%;}.pp-form-container div#pp-registration-1.ppBuildScratch a.pp-button-social-login {display:block;height:3em;line-height:3em;text-decoration:none;margin-bottom:10px;}.pp-form-container div#pp-registration-1.ppBuildScratch a.pp-button-social-login .ppsc {width:3em;height:3em;}.pp-form-container div#pp-registration-1.ppBuildScratch a.pp-button-social-login span.ppsc-text {margin-left:50px;}.pp-form-container div#pp-registration-12.ppBuildScratch a.pp-button-social-login:last-of-type {margin-bottom:20px;}.pp-form-container .ppress-form-bottom-links {padding-top:15px;padding-bottom:15px;text-align:center;}.pp-form-container .ppress-form-bottom-links a {line-height:22px;font-size:14px;color:#69717a !important;display:inline-block;text-decoration:none!important;font-weight:400;text-align:center;border-bottom:none!important;}.pp-form-container .ppress-form-bottom-links a:hover {text-decoration:underline!important;} \r\n<\/style><div id=\"pp-registration-1-wrap\" class=\"pp-form-container pp-registration-form-wrapper\"><form data-pp-form-submit=\"signup\" id='pp_registration_1' method=\"post\" enctype=\"multipart\/form-data\" action=\"\"><div id=\"pp-registration-1\" class=\"pp-form-wrapper pp-registration pp-registration-1 ppBuildScratch ppfl-pill ppsbl-round ppsbw-auto ppfs-medium ppfia-right\">\n<div class=\"ppbs-headline\">Demande d'inscription<\/div>\n\n<div class=\"pp-form-field-wrap reg-display-name fw-full fda-standard fld-above\"><div class=\"pp-form-label-wrap\"><label for=\"5a13elj8hdr0\" class=\"pp-form-label\">Pays<\/label><\/div><div class=\"pp-form-field-input-textarea-wrap\"><input name='reg_display_name' type='text' id=\"5a13elj8hdr0\" placeholder=\"Entrez le pays que vous repr\u00e9sentez.\" class=\"pp-form-field reg-display-name\"><\/div><\/div><div class=\"pp-form-field-wrap reg-username fw-full field-has-icon fda-standard fld-above\"><div class=\"pp-form-label-wrap\"><label for=\"khd25q0sa7k0\" class=\"pp-form-label\">Nom d'utilisateur <span class=\"pp-form-required-label\">*<\/span><\/label><\/div><div class=\"pp-form-field-input-textarea-wrap\"><input name='reg_username' type='text' id=\"khd25q0sa7k0\" placeholder=\"Username\" class=\"pp-form-field reg-username\" required=\"required\"><i class=\"pp-form-material-icons\">face<\/i><\/div><\/div><div class=\"pp-form-field-wrap reg-password fw-half has-password-visibility-icon fda-standard fld-above\"><div class=\"pp-form-label-wrap\"><label for=\"4lk1hgcia5e0\" class=\"pp-form-label\">Mot de passe <span class=\"pp-form-required-label\">*<\/span><\/label><\/div><div class=\"pp-form-field-input-textarea-wrap\"><input name='reg_password' type='password' id=\"4lk1hgcia5e0\" placeholder=\"Mot de passe\" class=\"pp-form-field reg-password\" required=\"required\"><input name=\"reg_password_present\" type=\"hidden\" value=\"true\"><i class=\"pp-form-material-icons\">visibility<\/i><\/div><\/div><div class=\"pp-form-field-wrap reg-confirm-password fw-half fda-standard fld-above\"><div class=\"pp-form-label-wrap\"><label for=\"5gp40rh5e060\" class=\"pp-form-label\">Confirmez votre mot de passe<\/label><\/div><div class=\"pp-form-field-input-textarea-wrap\"><input name='reg_password2' type='password' id=\"5gp40rh5e060\" placeholder=\"Confirmez votre mot de passe\" class=\"pp-form-field reg-confirm-password\"><\/div><\/div><div class=\"pp-form-field-wrap reg-email fw-full field-has-icon fda-standard fld-above\"><div class=\"pp-form-label-wrap\"><label for=\"7t966o174lm0\" class=\"pp-form-label\">email <span class=\"pp-form-required-label\">*<\/span><\/label><\/div><div class=\"pp-form-field-input-textarea-wrap\"><input name='reg_email' type='text' id=\"7t966o174lm0\" placeholder=\"Email Address\" class=\"pp-form-field reg-email\" required=\"required\"><i class=\"pp-form-material-icons\">email<\/i><\/div><\/div>\n<div class=\"pp-form-submit-button-wrap\">\n<input data-pp-submit-label=\"Envoyer\" data-pp-processing-label=\"Encours d&#039;envoi\" name=\"reg_submit\" type=\"submit\" class=\"pp-submit-form ppform-submit-button\" value=\"Send\" processing_label=\"Encours d&#039;envoi\"><input type=\"hidden\" id=\"_wpnonce\" name=\"_wpnonce\" value=\"9958caf959\" \/><input type=\"hidden\" name=\"_wp_http_referer\" value=\"\/en\/wp-json\/wp\/v2\/pages\/3866\" \/>\n<\/div>\n<\/div>\n<div class=\"ppress-form-bottom-links\">\n    <a href=\"https:\/\/meteocameroon.gov.cm\/wp-login.php\">Avez-vous un compte ? Inscrivez-vous !<\/a>\n<\/div><input type=\"hidden\" name=\"pp_current_url\" value=\"https:\/\/meteocameroon.gov.cm\/en\/wp-json\/wp\/v2\/pages\/3866\"><input type='hidden' name='signup_form_id' value='1'><input type='hidden' name='signup_referrer_page' value=''><input type=\"hidden\" name=\"trp-form-language\" value=\"en\"\/><\/form><\/div>\r\n<!-- \/ ProfilePress WordPress plugin. -->","protected":false},"excerpt":{"rendered":"Demande d'inscription PaysNom d'utilisateur *faceMot de passe *visibilityConfirmez votre mot de passeEmail *email Avez-vous un compte ? Inscrivez-vous !","protected":false},"author":1,"featured_media":0,"parent":0,"menu_order":0,"comment_status":"closed","ping_status":"closed","template":"","meta":{"footnotes":""},"class_list":["post-3866","page","type-page","status-publish","hentry"],"yoast_head":"<!-- This site is optimized with the Yoast SEO plugin v26.8 - https:\/\/yoast.com\/product\/yoast-seo-wordpress\/ -->\n<title>Demande d&#039;inscription - M\u00e9t\u00e9orologie Nationale du Cameroun<\/title>\n<meta name=\"robots\" content=\"index, follow, max-snippet:-1, max-image-preview:large, max-video-preview:-1\" \/>\n<link rel=\"canonical\" href=\"https:\/\/meteocameroon.gov.cm\/en\/demande-dinscription\/\" \/>\n<meta property=\"og:locale\" content=\"en_US\" \/>\n<meta property=\"og:type\" content=\"article\" \/>\n<meta property=\"og:title\" content=\"Demande d&#039;inscription - M\u00e9t\u00e9orologie Nationale du Cameroun\" \/>\n<meta property=\"og:url\" content=\"https:\/\/meteocameroon.gov.cm\/en\/demande-dinscription\/\" \/>\n<meta property=\"og:site_name\" content=\"M\u00e9t\u00e9orologie Nationale du Cameroun\" \/>\n<meta name=\"twitter:card\" content=\"summary_large_image\" \/>\n<script type=\"application\/ld+json\" class=\"yoast-schema-graph\">{\"@context\":\"https:\/\/schema.org\",\"@graph\":[{\"@type\":\"WebPage\",\"@id\":\"https:\/\/meteocameroon.gov.cm\/demande-dinscription\/\",\"url\":\"https:\/\/meteocameroon.gov.cm\/demande-dinscription\/\",\"name\":\"Demande d'inscription - M\u00e9t\u00e9orologie Nationale du Cameroun\",\"isPartOf\":{\"@id\":\"https:\/\/meteocameroon.gov.cm\/#website\"},\"datePublished\":\"2024-06-06T08:22:17+00:00\",\"breadcrumb\":{\"@id\":\"https:\/\/meteocameroon.gov.cm\/demande-dinscription\/#breadcrumb\"},\"inLanguage\":\"en-US\",\"potentialAction\":[{\"@type\":\"ReadAction\",\"target\":[\"https:\/\/meteocameroon.gov.cm\/demande-dinscription\/\"]}]},{\"@type\":\"BreadcrumbList\",\"@id\":\"https:\/\/meteocameroon.gov.cm\/demande-dinscription\/#breadcrumb\",\"itemListElement\":[{\"@type\":\"ListItem\",\"position\":1,\"name\":\"Accueil\",\"item\":\"https:\/\/meteocameroon.gov.cm\/\"},{\"@type\":\"ListItem\",\"position\":2,\"name\":\"Demande d&#8217;inscription\"}]},{\"@type\":\"WebSite\",\"@id\":\"https:\/\/meteocameroon.gov.cm\/#website\",\"url\":\"https:\/\/meteocameroon.gov.cm\/\",\"name\":\"M\u00e9t\u00e9orologie Nationale du Cameroun\",\"description\":\"La m\u00e9t\u00e9o un outils pour le d\u00e9veloppement\",\"publisher\":{\"@id\":\"https:\/\/meteocameroon.gov.cm\/#organization\"},\"potentialAction\":[{\"@type\":\"SearchAction\",\"target\":{\"@type\":\"EntryPoint\",\"urlTemplate\":\"https:\/\/meteocameroon.gov.cm\/?s={search_term_string}\"},\"query-input\":{\"@type\":\"PropertyValueSpecification\",\"valueRequired\":true,\"valueName\":\"search_term_string\"}}],\"inLanguage\":\"en-US\"},{\"@type\":\"Organization\",\"@id\":\"https:\/\/meteocameroon.gov.cm\/#organization\",\"name\":\"M\u00e9t\u00e9orologie Nationale du Cameroun\",\"url\":\"https:\/\/meteocameroon.gov.cm\/\",\"logo\":{\"@type\":\"ImageObject\",\"inLanguage\":\"en-US\",\"@id\":\"https:\/\/meteocameroon.gov.cm\/#\/schema\/logo\/image\/\",\"url\":\"https:\/\/meteocameroon.gov.cm\/wp-content\/uploads\/2022\/06\/Artboard-14x-renew.jpg\",\"contentUrl\":\"https:\/\/meteocameroon.gov.cm\/wp-content\/uploads\/2022\/06\/Artboard-14x-renew.jpg\",\"width\":519,\"height\":504,\"caption\":\"M\u00e9t\u00e9orologie Nationale du Cameroun\"},\"image\":{\"@id\":\"https:\/\/meteocameroon.gov.cm\/#\/schema\/logo\/image\/\"}}]}<\/script>\n<!-- \/ Yoast SEO plugin. -->","yoast_head_json":{"title":"Demande d'inscription - M\u00e9t\u00e9orologie Nationale du Cameroun","robots":{"index":"index","follow":"follow","max-snippet":"max-snippet:-1","max-image-preview":"max-image-preview:large","max-video-preview":"max-video-preview:-1"},"canonical":"https:\/\/meteocameroon.gov.cm\/en\/demande-dinscription\/","og_locale":"en_US","og_type":"article","og_title":"Demande d'inscription - M\u00e9t\u00e9orologie Nationale du Cameroun","og_url":"https:\/\/meteocameroon.gov.cm\/en\/demande-dinscription\/","og_site_name":"M\u00e9t\u00e9orologie Nationale du Cameroun","twitter_card":"summary_large_image","schema":{"@context":"https:\/\/schema.org","@graph":[{"@type":"WebPage","@id":"https:\/\/meteocameroon.gov.cm\/demande-dinscription\/","url":"https:\/\/meteocameroon.gov.cm\/demande-dinscription\/","name":"Demande d'inscription - M\u00e9t\u00e9orologie Nationale du Cameroun","isPartOf":{"@id":"https:\/\/meteocameroon.gov.cm\/#website"},"datePublished":"2024-06-06T08:22:17+00:00","breadcrumb":{"@id":"https:\/\/meteocameroon.gov.cm\/demande-dinscription\/#breadcrumb"},"inLanguage":"en-US","potentialAction":[{"@type":"ReadAction","target":["https:\/\/meteocameroon.gov.cm\/demande-dinscription\/"]}]},{"@type":"BreadcrumbList","@id":"https:\/\/meteocameroon.gov.cm\/demande-dinscription\/#breadcrumb","itemListElement":[{"@type":"ListItem","position":1,"name":"Accueil","item":"https:\/\/meteocameroon.gov.cm\/"},{"@type":"ListItem","position":2,"name":"Demande d&#8217;inscription"}]},{"@type":"WebSite","@id":"https:\/\/meteocameroon.gov.cm\/#website","url":"https:\/\/meteocameroon.gov.cm\/","name":"M\u00e9t\u00e9orologie Nationale du Cameroun","description":"La m\u00e9t\u00e9o un outils pour le d\u00e9veloppement","publisher":{"@id":"https:\/\/meteocameroon.gov.cm\/#organization"},"potentialAction":[{"@type":"SearchAction","target":{"@type":"EntryPoint","urlTemplate":"https:\/\/meteocameroon.gov.cm\/?s={search_term_string}"},"query-input":{"@type":"PropertyValueSpecification","valueRequired":true,"valueName":"search_term_string"}}],"inLanguage":"en-US"},{"@type":"Organization","@id":"https:\/\/meteocameroon.gov.cm\/#organization","name":"M\u00e9t\u00e9orologie Nationale du Cameroun","url":"https:\/\/meteocameroon.gov.cm\/","logo":{"@type":"ImageObject","inLanguage":"en-US","@id":"https:\/\/meteocameroon.gov.cm\/#\/schema\/logo\/image\/","url":"https:\/\/meteocameroon.gov.cm\/wp-content\/uploads\/2022\/06\/Artboard-14x-renew.jpg","contentUrl":"https:\/\/meteocameroon.gov.cm\/wp-content\/uploads\/2022\/06\/Artboard-14x-renew.jpg","width":519,"height":504,"caption":"M\u00e9t\u00e9orologie Nationale du Cameroun"},"image":{"@id":"https:\/\/meteocameroon.gov.cm\/#\/schema\/logo\/image\/"}}]}},"rttpg_featured_image_url":null,"rttpg_author":{"display_name":"superadmin","author_link":"https:\/\/meteocameroon.gov.cm\/en\/author\/superadmin\/"},"rttpg_comment":0,"rttpg_category":null,"rttpg_excerpt":null,"_links":{"self":[{"href":"https:\/\/meteocameroon.gov.cm\/en\/wp-json\/wp\/v2\/pages\/3866","targetHints":{"allow":["GET"]}}],"collection":[{"href":"https:\/\/meteocameroon.gov.cm\/en\/wp-json\/wp\/v2\/pages"}],"about":[{"href":"https:\/\/meteocameroon.gov.cm\/en\/wp-json\/wp\/v2\/types\/page"}],"author":[{"embeddable":true,"href":"https:\/\/meteocameroon.gov.cm\/en\/wp-json\/wp\/v2\/users\/1"}],"replies":[{"embeddable":true,"href":"https:\/\/meteocameroon.gov.cm\/en\/wp-json\/wp\/v2\/comments?post=3866"}],"version-history":[{"count":1,"href":"https:\/\/meteocameroon.gov.cm\/en\/wp-json\/wp\/v2\/pages\/3866\/revisions"}],"predecessor-version":[{"id":3867,"href":"https:\/\/meteocameroon.gov.cm\/en\/wp-json\/wp\/v2\/pages\/3866\/revisions\/3867"}],"wp:attachment":[{"href":"https:\/\/meteocameroon.gov.cm\/en\/wp-json\/wp\/v2\/media?parent=3866"}],"curies":[{"name":"wp","href":"https:\/\/api.w.org\/{rel}","templated":true}]}}