{"id":4122,"date":"2024-07-24T17:24:02","date_gmt":"2024-07-24T16:24:02","guid":{"rendered":"https:\/\/meteocameroon.gov.cm\/?page_id=4122"},"modified":"2024-09-20T08:55:20","modified_gmt":"2024-09-20T07:55:20","slug":"actualites-wipps-dc","status":"publish","type":"page","link":"https:\/\/meteocameroon.gov.cm\/en\/actualites-wipps-dc\/","title":{"rendered":"News"},"content":{"rendered":"<div class=\"vc_row wpb_row vc_row-fluid vc_custom_1726818918625 sigma-bg-color-transparent sigma-background-position-left-top sigma-title-color-default\"><div class=\"wpb_column vc_column_container vc_col-sm-12 sigma-bg-color-transparent sigma-background-position-left-top sigma-title-color-default\"><div class=\"vc_column-inner\"><div class=\"wpb_wrapper\">\n\t<div class=\"wpb_raw_code wpb_content_element wpb_raw_html\" >\n\t\t<div class=\"wpb_wrapper\">\n\t\t\t<style type='text\/css' media='all'>#rt-tpg-container-874356653 .rt-holder .rt-woo-info .price{color:#0367bf;}body .rt-tpg-container .rt-tpg-isotope-buttons .selected,\n\t\t\t\t\t#rt-tpg-container-874356653 .layout12 .rt-holder:hover .rt-detail,\n\t\t\t\t\t#rt-tpg-container-874356653 .isotope8 .rt-holder:hover .rt-detail,\n\t\t\t\t\t#rt-tpg-container-874356653 .carousel8 .rt-holder:hover .rt-detail,\n\t\t\t\t\t#rt-tpg-container-874356653 .layout13 .rt-holder .overlay .post-info,\n\t\t\t\t\t#rt-tpg-container-874356653 .isotope9 .rt-holder .overlay .post-info,\n\t\t\t\t\t#rt-tpg-container-874356653.rt-tpg-container .layout4 .rt-holder .rt-detail,\n\t\t\t\t\t.rt-modal-874356653 .md-content,\n\t\t\t\t\t.rt-modal-874356653 .md-content > .rt-md-content-holder .rt-md-content,\n\t\t\t\t\t.rt-popup-wrap-874356653.rt-popup-wrap .rt-popup-navigation-wrap,\n\t\t\t\t\t#rt-tpg-container-874356653 .carousel9 .rt-holder .overlay .post-info{background-color:#0367bf;}#rt-tpg-container-874356653 .layout5 .rt-holder .overlay, #rt-tpg-container-874356653 .isotope2 .rt-holder .overlay, #rt-tpg-container-874356653 .carousel2 .rt-holder .overlay,#rt-tpg-container-874356653 .layout15 .rt-holder h3, #rt-tpg-container-874356653 .isotope11 .rt-holder h3, #rt-tpg-container-874356653 .carousel11 .rt-holder h3, #rt-tpg-container-874356653 .layout16 .rt-holder h3,\n\t\t\t\t\t#rt-tpg-container-874356653 .isotope12 .rt-holder h3, #rt-tpg-container-874356653 .carousel12 .rt-holder h3 {background-color:rgba(3,103,191,0.8);}#rt-tpg-container-874356653 .read-more a{border-radius:px;}#rt-tpg-container-874356653 .rt-img-holder img.rt-img-responsive,#rt-tpg-container-874356653 .rt-img-holder,\n\t\t\t\t\t#rt-tpg-container-874356653 .rt-post-overlay .post-img,\n\t\t\t\t\t#rt-tpg-container-874356653 .post-sm .post-img,\n\t\t\t\t\t#rt-tpg-container-874356653 .rt-post-grid .post-img,\n\t\t\t\t\t#rt-tpg-container-874356653 .post-img img {border-radius:px;}<\/style><div class='rt-container-fluid rt-tpg-container tpg-shortcode-main-wrapper actualite-accueil' id='rt-tpg-container-874356653'   data-layout='layout5' data-grid-style='even' data-desktop-col='3'  data-tab-col='2'  data-mobile-col='1' data-sc-id='4501'><div data-title='Loading ...' class='rt-row rt-content-loader   layout5 tpg-even'><div class=\"rt-col-md-4 rt-col-sm-6 rt-col-xs-12 even-grid-item rt-grid-item img_zoom_in\" data-id=\"4405\"><div class=\"rt-holder\"><div class=\"overlay\"><h3 class=\"entry-title\"><a data-id=\"4405\" class=\"\" href=\"https:\/\/meteocameroon.gov.cm\/en\/partenariat-le-mint-et-la-communaute-urbaine-de-bafoussam-scellent-une-bonne-veille-meteorologique-2\/\">Partenariat : le MINT et la Communaut\u00e9 Urbaine de Bafoussam scellent une bonne veille m\u00e9t\u00e9orologique<\/a><\/h3><span class='post-meta-user'><span class='date-meta'><i class='flaticon-calendar'><\/i>3 August 2024<\/span><span class='categories-links'><i class='flaticon-folder'><\/i><a class=\"actualite-wipps-dc\" href=\"https:\/\/meteocameroon.gov.cm\/en\/category\/actualite-wipps-dc\/\" rel=\"tag\">WIPPS-DC<\/a><\/span><\/span><div class='rt-detail'><div class='tpg-excerpt'>Le Ministre des Transports (MINT), Jean Ernest Mass\u00e9na NGALL\u00c8 BIB\u00c9H\u00c8, a sign\u00e9 ce mercredi 03...<\/div><div class='post-meta'><span class='read-more'><a data-id='4405' class='' href='https:\/\/meteocameroon.gov.cm\/en\/partenariat-le-mint-et-la-communaute-urbaine-de-bafoussam-scellent-une-bonne-veille-meteorologique-2\/'>Read More<\/a><\/span><\/div><\/div><\/div> <a data-id='4405' class='' href='https:\/\/meteocameroon.gov.cm\/en\/partenariat-le-mint-et-la-communaute-urbaine-de-bafoussam-scellent-une-bonne-veille-meteorologique-2\/'><img loading=\"lazy\" decoding=\"async\" width=\"600\" height=\"420\" src=\"https:\/\/meteocameroon.gov.cm\/wp-content\/uploads\/2024\/07\/WhatsApp-Image-2024-07-03-at-8.35.16-PM-600x420.jpeg\" class=\"rt-img-responsive\" alt=\"\" \/><\/a><\/div><\/div><\/div><\/div>\n\t\t<\/div>\n\t<\/div>\n<\/div><\/div><\/div><\/div>","protected":false},"excerpt":{"rendered":"Le Ministre des Transports (MINT), Jean Ernest Mass\u00e9na NGALL\u00c8 BIB\u00c9H\u00c8, a sign\u00e9 ce mercredi 03 juillet 2024 dans la salle de conf\u00e9rences du D\u00e9partement minist\u00e9riel dont il a la charge, [...]","protected":false},"author":12,"featured_media":0,"parent":0,"menu_order":0,"comment_status":"closed","ping_status":"closed","template":"","meta":{"footnotes":""},"class_list":["post-4122","page","type-page","status-publish","hentry"],"yoast_head":"<!-- This site is optimized with the Yoast SEO plugin v26.8 - https:\/\/yoast.com\/product\/yoast-seo-wordpress\/ -->\n<title>Actualit\u00e9s - M\u00e9t\u00e9orologie Nationale du Cameroun<\/title>\n<meta name=\"robots\" content=\"index, follow, max-snippet:-1, max-image-preview:large, max-video-preview:-1\" \/>\n<link rel=\"canonical\" href=\"https:\/\/meteocameroon.gov.cm\/en\/actualites-wipps-dc\/\" \/>\n<meta property=\"og:locale\" content=\"en_US\" \/>\n<meta property=\"og:type\" content=\"article\" \/>\n<meta property=\"og:title\" content=\"Actualit\u00e9s - M\u00e9t\u00e9orologie Nationale du Cameroun\" \/>\n<meta property=\"og:url\" content=\"https:\/\/meteocameroon.gov.cm\/en\/actualites-wipps-dc\/\" \/>\n<meta property=\"og:site_name\" content=\"M\u00e9t\u00e9orologie Nationale du Cameroun\" \/>\n<meta property=\"article:modified_time\" content=\"2024-09-20T07:55:20+00:00\" \/>\n<meta name=\"twitter:card\" content=\"summary_large_image\" \/>\n<meta name=\"twitter:label1\" content=\"Est. reading time\" \/>\n\t<meta name=\"twitter:data1\" content=\"1 minute\" \/>\n<script type=\"application\/ld+json\" class=\"yoast-schema-graph\">{\"@context\":\"https:\/\/schema.org\",\"@graph\":[{\"@type\":\"WebPage\",\"@id\":\"https:\/\/meteocameroon.gov.cm\/actualites-wipps-dc\/\",\"url\":\"https:\/\/meteocameroon.gov.cm\/actualites-wipps-dc\/\",\"name\":\"Actualit\u00e9s - M\u00e9t\u00e9orologie Nationale du Cameroun\",\"isPartOf\":{\"@id\":\"https:\/\/meteocameroon.gov.cm\/#website\"},\"datePublished\":\"2024-07-24T16:24:02+00:00\",\"dateModified\":\"2024-09-20T07:55:20+00:00\",\"breadcrumb\":{\"@id\":\"https:\/\/meteocameroon.gov.cm\/actualites-wipps-dc\/#breadcrumb\"},\"inLanguage\":\"en-US\",\"potentialAction\":[{\"@type\":\"ReadAction\",\"target\":[\"https:\/\/meteocameroon.gov.cm\/actualites-wipps-dc\/\"]}]},{\"@type\":\"BreadcrumbList\",\"@id\":\"https:\/\/meteocameroon.gov.cm\/actualites-wipps-dc\/#breadcrumb\",\"itemListElement\":[{\"@type\":\"ListItem\",\"position\":1,\"name\":\"Accueil\",\"item\":\"https:\/\/meteocameroon.gov.cm\/\"},{\"@type\":\"ListItem\",\"position\":2,\"name\":\"Actualit\u00e9s\"}]},{\"@type\":\"WebSite\",\"@id\":\"https:\/\/meteocameroon.gov.cm\/#website\",\"url\":\"https:\/\/meteocameroon.gov.cm\/\",\"name\":\"M\u00e9t\u00e9orologie Nationale du Cameroun\",\"description\":\"La m\u00e9t\u00e9o un outils pour le d\u00e9veloppement\",\"publisher\":{\"@id\":\"https:\/\/meteocameroon.gov.cm\/#organization\"},\"potentialAction\":[{\"@type\":\"SearchAction\",\"target\":{\"@type\":\"EntryPoint\",\"urlTemplate\":\"https:\/\/meteocameroon.gov.cm\/?s={search_term_string}\"},\"query-input\":{\"@type\":\"PropertyValueSpecification\",\"valueRequired\":true,\"valueName\":\"search_term_string\"}}],\"inLanguage\":\"en-US\"},{\"@type\":\"Organization\",\"@id\":\"https:\/\/meteocameroon.gov.cm\/#organization\",\"name\":\"M\u00e9t\u00e9orologie Nationale du Cameroun\",\"url\":\"https:\/\/meteocameroon.gov.cm\/\",\"logo\":{\"@type\":\"ImageObject\",\"inLanguage\":\"en-US\",\"@id\":\"https:\/\/meteocameroon.gov.cm\/#\/schema\/logo\/image\/\",\"url\":\"https:\/\/meteocameroon.gov.cm\/wp-content\/uploads\/2022\/06\/Artboard-14x-renew.jpg\",\"contentUrl\":\"https:\/\/meteocameroon.gov.cm\/wp-content\/uploads\/2022\/06\/Artboard-14x-renew.jpg\",\"width\":519,\"height\":504,\"caption\":\"M\u00e9t\u00e9orologie Nationale du Cameroun\"},\"image\":{\"@id\":\"https:\/\/meteocameroon.gov.cm\/#\/schema\/logo\/image\/\"}}]}<\/script>\n<!-- \/ Yoast SEO plugin. -->","yoast_head_json":{"title":"Actualit\u00e9s - M\u00e9t\u00e9orologie Nationale du Cameroun","robots":{"index":"index","follow":"follow","max-snippet":"max-snippet:-1","max-image-preview":"max-image-preview:large","max-video-preview":"max-video-preview:-1"},"canonical":"https:\/\/meteocameroon.gov.cm\/en\/actualites-wipps-dc\/","og_locale":"en_US","og_type":"article","og_title":"Actualit\u00e9s - M\u00e9t\u00e9orologie Nationale du Cameroun","og_url":"https:\/\/meteocameroon.gov.cm\/en\/actualites-wipps-dc\/","og_site_name":"M\u00e9t\u00e9orologie Nationale du Cameroun","article_modified_time":"2024-09-20T07:55:20+00:00","twitter_card":"summary_large_image","twitter_misc":{"Est. reading time":"1 minute"},"schema":{"@context":"https:\/\/schema.org","@graph":[{"@type":"WebPage","@id":"https:\/\/meteocameroon.gov.cm\/actualites-wipps-dc\/","url":"https:\/\/meteocameroon.gov.cm\/actualites-wipps-dc\/","name":"Actualit\u00e9s - M\u00e9t\u00e9orologie Nationale du Cameroun","isPartOf":{"@id":"https:\/\/meteocameroon.gov.cm\/#website"},"datePublished":"2024-07-24T16:24:02+00:00","dateModified":"2024-09-20T07:55:20+00:00","breadcrumb":{"@id":"https:\/\/meteocameroon.gov.cm\/actualites-wipps-dc\/#breadcrumb"},"inLanguage":"en-US","potentialAction":[{"@type":"ReadAction","target":["https:\/\/meteocameroon.gov.cm\/actualites-wipps-dc\/"]}]},{"@type":"BreadcrumbList","@id":"https:\/\/meteocameroon.gov.cm\/actualites-wipps-dc\/#breadcrumb","itemListElement":[{"@type":"ListItem","position":1,"name":"Accueil","item":"https:\/\/meteocameroon.gov.cm\/"},{"@type":"ListItem","position":2,"name":"Actualit\u00e9s"}]},{"@type":"WebSite","@id":"https:\/\/meteocameroon.gov.cm\/#website","url":"https:\/\/meteocameroon.gov.cm\/","name":"M\u00e9t\u00e9orologie Nationale du Cameroun","description":"La m\u00e9t\u00e9o un outils pour le d\u00e9veloppement","publisher":{"@id":"https:\/\/meteocameroon.gov.cm\/#organization"},"potentialAction":[{"@type":"SearchAction","target":{"@type":"EntryPoint","urlTemplate":"https:\/\/meteocameroon.gov.cm\/?s={search_term_string}"},"query-input":{"@type":"PropertyValueSpecification","valueRequired":true,"valueName":"search_term_string"}}],"inLanguage":"en-US"},{"@type":"Organization","@id":"https:\/\/meteocameroon.gov.cm\/#organization","name":"M\u00e9t\u00e9orologie Nationale du Cameroun","url":"https:\/\/meteocameroon.gov.cm\/","logo":{"@type":"ImageObject","inLanguage":"en-US","@id":"https:\/\/meteocameroon.gov.cm\/#\/schema\/logo\/image\/","url":"https:\/\/meteocameroon.gov.cm\/wp-content\/uploads\/2022\/06\/Artboard-14x-renew.jpg","contentUrl":"https:\/\/meteocameroon.gov.cm\/wp-content\/uploads\/2022\/06\/Artboard-14x-renew.jpg","width":519,"height":504,"caption":"M\u00e9t\u00e9orologie Nationale du Cameroun"},"image":{"@id":"https:\/\/meteocameroon.gov.cm\/#\/schema\/logo\/image\/"}}]}},"rttpg_featured_image_url":null,"rttpg_author":{"display_name":"Romaric FOGANG","author_link":"https:\/\/meteocameroon.gov.cm\/en\/author\/romaric-fogang\/"},"rttpg_comment":0,"rttpg_category":"","rttpg_excerpt":null,"_links":{"self":[{"href":"https:\/\/meteocameroon.gov.cm\/en\/wp-json\/wp\/v2\/pages\/4122","targetHints":{"allow":["GET"]}}],"collection":[{"href":"https:\/\/meteocameroon.gov.cm\/en\/wp-json\/wp\/v2\/pages"}],"about":[{"href":"https:\/\/meteocameroon.gov.cm\/en\/wp-json\/wp\/v2\/types\/page"}],"author":[{"embeddable":true,"href":"https:\/\/meteocameroon.gov.cm\/en\/wp-json\/wp\/v2\/users\/12"}],"replies":[{"embeddable":true,"href":"https:\/\/meteocameroon.gov.cm\/en\/wp-json\/wp\/v2\/comments?post=4122"}],"version-history":[{"count":13,"href":"https:\/\/meteocameroon.gov.cm\/en\/wp-json\/wp\/v2\/pages\/4122\/revisions"}],"predecessor-version":[{"id":4514,"href":"https:\/\/meteocameroon.gov.cm\/en\/wp-json\/wp\/v2\/pages\/4122\/revisions\/4514"}],"wp:attachment":[{"href":"https:\/\/meteocameroon.gov.cm\/en\/wp-json\/wp\/v2\/media?parent=4122"}],"curies":[{"name":"wp","href":"https:\/\/api.w.org\/{rel}","templated":true}]}}