{"id":4181,"date":"2024-07-25T14:47:20","date_gmt":"2024-07-25T13:47:20","guid":{"rendered":"https:\/\/meteocameroon.gov.cm\/?page_id=4181"},"modified":"2026-01-20T04:18:21","modified_gmt":"2026-01-20T03:18:21","slug":"connexion-rfsc-yaounde","status":"publish","type":"page","link":"https:\/\/meteocameroon.gov.cm\/en\/connexion-rfsc-yaounde\/","title":{"rendered":"Connexion RFSC-Yaound\u00e9"},"content":{"rendered":"<div class=\"vc_row wpb_row vc_row-fluid vc_custom_1721924602232 sigma-bg-color-transparent sigma-background-position-left-top sigma-title-color-default\"><div class=\"wpb_column vc_column_container vc_col-sm-12 sigma-bg-color-transparent sigma-background-position-left-top sigma-title-color-default\"><div class=\"vc_column-inner\"><div class=\"wpb_wrapper\">\n\t<div class=\"wpb_raw_code wpb_content_element wpb_raw_html\" >\n\t\t<div class=\"wpb_wrapper\">\n\t\t\t        <div class=\"container h-100\">\n            <div class=\"d-flex justify-content-center h-100\">\n                <div class=\"user_card\">\n                    <div class=\"d-flex justify-content-center\">\n                        <div class=\"brand_logo_container\">\n                            <img decoding=\"async\" src=\"https:\/\/meteocameroon.gov.cm\/en\/wp-content\/uploads\/2024\/09\/wipps-dc-yaounde-transparent-360x395.png\"\n                                alt=\"LogoDirmet\" class=\"brand_logo\">\n                        <\/div>\n                    <\/div>\n                    <div class=\"d-flex justify-content-center form_container\">\n                        <form method=\"post\" class=\"login100-form validate-form\" id=\"loginform\" name=\"loginform\" action=\"\">\n                            <div class=\"input-group mb-3\">\n                                <div class=\"input-group-append\">\n                                    <span class=\"input-group-text\"><i class=\"fas fa-user\"><\/i><\/span>\n                                <\/div>\n                                <input id=\"user_login\" type=\"text\" name=\"log\" class=\"form-control input_user\"\n                                    placeholder=\"Username or email\">\n                            <\/div>\n                            <div class=\"input-group mb-2\">\n                                <div class=\"input-group-append\">\n                                    <span class=\"input-group-text\"><i class=\"fas fa-key\"><\/i><\/span>\n                                <\/div>\n                                <input id=\"user_pass\" type=\"password\" name=\"pwd\" class=\"form-control input_pass\"\n                                    placeholder=\"Password\">\n                            <\/div>\n                            <div class=\"form-group\">\n                                <div class=\"custom-control custom-checkbox\">\n                                    <input type=\"checkbox\" class=\"custom-control-input\" id=\"customControlInline\">\n                                    <label class=\"custom-control-label\"\n                                        for=\"customControlInline\">Remember me<\/label>\n                                <\/div>\n                            <\/div>\n                            <div class=\"d-flex justify-content-center mt-3 login_container\">\n                                <button type=\"submit\" id=\"wp-submit\" name=\"wp-submit\"\n                                    class=\"btn login_btn\">Log in<\/button>\n                            <\/div>\n                        <input type=\"hidden\" name=\"trp-form-language\" value=\"en\"\/><\/form>\n                    <\/div>\n                    <div class=\"mt-4\">\n                        <div class=\"d-flex justify-content-center links\">\n                            <a\n                                href=\"https:\/\/meteocameroon.gov.cm\/en\/wp-login.php?action=lostpassword\">Forgot your password?<\/a>\n                        <\/div>\n                    <\/div>\n\n                    <div id=\"loading\" style=\"display:none\" class=\"w-full\">\n                        <svg xmlns=\"http:\/\/www.w3.org\/2000\/svg\" width=\"3em\" height=\"3em\" viewbox=\"0 0 24 24\"\n                            class=\"text-white text-center animate-spin mx-auto\">\n                            <g fill=\"none\" stroke=\"currentColor\" stroke-linecap=\"round\" stroke-linejoin=\"round\"\n                                stroke-width=\"2\">\n                                <path d=\"M3 12a9 9 0 0 0 9 9a9 9 0 0 0 9-9a9 9 0 0 0-9-9\" \/>\n                                <path d=\"M17 12a5 5 0 1 0-5 5\" \/>\n                            <\/g>\n                        <\/svg>\n                    <\/div>\n                <\/div>\n            <\/div>\n            <div id=\"login-error\" class=\"text-lg text-center text-red-500 mt-4\"><\/div>\n        <\/div>\n        <script>\n            document.addEventListener('DOMContentLoaded', function() {\n                const loginForm = document.getElementById('loginform');\n                const loginError = document.getElementById('login-error');\n                const loadingIndicator = document.getElementById('loading');\n\n                loginForm.addEventListener('submit', function(event) {\n                    event.preventDefault();\n\n                    loginError.innerHTML = '';\n                    loginForm.style.display = \"none\";\n                    loadingIndicator.style.display = 'block';\n                    const username = document.getElementById('user_login').value;\n                    const password = document.getElementById('user_pass').value;\n\n                    const xhr = new XMLHttpRequest();\n                    xhr.open('POST', 'https:\/\/meteocameroon.gov.cm\/wp-admin\/admin-ajax.php', true);\n                    xhr.setRequestHeader('Content-Type', 'application\/x-www-form-urlencoded; charset=UTF-8');\n\n                    xhr.onreadystatechange = function() {\n                        if (xhr.readyState === XMLHttpRequest.DONE) {\n                            loadingIndicator.style.display = 'none';\n                            loginForm.style.display = \"block\";\n                            if (xhr.status === 200) {\n                                const response = JSON.parse(xhr.responseText);\n                                if (response.success) {\n                                    window.location.href = 'https:\/\/meteocameroon.gov.cm\/accueil-wipps-dc';\n                                } else {\n                                    loginError.innerHTML = '<p>' + response.data.error + '<\/p>';\n                                }\n                            } else {\n                                loginError.innerHTML = '<p>Une erreur est survenue. Veuillez r\u00e9essayer.<\/p>';\n                            }\n                        }\n                    };\n                    xhr.send('action=custom_login&username=' + encodeURIComponent(username) + '&password=' + encodeURIComponent(password));\n                });\n            });\n        <\/script>\n\n\t\t<\/div>\n\t<\/div>\n<\/div><\/div><\/div><\/div>","protected":false},"excerpt":{"rendered":"Remember me Log in Forgot your password?","protected":false},"author":12,"featured_media":0,"parent":0,"menu_order":0,"comment_status":"closed","ping_status":"closed","template":"","meta":{"footnotes":""},"class_list":["post-4181","page","type-page","status-publish","hentry"],"yoast_head":"<!-- This site is optimized with the Yoast SEO plugin v26.8 - https:\/\/yoast.com\/product\/yoast-seo-wordpress\/ -->\n<title>Connexion RFSC-Yaound\u00e9 - M\u00e9t\u00e9orologie Nationale du Cameroun<\/title>\n<meta name=\"robots\" content=\"index, follow, max-snippet:-1, max-image-preview:large, max-video-preview:-1\" \/>\n<link rel=\"canonical\" href=\"https:\/\/meteocameroon.gov.cm\/en\/connexion-rfsc-yaounde\/\" \/>\n<meta property=\"og:locale\" content=\"en_US\" \/>\n<meta property=\"og:type\" content=\"article\" \/>\n<meta property=\"og:title\" content=\"Connexion RFSC-Yaound\u00e9 - M\u00e9t\u00e9orologie Nationale du Cameroun\" \/>\n<meta property=\"og:url\" content=\"https:\/\/meteocameroon.gov.cm\/en\/connexion-rfsc-yaounde\/\" \/>\n<meta property=\"og:site_name\" content=\"M\u00e9t\u00e9orologie Nationale du Cameroun\" \/>\n<meta property=\"article:modified_time\" content=\"2026-01-20T03:18:21+00:00\" \/>\n<meta name=\"twitter:card\" content=\"summary_large_image\" \/>\n<meta name=\"twitter:label1\" content=\"Est. reading time\" \/>\n\t<meta name=\"twitter:data1\" content=\"1 minute\" \/>\n<script type=\"application\/ld+json\" class=\"yoast-schema-graph\">{\"@context\":\"https:\/\/schema.org\",\"@graph\":[{\"@type\":\"WebPage\",\"@id\":\"https:\/\/meteocameroon.gov.cm\/connexion-rfsc-yaounde\/\",\"url\":\"https:\/\/meteocameroon.gov.cm\/connexion-rfsc-yaounde\/\",\"name\":\"Connexion RFSC-Yaound\u00e9 - M\u00e9t\u00e9orologie Nationale du Cameroun\",\"isPartOf\":{\"@id\":\"https:\/\/meteocameroon.gov.cm\/#website\"},\"datePublished\":\"2024-07-25T13:47:20+00:00\",\"dateModified\":\"2026-01-20T03:18:21+00:00\",\"breadcrumb\":{\"@id\":\"https:\/\/meteocameroon.gov.cm\/connexion-rfsc-yaounde\/#breadcrumb\"},\"inLanguage\":\"en-US\",\"potentialAction\":[{\"@type\":\"ReadAction\",\"target\":[\"https:\/\/meteocameroon.gov.cm\/connexion-rfsc-yaounde\/\"]}]},{\"@type\":\"BreadcrumbList\",\"@id\":\"https:\/\/meteocameroon.gov.cm\/connexion-rfsc-yaounde\/#breadcrumb\",\"itemListElement\":[{\"@type\":\"ListItem\",\"position\":1,\"name\":\"Accueil\",\"item\":\"https:\/\/meteocameroon.gov.cm\/\"},{\"@type\":\"ListItem\",\"position\":2,\"name\":\"Connexion RFSC-Yaound\u00e9\"}]},{\"@type\":\"WebSite\",\"@id\":\"https:\/\/meteocameroon.gov.cm\/#website\",\"url\":\"https:\/\/meteocameroon.gov.cm\/\",\"name\":\"M\u00e9t\u00e9orologie Nationale du Cameroun\",\"description\":\"La m\u00e9t\u00e9o un outils pour le d\u00e9veloppement\",\"publisher\":{\"@id\":\"https:\/\/meteocameroon.gov.cm\/#organization\"},\"potentialAction\":[{\"@type\":\"SearchAction\",\"target\":{\"@type\":\"EntryPoint\",\"urlTemplate\":\"https:\/\/meteocameroon.gov.cm\/?s={search_term_string}\"},\"query-input\":{\"@type\":\"PropertyValueSpecification\",\"valueRequired\":true,\"valueName\":\"search_term_string\"}}],\"inLanguage\":\"en-US\"},{\"@type\":\"Organization\",\"@id\":\"https:\/\/meteocameroon.gov.cm\/#organization\",\"name\":\"M\u00e9t\u00e9orologie Nationale du Cameroun\",\"url\":\"https:\/\/meteocameroon.gov.cm\/\",\"logo\":{\"@type\":\"ImageObject\",\"inLanguage\":\"en-US\",\"@id\":\"https:\/\/meteocameroon.gov.cm\/#\/schema\/logo\/image\/\",\"url\":\"https:\/\/meteocameroon.gov.cm\/wp-content\/uploads\/2022\/06\/Artboard-14x-renew.jpg\",\"contentUrl\":\"https:\/\/meteocameroon.gov.cm\/wp-content\/uploads\/2022\/06\/Artboard-14x-renew.jpg\",\"width\":519,\"height\":504,\"caption\":\"M\u00e9t\u00e9orologie Nationale du Cameroun\"},\"image\":{\"@id\":\"https:\/\/meteocameroon.gov.cm\/#\/schema\/logo\/image\/\"}}]}<\/script>\n<!-- \/ Yoast SEO plugin. -->","yoast_head_json":{"title":"Connexion RFSC-Yaound\u00e9 - M\u00e9t\u00e9orologie Nationale du Cameroun","robots":{"index":"index","follow":"follow","max-snippet":"max-snippet:-1","max-image-preview":"max-image-preview:large","max-video-preview":"max-video-preview:-1"},"canonical":"https:\/\/meteocameroon.gov.cm\/en\/connexion-rfsc-yaounde\/","og_locale":"en_US","og_type":"article","og_title":"Connexion RFSC-Yaound\u00e9 - M\u00e9t\u00e9orologie Nationale du Cameroun","og_url":"https:\/\/meteocameroon.gov.cm\/en\/connexion-rfsc-yaounde\/","og_site_name":"M\u00e9t\u00e9orologie Nationale du Cameroun","article_modified_time":"2026-01-20T03:18:21+00:00","twitter_card":"summary_large_image","twitter_misc":{"Est. reading time":"1 minute"},"schema":{"@context":"https:\/\/schema.org","@graph":[{"@type":"WebPage","@id":"https:\/\/meteocameroon.gov.cm\/connexion-rfsc-yaounde\/","url":"https:\/\/meteocameroon.gov.cm\/connexion-rfsc-yaounde\/","name":"Connexion RFSC-Yaound\u00e9 - M\u00e9t\u00e9orologie Nationale du Cameroun","isPartOf":{"@id":"https:\/\/meteocameroon.gov.cm\/#website"},"datePublished":"2024-07-25T13:47:20+00:00","dateModified":"2026-01-20T03:18:21+00:00","breadcrumb":{"@id":"https:\/\/meteocameroon.gov.cm\/connexion-rfsc-yaounde\/#breadcrumb"},"inLanguage":"en-US","potentialAction":[{"@type":"ReadAction","target":["https:\/\/meteocameroon.gov.cm\/connexion-rfsc-yaounde\/"]}]},{"@type":"BreadcrumbList","@id":"https:\/\/meteocameroon.gov.cm\/connexion-rfsc-yaounde\/#breadcrumb","itemListElement":[{"@type":"ListItem","position":1,"name":"Accueil","item":"https:\/\/meteocameroon.gov.cm\/"},{"@type":"ListItem","position":2,"name":"Connexion RFSC-Yaound\u00e9"}]},{"@type":"WebSite","@id":"https:\/\/meteocameroon.gov.cm\/#website","url":"https:\/\/meteocameroon.gov.cm\/","name":"M\u00e9t\u00e9orologie Nationale du Cameroun","description":"La m\u00e9t\u00e9o un outils pour le d\u00e9veloppement","publisher":{"@id":"https:\/\/meteocameroon.gov.cm\/#organization"},"potentialAction":[{"@type":"SearchAction","target":{"@type":"EntryPoint","urlTemplate":"https:\/\/meteocameroon.gov.cm\/?s={search_term_string}"},"query-input":{"@type":"PropertyValueSpecification","valueRequired":true,"valueName":"search_term_string"}}],"inLanguage":"en-US"},{"@type":"Organization","@id":"https:\/\/meteocameroon.gov.cm\/#organization","name":"M\u00e9t\u00e9orologie Nationale du Cameroun","url":"https:\/\/meteocameroon.gov.cm\/","logo":{"@type":"ImageObject","inLanguage":"en-US","@id":"https:\/\/meteocameroon.gov.cm\/#\/schema\/logo\/image\/","url":"https:\/\/meteocameroon.gov.cm\/wp-content\/uploads\/2022\/06\/Artboard-14x-renew.jpg","contentUrl":"https:\/\/meteocameroon.gov.cm\/wp-content\/uploads\/2022\/06\/Artboard-14x-renew.jpg","width":519,"height":504,"caption":"M\u00e9t\u00e9orologie Nationale du Cameroun"},"image":{"@id":"https:\/\/meteocameroon.gov.cm\/#\/schema\/logo\/image\/"}}]}},"rttpg_featured_image_url":null,"rttpg_author":{"display_name":"Romaric FOGANG","author_link":"https:\/\/meteocameroon.gov.cm\/en\/author\/romaric-fogang\/"},"rttpg_comment":0,"rttpg_category":null,"rttpg_excerpt":null,"_links":{"self":[{"href":"https:\/\/meteocameroon.gov.cm\/en\/wp-json\/wp\/v2\/pages\/4181","targetHints":{"allow":["GET"]}}],"collection":[{"href":"https:\/\/meteocameroon.gov.cm\/en\/wp-json\/wp\/v2\/pages"}],"about":[{"href":"https:\/\/meteocameroon.gov.cm\/en\/wp-json\/wp\/v2\/types\/page"}],"author":[{"embeddable":true,"href":"https:\/\/meteocameroon.gov.cm\/en\/wp-json\/wp\/v2\/users\/12"}],"replies":[{"embeddable":true,"href":"https:\/\/meteocameroon.gov.cm\/en\/wp-json\/wp\/v2\/comments?post=4181"}],"version-history":[{"count":17,"href":"https:\/\/meteocameroon.gov.cm\/en\/wp-json\/wp\/v2\/pages\/4181\/revisions"}],"predecessor-version":[{"id":4615,"href":"https:\/\/meteocameroon.gov.cm\/en\/wp-json\/wp\/v2\/pages\/4181\/revisions\/4615"}],"wp:attachment":[{"href":"https:\/\/meteocameroon.gov.cm\/en\/wp-json\/wp\/v2\/media?parent=4181"}],"curies":[{"name":"wp","href":"https:\/\/api.w.org\/{rel}","templated":true}]}}