{"id":4815,"date":"2026-01-20T13:10:50","date_gmt":"2026-01-20T12:10:50","guid":{"rendered":"https:\/\/meteocameroon.gov.cm\/?page_id=4815"},"modified":"2026-01-20T19:42:36","modified_gmt":"2026-01-20T18:42:36","slug":"nwps","status":"publish","type":"page","link":"https:\/\/meteocameroon.gov.cm\/en\/nwps\/","title":{"rendered":"NWPs"},"content":{"rendered":"<h2>Mod\u00e8les Num\u00e9riques de Pr\u00e9vision du Temps (NWP)<\/h2>\n<p>Cette page pr\u00e9sente les principaux mod\u00e8les de pr\u00e9vision num\u00e9rique du temps globaux et r\u00e9gionaux utilis\u00e9s par le RFSC-Yaound\u00e9.<\/p>\n<h3>\ud83d\udd35 Mod\u00e8les Globaux (Global Models)<\/h3>\n<ul>\n<li><strong><a href=\"https:\/\/www.ecmwf.int\/en\/forecasts\" target=\"_blank\">ECMWF IFS<\/a><\/strong> &#8211; European Centre for Medium-Range Weather Forecasts (Europe)<\/li>\n<li><strong><a href=\"https:\/\/https:\/\/www.cpc.ncep.noaa.gov\/products\/international\/cpci\/data\" target=\"_blank\">GFS<\/a><\/strong> &#8211; Global Forecast System (NOAA, USA)<\/li>\n<li><strong><a href=\"https:\/\/www.meteo.fr\/en\/weather-forecasting-0\" target=\"_blank\">ARPEGE<\/a><\/strong> &#8211; Action de Recherche Petite Echelle Grande Echelle (M\u00e9t\u00e9o-France)<\/li>\n<li><strong><a href=\"https:\/\/www.dwd.de\/EN\/ourservices\/nwp_models\/nwp_models.html\" target=\"_blank\">ICON<\/a><\/strong> &#8211; ICOsahedral Nonhydrostatic (Deutscher Wetterdienst)<\/li>\n<li><strong><a href=\"https:\/\/weather.gc.ca\/grib\/grib2_glb_e.html\" target=\"_blank\">GDPS<\/a><\/strong> &#8211; Global Deterministic Prediction System (Environment Canada)<\/li>\n<li><strong><a href=\"https:\/\/logon.metoffice.gov.uk\/\" target=\"_blank\">UM Global<\/a><\/strong> &#8211; Unified Model Global (UK Met Office)<\/li>\n<\/ul>\n<h3>\ud83c\udf0d Mod\u00e8les R\u00e9gionaux (Regional Models)<\/h3>\n<ul>\n<li><strong><a href=\"https:\/\/www\/en\/weather-forecasting-0\" target=\"_blank\">WRF<\/a><\/strong> &#8211; Configuration r\u00e9gionale pour l&#8217;Afrique Centrale<\/li>\n<li><strong><a href=\"https:\/\/logon.metoffice.gov.uk\/\" target=\"_blank\">UM Global<\/a><\/strong> &#8211; Tropical Africa-UM 4 km Model (UK Met Office)<\/li>\n<\/ul>\n<h3> Autres produits et Services<\/h3>\n<ul>\n<li><strong><a href=\"https:\/\/misva.aeris-data.fr\/wasa-anasyg\/\" target=\"_blank\">MISVA<\/a><\/strong><\/li>\n<li><strong><a href=\"https:\/\/dust.aemet.es\/products\/daily-dust-products?tab=forecast&#038;var=aod&#038;model=median&#038;date=20251201&#038;view=light&#038;step=27\/\" target=\"_blank\">Poussi\u00e8re<\/a><\/strong> &#8211; Barcelona Dust Regional Center <\/li>\n<li><strong><a href=\"https:\/\/ncics.org\/portfolio\/monitor\/mjo\/\" target=\"_blank\">NCICS: Tropical Monitoring<\/a><\/strong> <\/li>\n<\/ul>\n<div class=\"note\">\n<p><strong>Note :<\/strong> Ces mod\u00e8les sont constamment am\u00e9lior\u00e9s et mis \u00e0 jour. Les liens pointent vers les pages officielles des institutions m\u00e9t\u00e9orologiques.<\/p>\n<p>Pour plus d&#8217;informations sur les mod\u00e8les NWP, visitez le <a href=\"https:\/\/www.wmo.int\/\" target=\"_blank\">site de l&#8217;OMM<\/a> ou le <a href=\"https:\/\/www.ecmwf.int\/\" target=\"_blank\">site de l&#8217;ECMWF<\/a>.<\/p>\n<\/div>\n<style>\n    .note {\n        background-color: #f0f8ff;\n        border-left: 4px solid #2196F3;\n        padding: 15px;\n        margin-top: 20px;\n        border-radius: 4px;\n    }<\/p>\n<p>    h3 {\n        color: #2c3e50;\n        margin-top: 25px;\n        padding-bottom: 5px;\n        border-bottom: 2px solid #eee;\n    }<\/p>\n<p>    h4 {\n        color: #34495e;\n        margin-top: 20px;\n        margin-left: 10px;\n    }<\/p>\n<p>    ul {\n        margin-left: 30px;\n        margin-bottom: 20px;\n    }<\/p>\n<p>    li {\n        margin-bottom: 8px;\n        line-height: 1.5;\n    }<\/p>\n<p>    a {\n        color: #2980b9;\n        text-decoration: none;\n    }<\/p>\n<p>    a:hover {\n        text-decoration: underline;\n        color: #1a5276;\n    }\n<\/style>","protected":false},"excerpt":{"rendered":"<p>Mod\u00e8les Num\u00e9riques de Pr\u00e9vision du Temps (NWP) Cette page pr\u00e9sente les principaux mod\u00e8les de pr\u00e9vision num\u00e9rique du temps globaux et r\u00e9gionaux utilis\u00e9s par le RFSC-Yaound\u00e9. \ud83d\udd35 Mod\u00e8les Globaux (Global Models) [&hellip;]<\/p>","protected":false},"author":1,"featured_media":0,"parent":0,"menu_order":0,"comment_status":"closed","ping_status":"closed","template":"","meta":{"footnotes":""},"class_list":["post-4815","page","type-page","status-publish","hentry"],"yoast_head":"<!-- This site is optimized with the Yoast SEO plugin v26.8 - https:\/\/yoast.com\/product\/yoast-seo-wordpress\/ -->\n<title>NWPs - M\u00e9t\u00e9orologie Nationale du Cameroun<\/title>\n<meta name=\"robots\" content=\"index, follow, max-snippet:-1, max-image-preview:large, max-video-preview:-1\" \/>\n<link rel=\"canonical\" href=\"https:\/\/meteocameroon.gov.cm\/en\/nwps\/\" \/>\n<meta property=\"og:locale\" content=\"en_US\" \/>\n<meta property=\"og:type\" content=\"article\" \/>\n<meta property=\"og:title\" content=\"NWPs - M\u00e9t\u00e9orologie Nationale du Cameroun\" \/>\n<meta property=\"og:description\" content=\"Mod\u00e8les Num\u00e9riques de Pr\u00e9vision du Temps (NWP) Cette page pr\u00e9sente les principaux mod\u00e8les de pr\u00e9vision num\u00e9rique du temps globaux et r\u00e9gionaux utilis\u00e9s par le RFSC-Yaound\u00e9. \ud83d\udd35 Mod\u00e8les Globaux (Global Models) [&hellip;]\" \/>\n<meta property=\"og:url\" content=\"https:\/\/meteocameroon.gov.cm\/en\/nwps\/\" \/>\n<meta property=\"og:site_name\" content=\"M\u00e9t\u00e9orologie Nationale du Cameroun\" \/>\n<meta property=\"article:modified_time\" content=\"2026-01-20T18:42:36+00:00\" \/>\n<meta name=\"twitter:card\" content=\"summary_large_image\" \/>\n<meta name=\"twitter:label1\" content=\"Est. reading time\" \/>\n\t<meta name=\"twitter:data1\" content=\"1 minute\" \/>\n<script type=\"application\/ld+json\" class=\"yoast-schema-graph\">{\"@context\":\"https:\/\/schema.org\",\"@graph\":[{\"@type\":\"WebPage\",\"@id\":\"https:\/\/meteocameroon.gov.cm\/nwps\/\",\"url\":\"https:\/\/meteocameroon.gov.cm\/nwps\/\",\"name\":\"NWPs - M\u00e9t\u00e9orologie Nationale du Cameroun\",\"isPartOf\":{\"@id\":\"https:\/\/meteocameroon.gov.cm\/#website\"},\"datePublished\":\"2026-01-20T12:10:50+00:00\",\"dateModified\":\"2026-01-20T18:42:36+00:00\",\"breadcrumb\":{\"@id\":\"https:\/\/meteocameroon.gov.cm\/nwps\/#breadcrumb\"},\"inLanguage\":\"en-US\",\"potentialAction\":[{\"@type\":\"ReadAction\",\"target\":[\"https:\/\/meteocameroon.gov.cm\/nwps\/\"]}]},{\"@type\":\"BreadcrumbList\",\"@id\":\"https:\/\/meteocameroon.gov.cm\/nwps\/#breadcrumb\",\"itemListElement\":[{\"@type\":\"ListItem\",\"position\":1,\"name\":\"Accueil\",\"item\":\"https:\/\/meteocameroon.gov.cm\/\"},{\"@type\":\"ListItem\",\"position\":2,\"name\":\"NWPs\"}]},{\"@type\":\"WebSite\",\"@id\":\"https:\/\/meteocameroon.gov.cm\/#website\",\"url\":\"https:\/\/meteocameroon.gov.cm\/\",\"name\":\"M\u00e9t\u00e9orologie Nationale du Cameroun\",\"description\":\"La m\u00e9t\u00e9o un outils pour le d\u00e9veloppement\",\"publisher\":{\"@id\":\"https:\/\/meteocameroon.gov.cm\/#organization\"},\"potentialAction\":[{\"@type\":\"SearchAction\",\"target\":{\"@type\":\"EntryPoint\",\"urlTemplate\":\"https:\/\/meteocameroon.gov.cm\/?s={search_term_string}\"},\"query-input\":{\"@type\":\"PropertyValueSpecification\",\"valueRequired\":true,\"valueName\":\"search_term_string\"}}],\"inLanguage\":\"en-US\"},{\"@type\":\"Organization\",\"@id\":\"https:\/\/meteocameroon.gov.cm\/#organization\",\"name\":\"M\u00e9t\u00e9orologie Nationale du Cameroun\",\"url\":\"https:\/\/meteocameroon.gov.cm\/\",\"logo\":{\"@type\":\"ImageObject\",\"inLanguage\":\"en-US\",\"@id\":\"https:\/\/meteocameroon.gov.cm\/#\/schema\/logo\/image\/\",\"url\":\"https:\/\/meteocameroon.gov.cm\/wp-content\/uploads\/2022\/06\/Artboard-14x-renew.jpg\",\"contentUrl\":\"https:\/\/meteocameroon.gov.cm\/wp-content\/uploads\/2022\/06\/Artboard-14x-renew.jpg\",\"width\":519,\"height\":504,\"caption\":\"M\u00e9t\u00e9orologie Nationale du Cameroun\"},\"image\":{\"@id\":\"https:\/\/meteocameroon.gov.cm\/#\/schema\/logo\/image\/\"}}]}<\/script>\n<!-- \/ Yoast SEO plugin. -->","yoast_head_json":{"title":"NWPs - M\u00e9t\u00e9orologie Nationale du Cameroun","robots":{"index":"index","follow":"follow","max-snippet":"max-snippet:-1","max-image-preview":"max-image-preview:large","max-video-preview":"max-video-preview:-1"},"canonical":"https:\/\/meteocameroon.gov.cm\/en\/nwps\/","og_locale":"en_US","og_type":"article","og_title":"NWPs - M\u00e9t\u00e9orologie Nationale du Cameroun","og_description":"Mod\u00e8les Num\u00e9riques de Pr\u00e9vision du Temps (NWP) Cette page pr\u00e9sente les principaux mod\u00e8les de pr\u00e9vision num\u00e9rique du temps globaux et r\u00e9gionaux utilis\u00e9s par le RFSC-Yaound\u00e9. \ud83d\udd35 Mod\u00e8les Globaux (Global Models) [&hellip;]","og_url":"https:\/\/meteocameroon.gov.cm\/en\/nwps\/","og_site_name":"M\u00e9t\u00e9orologie Nationale du Cameroun","article_modified_time":"2026-01-20T18:42:36+00:00","twitter_card":"summary_large_image","twitter_misc":{"Est. reading time":"1 minute"},"schema":{"@context":"https:\/\/schema.org","@graph":[{"@type":"WebPage","@id":"https:\/\/meteocameroon.gov.cm\/nwps\/","url":"https:\/\/meteocameroon.gov.cm\/nwps\/","name":"NWPs - M\u00e9t\u00e9orologie Nationale du Cameroun","isPartOf":{"@id":"https:\/\/meteocameroon.gov.cm\/#website"},"datePublished":"2026-01-20T12:10:50+00:00","dateModified":"2026-01-20T18:42:36+00:00","breadcrumb":{"@id":"https:\/\/meteocameroon.gov.cm\/nwps\/#breadcrumb"},"inLanguage":"en-US","potentialAction":[{"@type":"ReadAction","target":["https:\/\/meteocameroon.gov.cm\/nwps\/"]}]},{"@type":"BreadcrumbList","@id":"https:\/\/meteocameroon.gov.cm\/nwps\/#breadcrumb","itemListElement":[{"@type":"ListItem","position":1,"name":"Accueil","item":"https:\/\/meteocameroon.gov.cm\/"},{"@type":"ListItem","position":2,"name":"NWPs"}]},{"@type":"WebSite","@id":"https:\/\/meteocameroon.gov.cm\/#website","url":"https:\/\/meteocameroon.gov.cm\/","name":"M\u00e9t\u00e9orologie Nationale du Cameroun","description":"La m\u00e9t\u00e9o un outils pour le d\u00e9veloppement","publisher":{"@id":"https:\/\/meteocameroon.gov.cm\/#organization"},"potentialAction":[{"@type":"SearchAction","target":{"@type":"EntryPoint","urlTemplate":"https:\/\/meteocameroon.gov.cm\/?s={search_term_string}"},"query-input":{"@type":"PropertyValueSpecification","valueRequired":true,"valueName":"search_term_string"}}],"inLanguage":"en-US"},{"@type":"Organization","@id":"https:\/\/meteocameroon.gov.cm\/#organization","name":"M\u00e9t\u00e9orologie Nationale du Cameroun","url":"https:\/\/meteocameroon.gov.cm\/","logo":{"@type":"ImageObject","inLanguage":"en-US","@id":"https:\/\/meteocameroon.gov.cm\/#\/schema\/logo\/image\/","url":"https:\/\/meteocameroon.gov.cm\/wp-content\/uploads\/2022\/06\/Artboard-14x-renew.jpg","contentUrl":"https:\/\/meteocameroon.gov.cm\/wp-content\/uploads\/2022\/06\/Artboard-14x-renew.jpg","width":519,"height":504,"caption":"M\u00e9t\u00e9orologie Nationale du Cameroun"},"image":{"@id":"https:\/\/meteocameroon.gov.cm\/#\/schema\/logo\/image\/"}}]}},"rttpg_featured_image_url":null,"rttpg_author":{"display_name":"superadmin","author_link":"https:\/\/meteocameroon.gov.cm\/en\/author\/superadmin\/"},"rttpg_comment":0,"rttpg_category":null,"rttpg_excerpt":"Mod\u00e8les Num\u00e9riques de Pr\u00e9vision du Temps (NWP) Cette page pr\u00e9sente les principaux mod\u00e8les de pr\u00e9vision num\u00e9rique du temps globaux et r\u00e9gionaux utilis\u00e9s par le RFSC-Yaound\u00e9. \ud83d\udd35 Mod\u00e8les Globaux (Global Models) [&hellip;]","_links":{"self":[{"href":"https:\/\/meteocameroon.gov.cm\/en\/wp-json\/wp\/v2\/pages\/4815","targetHints":{"allow":["GET"]}}],"collection":[{"href":"https:\/\/meteocameroon.gov.cm\/en\/wp-json\/wp\/v2\/pages"}],"about":[{"href":"https:\/\/meteocameroon.gov.cm\/en\/wp-json\/wp\/v2\/types\/page"}],"author":[{"embeddable":true,"href":"https:\/\/meteocameroon.gov.cm\/en\/wp-json\/wp\/v2\/users\/1"}],"replies":[{"embeddable":true,"href":"https:\/\/meteocameroon.gov.cm\/en\/wp-json\/wp\/v2\/comments?post=4815"}],"version-history":[{"count":9,"href":"https:\/\/meteocameroon.gov.cm\/en\/wp-json\/wp\/v2\/pages\/4815\/revisions"}],"predecessor-version":[{"id":5119,"href":"https:\/\/meteocameroon.gov.cm\/en\/wp-json\/wp\/v2\/pages\/4815\/revisions\/5119"}],"wp:attachment":[{"href":"https:\/\/meteocameroon.gov.cm\/en\/wp-json\/wp\/v2\/media?parent=4815"}],"curies":[{"name":"wp","href":"https:\/\/api.w.org\/{rel}","templated":true}]}}