{"id":5120,"date":"2026-01-20T19:54:05","date_gmt":"2026-01-20T18:54:05","guid":{"rendered":"https:\/\/meteocameroon.gov.cm\/?page_id=5120"},"modified":"2026-01-20T20:04:03","modified_gmt":"2026-01-20T19:04:03","slug":"ecmwf-ens-gefs-icon-eps","status":"publish","type":"page","link":"https:\/\/meteocameroon.gov.cm\/en\/ecmwf-ens-gefs-icon-eps\/","title":{"rendered":"ECMWF ENS\/ GEFS \/ICON-EPS"},"content":{"rendered":"<div style=\"    border: 1px solid #dcdcdc;    border-left: 6px solid #1e73be;    border-radius: 8px;    padding: 16px 20px;    margin: 20px 0;    background-color: #f9fbfd;    box-shadow: 0 2px 6px rgba(0,0,0,0.05);\"><\/p>\n<h3 style=\"        margin-top: 0;        color: #1e73be;        font-size: 20px;        display: flex;        align-items: center;        gap: 8px;    \"><br \/>\n        \ud83d\udcca Ensembles et Pr\u00e9visions Probabilistes<br \/>\n    <\/h3>\n<ul style=\"padding-left: 20px; line-height: 1.8;\">\n<li>\n            <strong><br \/>\n                <a href=\"https:\/\/www.ecmwf.int\/en\/forecasts\/datasets\/ensemble-forecasts\" target=\"_blank\" style=\"color:#1e73be; text-decoration:none;\"><br \/>\n                    ECMWF ENS<br \/>\n                <\/a><br \/>\n            <\/strong><br \/>\n            \u2013 Ensemble Prediction System (ECMWF)\n        <\/li>\n<li>\n            <strong><br \/>\n                <a href=\"https:\/\/www.nco.ncep.noaa.gov\/pmb\/products\/gens\/\" target=\"_blank\" style=\"color:#1e73be; text-decoration:none;\"><br \/>\n                    GEFS<br \/>\n                <\/a><br \/>\n            <\/strong><br \/>\n            \u2013 Global Ensemble Forecast System (NOAA)\n        <\/li>\n<li>\n            <strong><br \/>\n                <a href=\"https:\/\/www.dwd.de\/EN\/ourservices\/nwp_models\/nwp_models.html\" target=\"_blank\" style=\"color:#1e73be; text-decoration:none;\"><br \/>\n                    ICON-EPS<br \/>\n                <\/a><br \/>\n            <\/strong><br \/>\n            \u2013 Ensemble Prediction System (DWD)\n        <\/li>\n<\/ul>\n<\/div>","protected":false},"excerpt":{"rendered":"<p>\ud83d\udcca Ensembles et Pr\u00e9visions Probabilistes ECMWF ENS \u2013 Ensemble Prediction System (ECMWF) GEFS \u2013 Global Ensemble Forecast System (NOAA) ICON-EPS \u2013 Ensemble Prediction System (DWD)<\/p>","protected":false},"author":1,"featured_media":0,"parent":0,"menu_order":0,"comment_status":"closed","ping_status":"closed","template":"","meta":{"footnotes":""},"class_list":["post-5120","page","type-page","status-publish","hentry"],"yoast_head":"<!-- This site is optimized with the Yoast SEO plugin v26.8 - https:\/\/yoast.com\/product\/yoast-seo-wordpress\/ -->\n<title>ECMWF ENS\/ GEFS \/ICON-EPS - M\u00e9t\u00e9orologie Nationale du Cameroun<\/title>\n<meta name=\"robots\" content=\"index, follow, max-snippet:-1, max-image-preview:large, max-video-preview:-1\" \/>\n<link rel=\"canonical\" href=\"https:\/\/meteocameroon.gov.cm\/en\/ecmwf-ens-gefs-icon-eps\/\" \/>\n<meta property=\"og:locale\" content=\"en_US\" \/>\n<meta property=\"og:type\" content=\"article\" \/>\n<meta property=\"og:title\" content=\"ECMWF ENS\/ GEFS \/ICON-EPS - M\u00e9t\u00e9orologie Nationale du Cameroun\" \/>\n<meta property=\"og:description\" content=\"\ud83d\udcca Ensembles et Pr\u00e9visions Probabilistes ECMWF ENS \u2013 Ensemble Prediction System (ECMWF) GEFS \u2013 Global Ensemble Forecast System (NOAA) ICON-EPS \u2013 Ensemble Prediction System (DWD)\" \/>\n<meta property=\"og:url\" content=\"https:\/\/meteocameroon.gov.cm\/en\/ecmwf-ens-gefs-icon-eps\/\" \/>\n<meta property=\"og:site_name\" content=\"M\u00e9t\u00e9orologie Nationale du Cameroun\" \/>\n<meta property=\"article:modified_time\" content=\"2026-01-20T19:04:03+00:00\" \/>\n<meta name=\"twitter:card\" content=\"summary_large_image\" \/>\n<meta name=\"twitter:label1\" content=\"Est. reading time\" \/>\n\t<meta name=\"twitter:data1\" content=\"1 minute\" \/>\n<script type=\"application\/ld+json\" class=\"yoast-schema-graph\">{\"@context\":\"https:\/\/schema.org\",\"@graph\":[{\"@type\":\"WebPage\",\"@id\":\"https:\/\/meteocameroon.gov.cm\/ecmwf-ens-gefs-icon-eps\/\",\"url\":\"https:\/\/meteocameroon.gov.cm\/ecmwf-ens-gefs-icon-eps\/\",\"name\":\"ECMWF ENS\/ GEFS \/ICON-EPS - M\u00e9t\u00e9orologie Nationale du Cameroun\",\"isPartOf\":{\"@id\":\"https:\/\/meteocameroon.gov.cm\/#website\"},\"datePublished\":\"2026-01-20T18:54:05+00:00\",\"dateModified\":\"2026-01-20T19:04:03+00:00\",\"breadcrumb\":{\"@id\":\"https:\/\/meteocameroon.gov.cm\/ecmwf-ens-gefs-icon-eps\/#breadcrumb\"},\"inLanguage\":\"en-US\",\"potentialAction\":[{\"@type\":\"ReadAction\",\"target\":[\"https:\/\/meteocameroon.gov.cm\/ecmwf-ens-gefs-icon-eps\/\"]}]},{\"@type\":\"BreadcrumbList\",\"@id\":\"https:\/\/meteocameroon.gov.cm\/ecmwf-ens-gefs-icon-eps\/#breadcrumb\",\"itemListElement\":[{\"@type\":\"ListItem\",\"position\":1,\"name\":\"Accueil\",\"item\":\"https:\/\/meteocameroon.gov.cm\/\"},{\"@type\":\"ListItem\",\"position\":2,\"name\":\"ECMWF ENS\/ GEFS \/ICON-EPS\"}]},{\"@type\":\"WebSite\",\"@id\":\"https:\/\/meteocameroon.gov.cm\/#website\",\"url\":\"https:\/\/meteocameroon.gov.cm\/\",\"name\":\"M\u00e9t\u00e9orologie Nationale du Cameroun\",\"description\":\"La m\u00e9t\u00e9o un outils pour le d\u00e9veloppement\",\"publisher\":{\"@id\":\"https:\/\/meteocameroon.gov.cm\/#organization\"},\"potentialAction\":[{\"@type\":\"SearchAction\",\"target\":{\"@type\":\"EntryPoint\",\"urlTemplate\":\"https:\/\/meteocameroon.gov.cm\/?s={search_term_string}\"},\"query-input\":{\"@type\":\"PropertyValueSpecification\",\"valueRequired\":true,\"valueName\":\"search_term_string\"}}],\"inLanguage\":\"en-US\"},{\"@type\":\"Organization\",\"@id\":\"https:\/\/meteocameroon.gov.cm\/#organization\",\"name\":\"M\u00e9t\u00e9orologie Nationale du Cameroun\",\"url\":\"https:\/\/meteocameroon.gov.cm\/\",\"logo\":{\"@type\":\"ImageObject\",\"inLanguage\":\"en-US\",\"@id\":\"https:\/\/meteocameroon.gov.cm\/#\/schema\/logo\/image\/\",\"url\":\"https:\/\/meteocameroon.gov.cm\/wp-content\/uploads\/2022\/06\/Artboard-14x-renew.jpg\",\"contentUrl\":\"https:\/\/meteocameroon.gov.cm\/wp-content\/uploads\/2022\/06\/Artboard-14x-renew.jpg\",\"width\":519,\"height\":504,\"caption\":\"M\u00e9t\u00e9orologie Nationale du Cameroun\"},\"image\":{\"@id\":\"https:\/\/meteocameroon.gov.cm\/#\/schema\/logo\/image\/\"}}]}<\/script>\n<!-- \/ Yoast SEO plugin. -->","yoast_head_json":{"title":"ECMWF ENS\/ GEFS \/ICON-EPS - M\u00e9t\u00e9orologie Nationale du Cameroun","robots":{"index":"index","follow":"follow","max-snippet":"max-snippet:-1","max-image-preview":"max-image-preview:large","max-video-preview":"max-video-preview:-1"},"canonical":"https:\/\/meteocameroon.gov.cm\/en\/ecmwf-ens-gefs-icon-eps\/","og_locale":"en_US","og_type":"article","og_title":"ECMWF ENS\/ GEFS \/ICON-EPS - M\u00e9t\u00e9orologie Nationale du Cameroun","og_description":"\ud83d\udcca Ensembles et Pr\u00e9visions Probabilistes ECMWF ENS \u2013 Ensemble Prediction System (ECMWF) GEFS \u2013 Global Ensemble Forecast System (NOAA) ICON-EPS \u2013 Ensemble Prediction System (DWD)","og_url":"https:\/\/meteocameroon.gov.cm\/en\/ecmwf-ens-gefs-icon-eps\/","og_site_name":"M\u00e9t\u00e9orologie Nationale du Cameroun","article_modified_time":"2026-01-20T19:04:03+00:00","twitter_card":"summary_large_image","twitter_misc":{"Est. reading time":"1 minute"},"schema":{"@context":"https:\/\/schema.org","@graph":[{"@type":"WebPage","@id":"https:\/\/meteocameroon.gov.cm\/ecmwf-ens-gefs-icon-eps\/","url":"https:\/\/meteocameroon.gov.cm\/ecmwf-ens-gefs-icon-eps\/","name":"ECMWF ENS\/ GEFS \/ICON-EPS - M\u00e9t\u00e9orologie Nationale du Cameroun","isPartOf":{"@id":"https:\/\/meteocameroon.gov.cm\/#website"},"datePublished":"2026-01-20T18:54:05+00:00","dateModified":"2026-01-20T19:04:03+00:00","breadcrumb":{"@id":"https:\/\/meteocameroon.gov.cm\/ecmwf-ens-gefs-icon-eps\/#breadcrumb"},"inLanguage":"en-US","potentialAction":[{"@type":"ReadAction","target":["https:\/\/meteocameroon.gov.cm\/ecmwf-ens-gefs-icon-eps\/"]}]},{"@type":"BreadcrumbList","@id":"https:\/\/meteocameroon.gov.cm\/ecmwf-ens-gefs-icon-eps\/#breadcrumb","itemListElement":[{"@type":"ListItem","position":1,"name":"Accueil","item":"https:\/\/meteocameroon.gov.cm\/"},{"@type":"ListItem","position":2,"name":"ECMWF ENS\/ GEFS \/ICON-EPS"}]},{"@type":"WebSite","@id":"https:\/\/meteocameroon.gov.cm\/#website","url":"https:\/\/meteocameroon.gov.cm\/","name":"M\u00e9t\u00e9orologie Nationale du Cameroun","description":"La m\u00e9t\u00e9o un outils pour le d\u00e9veloppement","publisher":{"@id":"https:\/\/meteocameroon.gov.cm\/#organization"},"potentialAction":[{"@type":"SearchAction","target":{"@type":"EntryPoint","urlTemplate":"https:\/\/meteocameroon.gov.cm\/?s={search_term_string}"},"query-input":{"@type":"PropertyValueSpecification","valueRequired":true,"valueName":"search_term_string"}}],"inLanguage":"en-US"},{"@type":"Organization","@id":"https:\/\/meteocameroon.gov.cm\/#organization","name":"M\u00e9t\u00e9orologie Nationale du Cameroun","url":"https:\/\/meteocameroon.gov.cm\/","logo":{"@type":"ImageObject","inLanguage":"en-US","@id":"https:\/\/meteocameroon.gov.cm\/#\/schema\/logo\/image\/","url":"https:\/\/meteocameroon.gov.cm\/wp-content\/uploads\/2022\/06\/Artboard-14x-renew.jpg","contentUrl":"https:\/\/meteocameroon.gov.cm\/wp-content\/uploads\/2022\/06\/Artboard-14x-renew.jpg","width":519,"height":504,"caption":"M\u00e9t\u00e9orologie Nationale du Cameroun"},"image":{"@id":"https:\/\/meteocameroon.gov.cm\/#\/schema\/logo\/image\/"}}]}},"rttpg_featured_image_url":null,"rttpg_author":{"display_name":"superadmin","author_link":"https:\/\/meteocameroon.gov.cm\/en\/author\/superadmin\/"},"rttpg_comment":0,"rttpg_category":null,"rttpg_excerpt":"\ud83d\udcca Ensembles et Pr\u00e9visions Probabilistes ECMWF ENS \u2013 Ensemble Prediction System (ECMWF) GEFS \u2013 Global Ensemble Forecast System (NOAA) ICON-EPS \u2013 Ensemble Prediction System (DWD)","_links":{"self":[{"href":"https:\/\/meteocameroon.gov.cm\/en\/wp-json\/wp\/v2\/pages\/5120","targetHints":{"allow":["GET"]}}],"collection":[{"href":"https:\/\/meteocameroon.gov.cm\/en\/wp-json\/wp\/v2\/pages"}],"about":[{"href":"https:\/\/meteocameroon.gov.cm\/en\/wp-json\/wp\/v2\/types\/page"}],"author":[{"embeddable":true,"href":"https:\/\/meteocameroon.gov.cm\/en\/wp-json\/wp\/v2\/users\/1"}],"replies":[{"embeddable":true,"href":"https:\/\/meteocameroon.gov.cm\/en\/wp-json\/wp\/v2\/comments?post=5120"}],"version-history":[{"count":3,"href":"https:\/\/meteocameroon.gov.cm\/en\/wp-json\/wp\/v2\/pages\/5120\/revisions"}],"predecessor-version":[{"id":5125,"href":"https:\/\/meteocameroon.gov.cm\/en\/wp-json\/wp\/v2\/pages\/5120\/revisions\/5125"}],"wp:attachment":[{"href":"https:\/\/meteocameroon.gov.cm\/en\/wp-json\/wp\/v2\/media?parent=5120"}],"curies":[{"name":"wp","href":"https:\/\/api.w.org\/{rel}","templated":true}]}}