{"id":998,"date":"2022-03-19T11:07:10","date_gmt":"2022-03-19T10:07:10","guid":{"rendered":"https:\/\/meteocameroon.gov.cm\/?page_id=998"},"modified":"2022-04-19T13:34:42","modified_gmt":"2022-04-19T11:34:42","slug":"ecole-de-formation","status":"publish","type":"page","link":"https:\/\/meteocameroon.gov.cm\/en\/ecole-de-formation\/","title":{"rendered":"Training School"},"content":{"rendered":"<div class=\"vc_row wpb_row vc_row-fluid sigma-bg-color-transparent sigma-background-position-left-top sigma-title-color-default\"><div class=\"wpb_column vc_column_container vc_col-sm-12 sigma-bg-color-transparent sigma-background-position-left-top sigma-title-color-default\"><div class=\"vc_column-inner\"><div class=\"wpb_wrapper\">\r\n\t\t<div  class=\"sigma_custom_heading_wrapper sigma-custom-heading-1732930660 sigma-shortcode-wrapper custom-heading-style-6 text-center  vc_custom_1649774836512\">\r\r\n\t\t\t<div class=\"section-title sigma-custom-heading-wrapper\">\r\n\t\t\t<div class=\"sigma-heading-subtitle-wrapper\">\r\n\t\t\t<p class=\"heading-subtitle\">\r\n      <span><\/span>\r\n\t\t\t\tMeteorological study ?          <span><\/span>\r\n  \t\t\t<\/p>\r\n\t\t<\/div>\r\n\t\t\t\t<div class=\"sigma-heading-title-wrapper\">\r\n\t\t\t<h3 class=\"heading-title text-uppercase\">\r\n\t\t\t\tNos Ecoles\t\t\t<\/h3>\r\n\t\t<\/div>\r\n\t\t<\/div>\r\n\r\n\t\t<\/div>\r\r\n\t\t<\/div><\/div><\/div><div class=\"wpb_column vc_column_container vc_col-sm-12 sigma-bg-color-transparent sigma-background-position-left-top sigma-title-color-default\"><div class=\"vc_column-inner\"><div class=\"wpb_wrapper\">\n\t<div class=\"wpb_text_column wpb_content_element  vc_custom_1650368014551\" >\n\t\t<div class=\"wpb_wrapper\">\n\t\t\t<div class=\"wp-block-group alignfull ext-my-0 ext\">\n<div class=\"wp-block-media-text alignwide is-stacked-on-mobile ext-py-lg ext\">\n<figure class=\"wp-block-media-text__media\"><img decoding=\"async\" src=\"https:\/\/actucameroun.com\/wp-content\/uploads\/2018\/07\/cameroun_la_toute_premiere_p_1527776526_polytech-maroua_31072018_otric_1213_ns_700_cameroon-info-p-net_800xm9x-800x480.jpg\" alt=\"Cameroun: La toute premi\u00e8re promotion de l'Ecole nationale sup\u00e9rieure polytechnique de Maroua livre 771 ing\u00e9nieurs\" \/><\/figure>\n<div class=\"wp-block-media-text__content is-layout-flow wp-block-cover-is-layout-flow\">\n<h2 id=\"a-second-heading\" class=\"has-ext-large-font-size ext-mt-base tablet:ext-mt-0 wp-block-heading\">National Advanced School of Engineering, Maroua<\/h2>\n<p><\/p>\n<p id=\"a-second-heading\">Whether you need personal legal help or corporate, we are your reliable choice for all types of legal assistance.<\/p>\n<p><\/p>\n<div class=\"wp-block-buttons is-layout-flex wp-block-buttons-is-layout-flex\">\n<div class=\"wp-block-button\"><a class=\"wp-block-button__link\" href=\"\/en\/ecole-national-superieur-polytechnique-de-maroua\/\">Read more<\/a><\/div>\n<\/div>\n<\/div>\n<\/div>\n<\/div>\n<p><!-- \/wp:post-content --><br \/><!-- wp:paragraph \/--><\/p>\n\n\t\t<\/div>\n\t<\/div>\n<\/div><\/div><\/div><\/div><div class=\"vc_row wpb_row vc_row-fluid sigma-bg-color-transparent sigma-background-position-left-top sigma-title-color-default\"><div class=\"wpb_column vc_column_container vc_col-sm-12 sigma-bg-color-transparent sigma-background-position-left-top sigma-title-color-default\"><div class=\"vc_column-inner\"><div class=\"wpb_wrapper\">\n\t<div class=\"wpb_text_column wpb_content_element  vc_custom_1650368093457\" >\n\t\t<div class=\"wpb_wrapper\">\n\t\t\t<p><!-- wp:cover {\"url\":\"https:\/\/meteocameroon.gov.cm\/wp-content\/uploads\/2022\/03\/images-1.jpg\",\"id\":822,\"dimRatio\":50,\"extUtilities\":&#091;&#093;} --><\/p>\n<div class=\"wp-block-group alignfull ext-my-0 ext\">\n<div class=\"wp-block-media-text alignwide is-stacked-on-mobile ext-py-lg ext\">\n<figure class=\"wp-block-media-text__media\"><img decoding=\"async\" src=\"http:\/\/www.investiraucameroun.com\/media\/k2\/items\/cache\/1085b4bd21ffae77dfae0aeba4559b95_L.jpg\" alt=\"Au Cameroun, l'Autorit\u00e9 a\u00e9ronautique sollicite Polytech pour le recyclage des carcasses des a\u00e9ronefs - Investir au Cameroun\" \/><\/figure>\n<div class=\"wp-block-media-text__content\"><!-- wp:heading {\"fontSize\":\"ext-large\",\"extUtilities\":&#091;\"ext-mt-base\",\"tablet:ext-mt-0\"&#093;} --><\/p>\n<h2 id=\"a-second-heading\" class=\"has-ext-large-font-size ext-mt-base tablet:ext-mt-0\">National Advanced School of Engineering, Yaounde<\/h2>\n<p><!-- \/wp:heading --><br \/><!-- wp:paragraph --><\/p>\n<p id=\"a-second-heading\">Whether you need personal legal help or corporate, we are your reliable choice for all types of legal assistance.<\/p>\n<p><!-- \/wp:paragraph --><br \/><!-- wp:buttons --><\/p>\n<div class=\"wp-block-buttons\"><!-- wp:button --><\/p>\n<div class=\"wp-block-button\"><a class=\"wp-block-button__link\" href=\"\/en\/ecole-national-superieur-polytechnique-de-yaounde\/\">Read more<\/a><\/div>\n<p><!-- \/wp:button --><\/div>\n<p><!-- \/wp:buttons --><\/div>\n<\/div>\n<p><!-- \/wp:cover --><\/div>\n<p><!-- \/wp:group --><br \/><!-- wp:paragraph --><!-- \/wp:paragraph --><\/p>\n\n\t\t<\/div>\n\t<\/div>\n<\/div><\/div><\/div><\/div><div class=\"vc_row wpb_row vc_row-fluid sigma-bg-color-transparent sigma-background-position-left-top sigma-title-color-default\"><div class=\"wpb_column vc_column_container vc_col-sm-12 sigma-bg-color-transparent sigma-background-position-left-top sigma-title-color-default\"><div class=\"vc_column-inner\"><div class=\"wpb_wrapper\"><div class=\"vc_empty_space\"   style=\"height: 50px\"><span class=\"vc_empty_space_inner\"><\/span><\/div><\/div><\/div><\/div><\/div>","protected":false},"excerpt":{"rendered":"DES ETUDES EN METEOROLOGIE ? Nos Ecoles Ecole Nationale Sup\u00e9rieure Polytechnique de Maroua Whether you need personal legal help or corporate, we are your reliable choice for all types of [...]","protected":false},"author":1,"featured_media":0,"parent":0,"menu_order":0,"comment_status":"closed","ping_status":"closed","template":"","meta":{"footnotes":""},"class_list":["post-998","page","type-page","status-publish","hentry"],"yoast_head":"<!-- This site is optimized with the Yoast SEO plugin v26.8 - https:\/\/yoast.com\/product\/yoast-seo-wordpress\/ -->\n<title>Ecole de formation - M\u00e9t\u00e9orologie Nationale du Cameroun<\/title>\n<meta name=\"robots\" content=\"index, follow, max-snippet:-1, max-image-preview:large, max-video-preview:-1\" \/>\n<link rel=\"canonical\" href=\"https:\/\/meteocameroon.gov.cm\/en\/ecole-de-formation\/\" \/>\n<meta property=\"og:locale\" content=\"en_US\" \/>\n<meta property=\"og:type\" content=\"article\" \/>\n<meta property=\"og:title\" content=\"Ecole de formation - M\u00e9t\u00e9orologie Nationale du Cameroun\" \/>\n<meta property=\"og:url\" content=\"https:\/\/meteocameroon.gov.cm\/en\/ecole-de-formation\/\" \/>\n<meta property=\"og:site_name\" content=\"M\u00e9t\u00e9orologie Nationale du Cameroun\" \/>\n<meta property=\"article:modified_time\" content=\"2022-04-19T11:34:42+00:00\" \/>\n<meta property=\"og:image\" content=\"https:\/\/actucameroun.com\/wp-content\/uploads\/2018\/07\/cameroun_la_toute_premiere_p_1527776526_polytech-maroua_31072018_otric_1213_ns_700_cameroon-info-p-net_800xm9x-800x480.jpg\" \/>\n<meta name=\"twitter:card\" content=\"summary_large_image\" \/>\n<meta name=\"twitter:label1\" content=\"Est. reading time\" \/>\n\t<meta name=\"twitter:data1\" content=\"1 minute\" \/>\n<script type=\"application\/ld+json\" class=\"yoast-schema-graph\">{\"@context\":\"https:\/\/schema.org\",\"@graph\":[{\"@type\":\"WebPage\",\"@id\":\"https:\/\/meteocameroon.gov.cm\/ecole-de-formation\/\",\"url\":\"https:\/\/meteocameroon.gov.cm\/ecole-de-formation\/\",\"name\":\"Ecole de formation - M\u00e9t\u00e9orologie Nationale du Cameroun\",\"isPartOf\":{\"@id\":\"https:\/\/meteocameroon.gov.cm\/#website\"},\"primaryImageOfPage\":{\"@id\":\"https:\/\/meteocameroon.gov.cm\/ecole-de-formation\/#primaryimage\"},\"image\":{\"@id\":\"https:\/\/meteocameroon.gov.cm\/ecole-de-formation\/#primaryimage\"},\"thumbnailUrl\":\"https:\/\/actucameroun.com\/wp-content\/uploads\/2018\/07\/cameroun_la_toute_premiere_p_1527776526_polytech-maroua_31072018_otric_1213_ns_700_cameroon-info-p-net_800xm9x-800x480.jpg\",\"datePublished\":\"2022-03-19T10:07:10+00:00\",\"dateModified\":\"2022-04-19T11:34:42+00:00\",\"breadcrumb\":{\"@id\":\"https:\/\/meteocameroon.gov.cm\/ecole-de-formation\/#breadcrumb\"},\"inLanguage\":\"en-US\",\"potentialAction\":[{\"@type\":\"ReadAction\",\"target\":[\"https:\/\/meteocameroon.gov.cm\/ecole-de-formation\/\"]}]},{\"@type\":\"ImageObject\",\"inLanguage\":\"en-US\",\"@id\":\"https:\/\/meteocameroon.gov.cm\/ecole-de-formation\/#primaryimage\",\"url\":\"https:\/\/actucameroun.com\/wp-content\/uploads\/2018\/07\/cameroun_la_toute_premiere_p_1527776526_polytech-maroua_31072018_otric_1213_ns_700_cameroon-info-p-net_800xm9x-800x480.jpg\",\"contentUrl\":\"https:\/\/actucameroun.com\/wp-content\/uploads\/2018\/07\/cameroun_la_toute_premiere_p_1527776526_polytech-maroua_31072018_otric_1213_ns_700_cameroon-info-p-net_800xm9x-800x480.jpg\"},{\"@type\":\"BreadcrumbList\",\"@id\":\"https:\/\/meteocameroon.gov.cm\/ecole-de-formation\/#breadcrumb\",\"itemListElement\":[{\"@type\":\"ListItem\",\"position\":1,\"name\":\"Accueil\",\"item\":\"https:\/\/meteocameroon.gov.cm\/\"},{\"@type\":\"ListItem\",\"position\":2,\"name\":\"Ecole de formation\"}]},{\"@type\":\"WebSite\",\"@id\":\"https:\/\/meteocameroon.gov.cm\/#website\",\"url\":\"https:\/\/meteocameroon.gov.cm\/\",\"name\":\"M\u00e9t\u00e9orologie Nationale du Cameroun\",\"description\":\"La m\u00e9t\u00e9o un outils pour le d\u00e9veloppement\",\"publisher\":{\"@id\":\"https:\/\/meteocameroon.gov.cm\/#organization\"},\"potentialAction\":[{\"@type\":\"SearchAction\",\"target\":{\"@type\":\"EntryPoint\",\"urlTemplate\":\"https:\/\/meteocameroon.gov.cm\/?s={search_term_string}\"},\"query-input\":{\"@type\":\"PropertyValueSpecification\",\"valueRequired\":true,\"valueName\":\"search_term_string\"}}],\"inLanguage\":\"en-US\"},{\"@type\":\"Organization\",\"@id\":\"https:\/\/meteocameroon.gov.cm\/#organization\",\"name\":\"M\u00e9t\u00e9orologie Nationale du Cameroun\",\"url\":\"https:\/\/meteocameroon.gov.cm\/\",\"logo\":{\"@type\":\"ImageObject\",\"inLanguage\":\"en-US\",\"@id\":\"https:\/\/meteocameroon.gov.cm\/#\/schema\/logo\/image\/\",\"url\":\"https:\/\/meteocameroon.gov.cm\/wp-content\/uploads\/2022\/06\/Artboard-14x-renew.jpg\",\"contentUrl\":\"https:\/\/meteocameroon.gov.cm\/wp-content\/uploads\/2022\/06\/Artboard-14x-renew.jpg\",\"width\":519,\"height\":504,\"caption\":\"M\u00e9t\u00e9orologie Nationale du Cameroun\"},\"image\":{\"@id\":\"https:\/\/meteocameroon.gov.cm\/#\/schema\/logo\/image\/\"}}]}<\/script>\n<!-- \/ Yoast SEO plugin. -->","yoast_head_json":{"title":"Ecole de formation - M\u00e9t\u00e9orologie Nationale du Cameroun","robots":{"index":"index","follow":"follow","max-snippet":"max-snippet:-1","max-image-preview":"max-image-preview:large","max-video-preview":"max-video-preview:-1"},"canonical":"https:\/\/meteocameroon.gov.cm\/en\/ecole-de-formation\/","og_locale":"en_US","og_type":"article","og_title":"Ecole de formation - M\u00e9t\u00e9orologie Nationale du Cameroun","og_url":"https:\/\/meteocameroon.gov.cm\/en\/ecole-de-formation\/","og_site_name":"M\u00e9t\u00e9orologie Nationale du Cameroun","article_modified_time":"2022-04-19T11:34:42+00:00","og_image":[{"url":"https:\/\/actucameroun.com\/wp-content\/uploads\/2018\/07\/cameroun_la_toute_premiere_p_1527776526_polytech-maroua_31072018_otric_1213_ns_700_cameroon-info-p-net_800xm9x-800x480.jpg","type":"","width":"","height":""}],"twitter_card":"summary_large_image","twitter_misc":{"Est. reading time":"1 minute"},"schema":{"@context":"https:\/\/schema.org","@graph":[{"@type":"WebPage","@id":"https:\/\/meteocameroon.gov.cm\/ecole-de-formation\/","url":"https:\/\/meteocameroon.gov.cm\/ecole-de-formation\/","name":"Ecole de formation - M\u00e9t\u00e9orologie Nationale du Cameroun","isPartOf":{"@id":"https:\/\/meteocameroon.gov.cm\/#website"},"primaryImageOfPage":{"@id":"https:\/\/meteocameroon.gov.cm\/ecole-de-formation\/#primaryimage"},"image":{"@id":"https:\/\/meteocameroon.gov.cm\/ecole-de-formation\/#primaryimage"},"thumbnailUrl":"https:\/\/actucameroun.com\/wp-content\/uploads\/2018\/07\/cameroun_la_toute_premiere_p_1527776526_polytech-maroua_31072018_otric_1213_ns_700_cameroon-info-p-net_800xm9x-800x480.jpg","datePublished":"2022-03-19T10:07:10+00:00","dateModified":"2022-04-19T11:34:42+00:00","breadcrumb":{"@id":"https:\/\/meteocameroon.gov.cm\/ecole-de-formation\/#breadcrumb"},"inLanguage":"en-US","potentialAction":[{"@type":"ReadAction","target":["https:\/\/meteocameroon.gov.cm\/ecole-de-formation\/"]}]},{"@type":"ImageObject","inLanguage":"en-US","@id":"https:\/\/meteocameroon.gov.cm\/ecole-de-formation\/#primaryimage","url":"https:\/\/actucameroun.com\/wp-content\/uploads\/2018\/07\/cameroun_la_toute_premiere_p_1527776526_polytech-maroua_31072018_otric_1213_ns_700_cameroon-info-p-net_800xm9x-800x480.jpg","contentUrl":"https:\/\/actucameroun.com\/wp-content\/uploads\/2018\/07\/cameroun_la_toute_premiere_p_1527776526_polytech-maroua_31072018_otric_1213_ns_700_cameroon-info-p-net_800xm9x-800x480.jpg"},{"@type":"BreadcrumbList","@id":"https:\/\/meteocameroon.gov.cm\/ecole-de-formation\/#breadcrumb","itemListElement":[{"@type":"ListItem","position":1,"name":"Accueil","item":"https:\/\/meteocameroon.gov.cm\/"},{"@type":"ListItem","position":2,"name":"Ecole de formation"}]},{"@type":"WebSite","@id":"https:\/\/meteocameroon.gov.cm\/#website","url":"https:\/\/meteocameroon.gov.cm\/","name":"M\u00e9t\u00e9orologie Nationale du Cameroun","description":"La m\u00e9t\u00e9o un outils pour le d\u00e9veloppement","publisher":{"@id":"https:\/\/meteocameroon.gov.cm\/#organization"},"potentialAction":[{"@type":"SearchAction","target":{"@type":"EntryPoint","urlTemplate":"https:\/\/meteocameroon.gov.cm\/?s={search_term_string}"},"query-input":{"@type":"PropertyValueSpecification","valueRequired":true,"valueName":"search_term_string"}}],"inLanguage":"en-US"},{"@type":"Organization","@id":"https:\/\/meteocameroon.gov.cm\/#organization","name":"M\u00e9t\u00e9orologie Nationale du Cameroun","url":"https:\/\/meteocameroon.gov.cm\/","logo":{"@type":"ImageObject","inLanguage":"en-US","@id":"https:\/\/meteocameroon.gov.cm\/#\/schema\/logo\/image\/","url":"https:\/\/meteocameroon.gov.cm\/wp-content\/uploads\/2022\/06\/Artboard-14x-renew.jpg","contentUrl":"https:\/\/meteocameroon.gov.cm\/wp-content\/uploads\/2022\/06\/Artboard-14x-renew.jpg","width":519,"height":504,"caption":"M\u00e9t\u00e9orologie Nationale du Cameroun"},"image":{"@id":"https:\/\/meteocameroon.gov.cm\/#\/schema\/logo\/image\/"}}]}},"rttpg_featured_image_url":null,"rttpg_author":{"display_name":"superadmin","author_link":"https:\/\/meteocameroon.gov.cm\/en\/author\/superadmin\/"},"rttpg_comment":0,"rttpg_category":null,"rttpg_excerpt":null,"_links":{"self":[{"href":"https:\/\/meteocameroon.gov.cm\/en\/wp-json\/wp\/v2\/pages\/998","targetHints":{"allow":["GET"]}}],"collection":[{"href":"https:\/\/meteocameroon.gov.cm\/en\/wp-json\/wp\/v2\/pages"}],"about":[{"href":"https:\/\/meteocameroon.gov.cm\/en\/wp-json\/wp\/v2\/types\/page"}],"author":[{"embeddable":true,"href":"https:\/\/meteocameroon.gov.cm\/en\/wp-json\/wp\/v2\/users\/1"}],"replies":[{"embeddable":true,"href":"https:\/\/meteocameroon.gov.cm\/en\/wp-json\/wp\/v2\/comments?post=998"}],"version-history":[{"count":17,"href":"https:\/\/meteocameroon.gov.cm\/en\/wp-json\/wp\/v2\/pages\/998\/revisions"}],"predecessor-version":[{"id":1473,"href":"https:\/\/meteocameroon.gov.cm\/en\/wp-json\/wp\/v2\/pages\/998\/revisions\/1473"}],"wp:attachment":[{"href":"https:\/\/meteocameroon.gov.cm\/en\/wp-json\/wp\/v2\/media?parent=998"}],"curies":[{"name":"wp","href":"https:\/\/api.w.org\/{rel}","templated":true}]}}